{"id":42611,"date":"2025-04-10T12:11:39","date_gmt":"2025-04-10T10:11:39","guid":{"rendered":"https:\/\/myspainfood.com\/producto\/przene-novozelandske-dagnje-u-marinadi-7-10-komada-portonovo\/"},"modified":"2025-04-10T12:11:39","modified_gmt":"2025-04-10T10:11:39","slug":"przene-novozelandske-dagnje-u-marinadi-7-10-komada-portonovo","status":"publish","type":"product","link":"https:\/\/myspainfood.com\/hr\/producto\/przene-novozelandske-dagnje-u-marinadi-7-10-komada-portonovo\/","title":{"rendered":"Pr\u017eene novozelandske dagnje u marinadi 7-10 komada Portonovo"},"content":{"rendered":"<p>Kuhano i pr\u017eeno u suncokretovom ulju. Bisus se vadi ru\u010dno i pakira jedan po jedan. Uz to dolazi jedinstvena marinada napravljena od potpuno prirodnih sastojaka. Sastojci: novozelandske dagnje, marinada (suncokretovo ulje, crveni vinski ocat, voda, prirodne arome, za\u010dini i sol).   <\/p>\n","protected":false},"excerpt":{"rendered":"<p>Kuhano i pr\u017eeno u suncokretovom ulju. Bisus se vadi ru\u010dno i pakira jedan po jedan. Uz to dolazi jedinstvena marinada napravljena od potpuno prirodnih sastojaka. Sastojci: novozelandske dagnje, marinada (suncokretovo ulje, crveni vinski ocat, voda, prirodne arome, za\u010dini i sol).<\/p>\n","protected":false},"featured_media":42618,"template":"","meta":{"_et_pb_use_builder":"","_et_pb_old_content":"","_et_gb_content_width":""},"product_brand":[1428],"product_cat":[4051,1917],"product_tag":[],"class_list":{"0":"post-42611","1":"product","2":"type-product","3":"status-publish","4":"has-post-thumbnail","6":"product_brand-portonovo","7":"product_cat-dagnje","8":"product_cat-konzerve","10":"first","11":"instock","12":"taxable","13":"shipping-taxable","14":"purchasable","15":"product-type-variable"},"_links":{"self":[{"href":"https:\/\/myspainfood.com\/hr\/wp-json\/wp\/v2\/product\/42611","targetHints":{"allow":["GET"]}}],"collection":[{"href":"https:\/\/myspainfood.com\/hr\/wp-json\/wp\/v2\/product"}],"about":[{"href":"https:\/\/myspainfood.com\/hr\/wp-json\/wp\/v2\/types\/product"}],"wp:featuredmedia":[{"embeddable":true,"href":"https:\/\/myspainfood.com\/hr\/wp-json\/wp\/v2\/media\/42618"}],"wp:attachment":[{"href":"https:\/\/myspainfood.com\/hr\/wp-json\/wp\/v2\/media?parent=42611"}],"wp:term":[{"taxonomy":"product_brand","embeddable":true,"href":"https:\/\/myspainfood.com\/hr\/wp-json\/wp\/v2\/product_brand?post=42611"},{"taxonomy":"product_cat","embeddable":true,"href":"https:\/\/myspainfood.com\/hr\/wp-json\/wp\/v2\/product_cat?post=42611"},{"taxonomy":"product_tag","embeddable":true,"href":"https:\/\/myspainfood.com\/hr\/wp-json\/wp\/v2\/product_tag?post=42611"}],"curies":[{"name":"wp","href":"https:\/\/api.w.org\/{rel}","templated":true}]}}