{"id":42662,"date":"2025-04-10T12:11:42","date_gmt":"2025-04-10T10:11:42","guid":{"rendered":"https:\/\/myspainfood.com\/producto\/nabeel-nafisah-slatkisi-slatka-baklava-damask-sirija-150-gr\/"},"modified":"2025-04-10T12:11:42","modified_gmt":"2025-04-10T10:11:42","slug":"nabeel-nafisah-slatkisi-slatka-baklava-damask-sirija-150-gr","status":"publish","type":"product","link":"https:\/\/myspainfood.com\/hr\/producto\/nabeel-nafisah-slatkisi-slatka-baklava-damask-sirija-150-gr\/","title":{"rendered":"Nabeel Nafisah Slatki\u0161i Slatka Baklava Damask Sirija 150 gr"},"content":{"rendered":"","protected":false},"excerpt":{"rendered":"<p>Baklava, slojevito tijesto filo, punjeno sjeckanim orasima i preliveno gheejem i \u0161e\u0107ernim sirupom. To je hrskavi slatki\u0161, najpopularniji me\u0111u Arapima i mediteranskim stanovni\u0161tvom. To je kombinacija razli\u010ditih vrsta baklave aran\u017eiranih i organiziranih u posebnom orijentalnom dizajnu.  <\/p>\n","protected":false},"featured_media":42666,"template":"","meta":{"_et_pb_use_builder":"","_et_pb_old_content":"","_et_gb_content_width":""},"product_brand":[1453],"product_cat":[7792,1917],"product_tag":[],"class_list":{"0":"post-42662","1":"product","2":"type-product","3":"status-publish","4":"has-post-thumbnail","6":"product_brand-nabeel-nafisah","7":"product_cat-bozicni-specijal","8":"product_cat-konzerve","10":"first","11":"outofstock","12":"taxable","13":"shipping-taxable","14":"purchasable","15":"product-type-simple"},"_links":{"self":[{"href":"https:\/\/myspainfood.com\/hr\/wp-json\/wp\/v2\/product\/42662","targetHints":{"allow":["GET"]}}],"collection":[{"href":"https:\/\/myspainfood.com\/hr\/wp-json\/wp\/v2\/product"}],"about":[{"href":"https:\/\/myspainfood.com\/hr\/wp-json\/wp\/v2\/types\/product"}],"wp:featuredmedia":[{"embeddable":true,"href":"https:\/\/myspainfood.com\/hr\/wp-json\/wp\/v2\/media\/42666"}],"wp:attachment":[{"href":"https:\/\/myspainfood.com\/hr\/wp-json\/wp\/v2\/media?parent=42662"}],"wp:term":[{"taxonomy":"product_brand","embeddable":true,"href":"https:\/\/myspainfood.com\/hr\/wp-json\/wp\/v2\/product_brand?post=42662"},{"taxonomy":"product_cat","embeddable":true,"href":"https:\/\/myspainfood.com\/hr\/wp-json\/wp\/v2\/product_cat?post=42662"},{"taxonomy":"product_tag","embeddable":true,"href":"https:\/\/myspainfood.com\/hr\/wp-json\/wp\/v2\/product_tag?post=42662"}],"curies":[{"name":"wp","href":"https:\/\/api.w.org\/{rel}","templated":true}]}}