{"id":42779,"date":"2025-04-10T12:12:05","date_gmt":"2025-04-10T10:12:05","guid":{"rendered":"https:\/\/myspainfood.com\/producto\/senorio-de-nava-ribera-del-duero-2022-75-cl\/"},"modified":"2026-01-29T12:41:02","modified_gmt":"2026-01-29T11:41:02","slug":"senorio-de-nava-ribera-del-duero-2022-75-cl","status":"publish","type":"product","link":"https:\/\/myspainfood.com\/hr\/producto\/senorio-de-nava-ribera-del-duero-2022-75-cl\/","title":{"rendered":"Se\u00f1or\u00edo De Nava Ribera Del Duero 2022. 75 cl"},"content":{"rendered":"<p>Otkrijte autenti\u010dni okus Ribere del Duero uz Se\u00f1or\u00edo De Nava! Ovo presti\u017eno vino, s oznakom izvornosti Ribera del Duero, obuhva\u0107a samu bit ove poznate \u0161panjolske vinske regije. <\/p>\n<p>Se\u00f1or\u00edo De Nava Ribera Del Duero rezultat je pa\u017eljivog odabira gro\u017e\u0111a Tempranillo, simboli\u010dne sorte regije, uzgojene u privilegiranim vinogradima okupanim suncem doline rijeke Duero. Uz kontroliranu fermentaciju i pedantan proces odle\u017eavanja u hrastovim ba\u010dvama, ovo vino odlikuje se slo\u017eenim karakterom i iznimnom ravnote\u017eom. <\/p>\n<p>Na nepcu se razvijaju intenzivne note zrelog vo\u0107a, uz suptilne naznake hrasta i dobro definiranu strukturu koja kulminira dugim i zadovoljavaju\u0107im zavr\u0161etkom. Se\u00f1or\u00edo De Nava Ribera Del Duero savr\u0161en je pratitelj za posebne trenutke, od elegantnih ve\u010dera do neformalnih dru\u017eenja s prijateljima. <\/p>\n<p>Prepustite se eleganciji i tradiciji Ribere del Duero sa svakim gutljajem Se\u00f1or\u00edo De Nava. U\u017eivajte u enolo\u0161koj izvrsnosti jedne od najistaknutijih vinskih regija \u0160panjolske. U\u010dinite svaku prigodu nezaboravnom uz ovo izvrsno vino!  <\/p>\n","protected":false},"excerpt":{"rendered":"<p>Se\u00f1or\u00edo De Nava Ribera Del Duero rezultat je pa\u017eljivog odabira gro\u017e\u0111a Tempranillo, simboli\u010dne sorte regije, uzgojene u privilegiranim vinogradima okupanim suncem doline rijeke Duero. Uz kontroliranu fermentaciju i pedantan proces odle\u017eavanja u hrastovim ba\u010dvama, ovo vino odlikuje se slo\u017eenim karakterom i iznimnom ravnote\u017eom. <\/p>\n","protected":false},"featured_media":42782,"template":"","meta":{"_et_pb_use_builder":"","_et_pb_old_content":"","_et_gb_content_width":""},"product_brand":[1224],"product_cat":[4920,4919],"product_tag":[],"class_list":{"0":"post-42779","1":"product","2":"type-product","3":"status-publish","4":"has-post-thumbnail","6":"product_brand-senorio-de-nava","7":"product_cat-dosao","8":"product_cat-pica","10":"first","11":"outofstock","12":"taxable","13":"shipping-taxable","14":"product-type-variable"},"_links":{"self":[{"href":"https:\/\/myspainfood.com\/hr\/wp-json\/wp\/v2\/product\/42779","targetHints":{"allow":["GET"]}}],"collection":[{"href":"https:\/\/myspainfood.com\/hr\/wp-json\/wp\/v2\/product"}],"about":[{"href":"https:\/\/myspainfood.com\/hr\/wp-json\/wp\/v2\/types\/product"}],"wp:featuredmedia":[{"embeddable":true,"href":"https:\/\/myspainfood.com\/hr\/wp-json\/wp\/v2\/media\/42782"}],"wp:attachment":[{"href":"https:\/\/myspainfood.com\/hr\/wp-json\/wp\/v2\/media?parent=42779"}],"wp:term":[{"taxonomy":"product_brand","embeddable":true,"href":"https:\/\/myspainfood.com\/hr\/wp-json\/wp\/v2\/product_brand?post=42779"},{"taxonomy":"product_cat","embeddable":true,"href":"https:\/\/myspainfood.com\/hr\/wp-json\/wp\/v2\/product_cat?post=42779"},{"taxonomy":"product_tag","embeddable":true,"href":"https:\/\/myspainfood.com\/hr\/wp-json\/wp\/v2\/product_tag?post=42779"}],"curies":[{"name":"wp","href":"https:\/\/api.w.org\/{rel}","templated":true}]}}