{"id":43069,"date":"2025-04-10T12:11:27","date_gmt":"2025-04-10T10:11:27","guid":{"rendered":"https:\/\/myspainfood.com\/producto\/krofne-od-vina-i-badema-vrecica-od-300-grama-la-ponderosa\/"},"modified":"2025-04-10T12:11:27","modified_gmt":"2025-04-10T10:11:27","slug":"krofne-od-vina-i-badema-vrecica-od-300-grama-la-ponderosa","status":"publish","type":"product","link":"https:\/\/myspainfood.com\/hr\/producto\/krofne-od-vina-i-badema-vrecica-od-300-grama-la-ponderosa\/","title":{"rendered":"Krofne od vina i badema, vre\u0107ica od 300 grama, La Ponderosa"},"content":{"rendered":"<p>Krafne od vina i badema su mje\u0161avina proizvoda \u010diji okus i glatka tekstura \u010dine ga tradicionalnim proizvodom koji zadovoljava i najzahtjevnije nepce.<\/p>\n<p>Sastojci<\/p>\n<p>P\u0161eni\u010dno bra\u0161no, iberijska svinjska mast (antioksidans: E-320), \u0161e\u0107er, vino (sadr\u017ei sulfite) (12%), badem (5%), matalah\u00fava, cimet, sjemenke sezama, aroma anisa i aroma limuna. Mo\u017ee sadr\u017eavati tragove kikirikija. <\/p>\n<p>Alergeni<\/p>\n<p>Sadr\u017ei gluten, ora\u0161aste plodove, sezam i sulfite. Mo\u017ee sadr\u017eavati tragove kikirikija. <\/p>\n","protected":false},"excerpt":{"rendered":"<p>Krafne od vina i badema su mje\u0161avina proizvoda \u010diji okus i glatka tekstura \u010dine ga tradicionalnim proizvodom koji zadovoljava i najzahtjevnije nepce. Sastojci P\u0161eni\u010dno bra\u0161no, iberijska svinjska mast (antioksidans: E-320), \u0161e\u0107er, vino (sadr\u017ei sulfite) (12%), badem (5%), matalah\u00fava, cimet, sjemenke sezama, aroma anisa i aroma limuna. Mo\u017ee sadr\u017eavati tragove kikirikija. Alergeni Sadr\u017ei gluten, ora\u0161aste plodove, [&hellip;]<\/p>\n","protected":false},"featured_media":43075,"template":"","meta":{"_et_pb_use_builder":"","_et_pb_old_content":"","_et_gb_content_width":""},"product_brand":[1417],"product_cat":[7792,1917],"product_tag":[],"class_list":{"0":"post-43069","1":"product","2":"type-product","3":"status-publish","4":"has-post-thumbnail","6":"product_brand-la-ponderosa","7":"product_cat-bozicni-specijal","8":"product_cat-konzerve","10":"first","11":"outofstock","12":"taxable","13":"shipping-taxable","14":"product-type-variable"},"_links":{"self":[{"href":"https:\/\/myspainfood.com\/hr\/wp-json\/wp\/v2\/product\/43069","targetHints":{"allow":["GET"]}}],"collection":[{"href":"https:\/\/myspainfood.com\/hr\/wp-json\/wp\/v2\/product"}],"about":[{"href":"https:\/\/myspainfood.com\/hr\/wp-json\/wp\/v2\/types\/product"}],"wp:featuredmedia":[{"embeddable":true,"href":"https:\/\/myspainfood.com\/hr\/wp-json\/wp\/v2\/media\/43075"}],"wp:attachment":[{"href":"https:\/\/myspainfood.com\/hr\/wp-json\/wp\/v2\/media?parent=43069"}],"wp:term":[{"taxonomy":"product_brand","embeddable":true,"href":"https:\/\/myspainfood.com\/hr\/wp-json\/wp\/v2\/product_brand?post=43069"},{"taxonomy":"product_cat","embeddable":true,"href":"https:\/\/myspainfood.com\/hr\/wp-json\/wp\/v2\/product_cat?post=43069"},{"taxonomy":"product_tag","embeddable":true,"href":"https:\/\/myspainfood.com\/hr\/wp-json\/wp\/v2\/product_tag?post=43069"}],"curies":[{"name":"wp","href":"https:\/\/api.w.org\/{rel}","templated":true}]}}