{"id":43170,"date":"2025-04-10T12:11:39","date_gmt":"2025-04-10T10:11:39","guid":{"rendered":"https:\/\/myspainfood.com\/producto\/sanmer-crne-biserne-masline-s-kosticom-314-ml\/"},"modified":"2025-04-10T12:11:39","modified_gmt":"2025-04-10T10:11:39","slug":"sanmer-crne-biserne-masline-s-kosticom-314-ml","status":"publish","type":"product","link":"https:\/\/myspainfood.com\/hr\/producto\/sanmer-crne-biserne-masline-s-kosticom-314-ml\/","title":{"rendered":"Sanmer crne biserne masline s ko\u0161ticom 314 ml"},"content":{"rendered":"<p>Intenzivne crne boje s jakim sjajem, so\u010dnim mesom i ugodnom teksturom. Izvrstan prilog svje\u017eim salatama i pizzama, ukusan uz svako lagano jelo <\/p>\n","protected":false},"excerpt":{"rendered":"<p>Intenzivne crne boje s jakim sjajem, so\u010dnim mesom i ugodnom teksturom. Izvrstan prilog svje\u017eim salatama i pizzama, ukusan uz svako lagano jelo<\/p>\n","protected":false},"featured_media":43175,"template":"","meta":{"_et_pb_use_builder":"","_et_pb_old_content":"","_et_gb_content_width":""},"product_brand":[1069,1303],"product_cat":[1791,1792],"product_tag":[7078,2036],"class_list":{"0":"post-43170","1":"product","2":"type-product","3":"status-publish","4":"has-post-thumbnail","6":"product_brand-sangar","7":"product_brand-sanmer","8":"product_cat-kiseli-krastavci","9":"product_cat-masline-hr","10":"product_tag-crna","11":"product_tag-kamilica","13":"first","14":"outofstock","15":"taxable","16":"shipping-taxable","17":"product-type-variable"},"_links":{"self":[{"href":"https:\/\/myspainfood.com\/hr\/wp-json\/wp\/v2\/product\/43170","targetHints":{"allow":["GET"]}}],"collection":[{"href":"https:\/\/myspainfood.com\/hr\/wp-json\/wp\/v2\/product"}],"about":[{"href":"https:\/\/myspainfood.com\/hr\/wp-json\/wp\/v2\/types\/product"}],"wp:featuredmedia":[{"embeddable":true,"href":"https:\/\/myspainfood.com\/hr\/wp-json\/wp\/v2\/media\/43175"}],"wp:attachment":[{"href":"https:\/\/myspainfood.com\/hr\/wp-json\/wp\/v2\/media?parent=43170"}],"wp:term":[{"taxonomy":"product_brand","embeddable":true,"href":"https:\/\/myspainfood.com\/hr\/wp-json\/wp\/v2\/product_brand?post=43170"},{"taxonomy":"product_cat","embeddable":true,"href":"https:\/\/myspainfood.com\/hr\/wp-json\/wp\/v2\/product_cat?post=43170"},{"taxonomy":"product_tag","embeddable":true,"href":"https:\/\/myspainfood.com\/hr\/wp-json\/wp\/v2\/product_tag?post=43170"}],"curies":[{"name":"wp","href":"https:\/\/api.w.org\/{rel}","templated":true}]}}