{"id":43328,"date":"2025-04-10T12:10:50","date_gmt":"2025-04-10T10:10:50","guid":{"rendered":"https:\/\/myspainfood.com\/producto\/dimljeni-incuni-i-pirjana-articoka-35-jedinica\/"},"modified":"2025-06-24T13:05:25","modified_gmt":"2025-06-24T11:05:25","slug":"dimljeni-incuni-i-pirjana-articoka-35-jedinica","status":"publish","type":"product","link":"https:\/\/myspainfood.com\/hr\/producto\/dimljeni-incuni-i-pirjana-articoka-35-jedinica\/","title":{"rendered":"Dimljeni in\u0107uni i pirjana arti\u010doka 35 jedinica"},"content":{"rendered":"<p>Ulje (85% suncokretovo, 15% maslinovo), pe\u010dena arti\u010doka, dimljeni in\u0107un, masline punjene in\u0107unima i crvena paprika.<\/p>\n","protected":false},"excerpt":{"rendered":"<p>Ulje (85% suncokretovo, 15% maslinovo), pe\u010dena arti\u010doka, dimljeni in\u0107un, masline punjene in\u0107unima i crvena paprika.<\/p>\n","protected":false},"featured_media":43332,"template":"","meta":{"_et_pb_use_builder":"","_et_pb_old_content":"","_et_gb_content_width":""},"product_brand":[1277],"product_cat":[1876,2816,1877,1791,1792,1878],"product_tag":[],"class_list":{"0":"post-43328","1":"product","2":"type-product","3":"status-publish","4":"has-post-thumbnail","6":"product_brand-bokeo","7":"product_cat-hladno-hr","8":"product_cat-incuni-hr-2","9":"product_cat-incuni","10":"product_cat-kiseli-krastavci","11":"product_cat-masline-hr","12":"product_cat-pintxos-hr","13":"product_shipping_class-hladna-dostava","15":"first","16":"outofstock","17":"taxable","18":"shipping-taxable","19":"purchasable","20":"product-type-simple"},"_links":{"self":[{"href":"https:\/\/myspainfood.com\/hr\/wp-json\/wp\/v2\/product\/43328","targetHints":{"allow":["GET"]}}],"collection":[{"href":"https:\/\/myspainfood.com\/hr\/wp-json\/wp\/v2\/product"}],"about":[{"href":"https:\/\/myspainfood.com\/hr\/wp-json\/wp\/v2\/types\/product"}],"wp:featuredmedia":[{"embeddable":true,"href":"https:\/\/myspainfood.com\/hr\/wp-json\/wp\/v2\/media\/43332"}],"wp:attachment":[{"href":"https:\/\/myspainfood.com\/hr\/wp-json\/wp\/v2\/media?parent=43328"}],"wp:term":[{"taxonomy":"product_brand","embeddable":true,"href":"https:\/\/myspainfood.com\/hr\/wp-json\/wp\/v2\/product_brand?post=43328"},{"taxonomy":"product_cat","embeddable":true,"href":"https:\/\/myspainfood.com\/hr\/wp-json\/wp\/v2\/product_cat?post=43328"},{"taxonomy":"product_tag","embeddable":true,"href":"https:\/\/myspainfood.com\/hr\/wp-json\/wp\/v2\/product_tag?post=43328"}],"curies":[{"name":"wp","href":"https:\/\/api.w.org\/{rel}","templated":true}]}}