{"id":43444,"date":"2025-04-10T12:11:14","date_gmt":"2025-04-10T10:11:14","guid":{"rendered":"https:\/\/myspainfood.com\/producto\/sjeckani-bademov-turron-200-grama-jijona\/"},"modified":"2025-04-10T12:11:14","modified_gmt":"2025-04-10T10:11:14","slug":"sjeckani-bademov-turron-200-grama-jijona","status":"publish","type":"product","link":"https:\/\/myspainfood.com\/hr\/producto\/sjeckani-bademov-turron-200-grama-jijona\/","title":{"rendered":"Sjeckani bademov Turr\u00f3n 200 grama Jijona"},"content":{"rendered":"<p>Med i bademi su dva osnovna sastojka nugata proizvedenog u Jijoni, pod za\u0161ti\u0107enom geografskom oznakom koju je dodijelilo Regulatorno vije\u0107e. Da bismo znali njegovo podrijetlo, potrebno je pogledati unatrag i dolje na zemlju. Prvi proizvo\u0111a\u010di nugata zapravo su bili poljoprivrednici koji su uzgajali stabla badema i skupljali med, ali zimi, kada je padao snijeg, morali su pre\u017eivjeti. Zato su do\u0161li na ideju da sirovine koje su proizvodili pretvore u hranu koju bi mogli prodavati na tada\u0161njim sajmovima.   <\/p>\n<p>Klimatski i geolo\u0161ki uvjeti pokrajine Alicante posebno su idealni za uzgoj badema, stabla koje uspijeva samo u mediteranskoj klimi. Jo\u0161 jedna osobitost ovog stabla je da se mora opra\u0161ivati \u200b\u200bda bi se razmno\u017eavalo, stoga je potrebno olak\u0161ati p\u010delama da obavljaju svoju funkciju i proizvode med. Me\u0111utim, da bi nugat bio vi\u0161e od obi\u010dne mje\u0161avine \u0161e\u0107era, badema i meda, moraju se slijediti rigorozni i drevni procesi proizvodnje i kvalitete.  <\/p>\n<p>Sastojci: Tostirani bademi 64%, \u0161e\u0107er, med, bjelanjak i emulgator E-471<\/p>\n<p><strong>DATUM ISTEKA 02\/2024<\/strong><\/p>\n","protected":false},"excerpt":{"rendered":"<p>Med i bademi su dva osnovna sastojka nugata proizvedenog u Jijoni, pod za\u0161ti\u0107enom geografskom oznakom koju je dodijelilo Regulatorno vije\u0107e. Da bismo znali njegovo podrijetlo, potrebno je pogledati unatrag i dolje na zemlju. Prvi proizvo\u0111a\u010di nugata zapravo su bili poljoprivrednici koji su uzgajali stabla badema i skupljali med, ali zimi, kada je padao snijeg, morali [&hellip;]<\/p>\n","protected":false},"featured_media":43451,"template":"","meta":{"_et_pb_use_builder":"","_et_pb_old_content":"","_et_gb_content_width":""},"product_brand":[1414],"product_cat":[7792,1917],"product_tag":[],"class_list":{"0":"post-43444","1":"product","2":"type-product","3":"status-publish","4":"has-post-thumbnail","6":"product_brand-pico","7":"product_cat-bozicni-specijal","8":"product_cat-konzerve","10":"first","11":"outofstock","12":"taxable","13":"shipping-taxable","14":"product-type-variable"},"_links":{"self":[{"href":"https:\/\/myspainfood.com\/hr\/wp-json\/wp\/v2\/product\/43444","targetHints":{"allow":["GET"]}}],"collection":[{"href":"https:\/\/myspainfood.com\/hr\/wp-json\/wp\/v2\/product"}],"about":[{"href":"https:\/\/myspainfood.com\/hr\/wp-json\/wp\/v2\/types\/product"}],"wp:featuredmedia":[{"embeddable":true,"href":"https:\/\/myspainfood.com\/hr\/wp-json\/wp\/v2\/media\/43451"}],"wp:attachment":[{"href":"https:\/\/myspainfood.com\/hr\/wp-json\/wp\/v2\/media?parent=43444"}],"wp:term":[{"taxonomy":"product_brand","embeddable":true,"href":"https:\/\/myspainfood.com\/hr\/wp-json\/wp\/v2\/product_brand?post=43444"},{"taxonomy":"product_cat","embeddable":true,"href":"https:\/\/myspainfood.com\/hr\/wp-json\/wp\/v2\/product_cat?post=43444"},{"taxonomy":"product_tag","embeddable":true,"href":"https:\/\/myspainfood.com\/hr\/wp-json\/wp\/v2\/product_tag?post=43444"}],"curies":[{"name":"wp","href":"https:\/\/api.w.org\/{rel}","templated":true}]}}