{"id":43561,"date":"2025-04-10T12:11:50","date_gmt":"2025-04-10T10:11:50","guid":{"rendered":"https:\/\/myspainfood.com\/producto\/harlequin-light-tuna-u-prirodnom-umaku-pakiranje-od-3-komada\/"},"modified":"2025-09-02T10:51:44","modified_gmt":"2025-09-02T08:51:44","slug":"harlequin-light-tuna-u-prirodnom-umaku-pakiranje-od-3-komada","status":"publish","type":"product","link":"https:\/\/myspainfood.com\/hr\/producto\/harlequin-light-tuna-u-prirodnom-umaku-pakiranje-od-3-komada\/","title":{"rendered":"Harlequin Light tuna u prirodnom umaku, pakiranje od 3 komada"},"content":{"rendered":"<p><a href=\"https:\/\/conservasarlequin.com\/arlequin\/\" target=\"_blank\" rel=\"noopener noreferrer nofollow\">Arlequ\u00edn<\/a> Light tuna u prirodnom umaku je ru\u010dno izra\u0111en konzervirani proizvod.<\/p>\n<p><strong>Neto te\u017eina\/Ocije\u0111eno:<\/strong> 77 g\/52 g \/ po konzervi<\/p>\n<p><strong>Rok valjanosti:<\/strong> 5 godina<\/p>\n<p><strong>O\u010duvanje:<\/strong> Okoli\u0161<\/p>\n<p>U Conservas <a href=\"https:\/\/latiendadesami.com\/marca\/arlequin\/\" target=\"_blank\" rel=\"noopener noreferrer nofollow\">Arlequ\u00edn,<\/a> na\u0161a je misija ponuditi izvrstan proizvod, najbolju uslugu i \u0161irok asortiman konzervirane ribe po najpovoljnijoj cijeni.<\/p>\n<p>Tako\u0111er su specijalisti za in\u0107une, bijelu ribu, palamidu, laganu tunu, tunu u maslinovom ulju, dagnje, sku\u0161u i sardine.<\/p>\n<p>Na primjer, Comidista novina El Pa\u00eds rekao je o ventresci: &#8220;Tako je nje\u017ena, gotovo kremasta, da vas tjera da se njome o\u017eenite i \u017eivite sretno dok vas Gospodin ne uzme.&#8221;<\/p>\n<h4>Glavne prednosti konzervi<\/h4>\n<ol>\n<li>Zadr\u017eavaju sva nutritivna svojstva same hrane. Hrana zadr\u017eava svoju svje\u017einu. <\/li>\n<li>Kori\u0161tene namirnice su zdrave i stoga prikladne za optimalnu prehranu zahvaljuju\u0107i visokom broju vitamina i proteina.<\/li>\n<li>Ovi proizvodi imaju dulji vijek trajanja (obi\u010dno izme\u0111u 2 i 5 godina).<\/li>\n<li>Konzerve je vrlo lako \u010duvati jer im pakiranje omogu\u0107uje jednostavnu primjenu.<\/li>\n<\/ol>\n<p>Ako \u017eelite kupiti tunu ili bilo koju drugu vrstu <a href=\"https:\/\/latiendadesami.com\/categoria-producto\/conservas\/\" rel=\"noopener noreferrer nofollow\" target=\"_blank\">konzervirane hrane<\/a> , slobodno pogledajte cijeli na\u0161 online katalog kako biste vidjeli \u0161irok izbor <a href=\"https:\/\/latiendadesami.com\/categoria-producto\/conservas\/atun-y-bonito\/\" target=\"_blank\" rel=\"noopener noreferrer nofollow\">tune<\/a> koju imamo.<\/p>\n<p>Pi\u0161ite nam za vi\u0161e informacija.<\/p>\n","protected":false},"excerpt":{"rendered":"<p>Harlequin light tuna u prirodnoj vodi 77 gr \/ po konzervi<\/p>\n","protected":false},"featured_media":43565,"template":"","meta":{"_et_pb_use_builder":"","_et_pb_old_content":"","_et_gb_content_width":""},"product_brand":[1162],"product_cat":[4335],"product_tag":[],"class_list":{"0":"post-43561","1":"product","2":"type-product","3":"status-publish","4":"has-post-thumbnail","6":"product_brand-arlequin","7":"product_cat-tuna-i-bonito","9":"first","10":"outofstock","11":"sale","12":"taxable","13":"shipping-taxable","14":"purchasable","15":"product-type-simple"},"_links":{"self":[{"href":"https:\/\/myspainfood.com\/hr\/wp-json\/wp\/v2\/product\/43561","targetHints":{"allow":["GET"]}}],"collection":[{"href":"https:\/\/myspainfood.com\/hr\/wp-json\/wp\/v2\/product"}],"about":[{"href":"https:\/\/myspainfood.com\/hr\/wp-json\/wp\/v2\/types\/product"}],"wp:featuredmedia":[{"embeddable":true,"href":"https:\/\/myspainfood.com\/hr\/wp-json\/wp\/v2\/media\/43565"}],"wp:attachment":[{"href":"https:\/\/myspainfood.com\/hr\/wp-json\/wp\/v2\/media?parent=43561"}],"wp:term":[{"taxonomy":"product_brand","embeddable":true,"href":"https:\/\/myspainfood.com\/hr\/wp-json\/wp\/v2\/product_brand?post=43561"},{"taxonomy":"product_cat","embeddable":true,"href":"https:\/\/myspainfood.com\/hr\/wp-json\/wp\/v2\/product_cat?post=43561"},{"taxonomy":"product_tag","embeddable":true,"href":"https:\/\/myspainfood.com\/hr\/wp-json\/wp\/v2\/product_tag?post=43561"}],"curies":[{"name":"wp","href":"https:\/\/api.w.org\/{rel}","templated":true}]}}