{"id":43562,"date":"2025-04-10T12:12:05","date_gmt":"2025-04-10T10:12:05","guid":{"rendered":"https:\/\/myspainfood.com\/producto\/santos-sodupe-rioja-mladi-titis-pink\/"},"modified":"2026-01-29T12:39:07","modified_gmt":"2026-01-29T11:39:07","slug":"santos-sodupe-rioja-mladi-titis-pink","status":"publish","type":"product","link":"https:\/\/myspainfood.com\/hr\/producto\/santos-sodupe-rioja-mladi-titis-pink\/","title":{"rendered":"Santos Sodupe Rioja, mladi ru\u017ei\u010dasti titis"},"content":{"rendered":"<p>Ru\u017ei\u010dasta<\/p>\n<p>Hladna maceracija<\/p>\n<p>Sok pre\u0161ani pod niskim tlakom, slobodno iscije\u0111en<\/p>\n<p>\u010ci\u0161\u0107enje flotacijom<\/p>\n<p>Fermentacija na kontroliranoj temperaturi<\/p>\n<p>Tehni\u010dke specifikacije<\/p>\n<p>  Mlada ru\u017ei\u010dasta<\/p>\n<p>  100% Garnacha Tinta<\/p>\n<p>  Vinarije Santos Sodupe<\/p>\n<p>  San Asensio, La Rioja<\/p>\n<p>  DOC Rioja<\/p>\n<p>  75 cl \/ 12,5% vol.<\/p>\n<p>  Sadr\u017ei sulfite<\/p>\n<p>degustacija<\/p>\n<p>\u010cista blijedoru\u017ei\u010dasta s naglascima lososa<\/p>\n<p>Omotavaju\u0107i i elegantni, bijelo vo\u0107e i citrusi<\/p>\n<p>Dugo i blago, elegantna i postojana kiselost<\/p>\n","protected":false},"excerpt":{"rendered":"<p>Ru\u017ei\u010dasta Hladna maceracija Sok pre\u0161ani pod niskim tlakom, slobodno iscije\u0111en \u010ci\u0161\u0107enje flotacijom Fermentacija na kontroliranoj temperaturi Tehni\u010dke specifikacije Mlada ru\u017ei\u010dasta 100% Garnacha Tinta Vinarije Santos Sodupe San Asensio, La Rioja DOC Rioja 75 cl \/ 12,5% vol. Sadr\u017ei sulfite degustacija \u010cista blijedoru\u017ei\u010dasta s naglascima lososa Omotavaju\u0107i i elegantni, bijelo vo\u0107e i citrusi Dugo i blago, [&hellip;]<\/p>\n","protected":false},"featured_media":43568,"template":"","meta":{"_et_pb_use_builder":"","_et_pb_old_content":"","_et_gb_content_width":""},"product_brand":[1459],"product_cat":[4920,4919],"product_tag":[],"class_list":{"0":"post-43562","1":"product","2":"type-product","3":"status-publish","4":"has-post-thumbnail","6":"product_brand-santos-sodupe","7":"product_cat-dosao","8":"product_cat-pica","10":"first","11":"outofstock","12":"taxable","13":"shipping-taxable","14":"product-type-variable"},"_links":{"self":[{"href":"https:\/\/myspainfood.com\/hr\/wp-json\/wp\/v2\/product\/43562","targetHints":{"allow":["GET"]}}],"collection":[{"href":"https:\/\/myspainfood.com\/hr\/wp-json\/wp\/v2\/product"}],"about":[{"href":"https:\/\/myspainfood.com\/hr\/wp-json\/wp\/v2\/types\/product"}],"wp:featuredmedia":[{"embeddable":true,"href":"https:\/\/myspainfood.com\/hr\/wp-json\/wp\/v2\/media\/43568"}],"wp:attachment":[{"href":"https:\/\/myspainfood.com\/hr\/wp-json\/wp\/v2\/media?parent=43562"}],"wp:term":[{"taxonomy":"product_brand","embeddable":true,"href":"https:\/\/myspainfood.com\/hr\/wp-json\/wp\/v2\/product_brand?post=43562"},{"taxonomy":"product_cat","embeddable":true,"href":"https:\/\/myspainfood.com\/hr\/wp-json\/wp\/v2\/product_cat?post=43562"},{"taxonomy":"product_tag","embeddable":true,"href":"https:\/\/myspainfood.com\/hr\/wp-json\/wp\/v2\/product_tag?post=43562"}],"curies":[{"name":"wp","href":"https:\/\/api.w.org\/{rel}","templated":true}]}}