{"id":43589,"date":"2025-04-10T12:12:05","date_gmt":"2025-04-10T10:12:05","guid":{"rendered":"https:\/\/myspainfood.com\/producto\/marmelada-od-gorke-narance-the-old-factory-280-g\/"},"modified":"2025-04-10T12:12:05","modified_gmt":"2025-04-10T10:12:05","slug":"marmelada-od-gorke-narance-the-old-factory-280-g","status":"publish","type":"product","link":"https:\/\/myspainfood.com\/hr\/producto\/marmelada-od-gorke-narance-the-old-factory-280-g\/","title":{"rendered":"Marmelada od gorke naran\u010de The Old Factory 280 g"},"content":{"rendered":"<p>Marmelada od gorke naran\u010de La Vieja F\u00e1brica tradicionalni je \u0161panjolski proizvod koji se isti\u010de svojim autenti\u010dnim i ukusnim okusom. Napravljen od najfinijih gorkih naran\u010di i prema zanatskim receptima, nudi savr\u0161enu ravnote\u017eu izme\u0111u slatko\u0107e i gor\u010dine. Idealan za doru\u010dak, me\u0111uobrok ili deserte, ovaj d\u017eem je u\u017eitak koji na va\u0161 stol donosi bogatstvo tradicionalnih \u0161panjolskih okusa.  <\/p>\n<p>&nbsp;<\/p>\n<p><span class=\"info-key \"><strong>Naziv hrane<\/strong> :<\/span> Marmelada od gorke naran\u010de<\/p>\n<p><span class=\"info-key \"><strong>Naziv operatera<\/strong> :<\/span> \u00c1ngel Camacho Alimentaci\u00f3n, SL<\/p>\n<p><span class=\"info-key \"><strong>Adresa operatera<\/strong> :<\/span> Avda. del Pilar, 6 \u2013 41530 Mor\u00f3n de la Frontera (Sevilla)<\/p>\n<p><span class=\"info-key \"><strong>Mjesto podrijetla hrane<\/strong> :<\/span> Proizvod \u0160panjolske<\/p>\n<p><span class=\"info-key \"><strong>Neto koli\u010dina<\/strong> :<\/span> 365 g<\/p>\n<p><span class=\"info-key \"><strong>Ostale obvezne napomene na etiketi<\/strong> :<\/span> Napravljeno s 40 g naran\u010di na 100 g.<\/p>\n<p><strong>Ukupni sadr\u017eaj \u0161e\u0107era<\/strong> 65 g na 100 g.<\/p>\n","protected":false},"excerpt":{"rendered":"<p>Marmelada od gorke naran\u010de La Vieja F\u00e1brica tradicionalni je \u0161panjolski proizvod koji se isti\u010de svojim autenti\u010dnim i ukusnim okusom. Napravljen od najfinijih gorkih naran\u010di i prema zanatskim receptima, nudi savr\u0161enu ravnote\u017eu izme\u0111u slatko\u0107e i gor\u010dine. Idealan za doru\u010dak, me\u0111uobrok ili deserte, ovaj d\u017eem je u\u017eitak koji na va\u0161 stol donosi bogatstvo tradicionalnih \u0161panjolskih okusa. &nbsp; [&hellip;]<\/p>\n","protected":false},"featured_media":43595,"template":"","meta":{"_et_pb_use_builder":"","_et_pb_old_content":"","_et_gb_content_width":""},"product_brand":[1460],"product_cat":[1917],"product_tag":[],"class_list":{"0":"post-43589","1":"product","2":"type-product","3":"status-publish","4":"has-post-thumbnail","6":"product_brand-la-vieja-fabrica","7":"product_cat-konzerve","9":"first","10":"outofstock","11":"taxable","12":"shipping-taxable","13":"product-type-variable"},"_links":{"self":[{"href":"https:\/\/myspainfood.com\/hr\/wp-json\/wp\/v2\/product\/43589","targetHints":{"allow":["GET"]}}],"collection":[{"href":"https:\/\/myspainfood.com\/hr\/wp-json\/wp\/v2\/product"}],"about":[{"href":"https:\/\/myspainfood.com\/hr\/wp-json\/wp\/v2\/types\/product"}],"wp:featuredmedia":[{"embeddable":true,"href":"https:\/\/myspainfood.com\/hr\/wp-json\/wp\/v2\/media\/43595"}],"wp:attachment":[{"href":"https:\/\/myspainfood.com\/hr\/wp-json\/wp\/v2\/media?parent=43589"}],"wp:term":[{"taxonomy":"product_brand","embeddable":true,"href":"https:\/\/myspainfood.com\/hr\/wp-json\/wp\/v2\/product_brand?post=43589"},{"taxonomy":"product_cat","embeddable":true,"href":"https:\/\/myspainfood.com\/hr\/wp-json\/wp\/v2\/product_cat?post=43589"},{"taxonomy":"product_tag","embeddable":true,"href":"https:\/\/myspainfood.com\/hr\/wp-json\/wp\/v2\/product_tag?post=43589"}],"curies":[{"name":"wp","href":"https:\/\/api.w.org\/{rel}","templated":true}]}}