{"id":43915,"date":"2025-04-10T12:10:02","date_gmt":"2025-04-10T10:10:02","guid":{"rendered":"https:\/\/myspainfood.com\/producto\/chicon-masline-za-prste-pakiranje-od-900-grama-6-komada\/"},"modified":"2025-04-10T12:10:02","modified_gmt":"2025-04-10T10:10:02","slug":"chicon-masline-za-prste-pakiranje-od-900-grama-6-komada","status":"publish","type":"product","link":"https:\/\/myspainfood.com\/hr\/producto\/chicon-masline-za-prste-pakiranje-od-900-grama-6-komada\/","title":{"rendered":"Chic\u00f3n masline za prste, pakiranje od 900 grama, 6 komada"},"content":{"rendered":"<h3>Prednosti maslina <a href=\"https:\/\/aceitunaschiconlebron.com\/\" target=\"_blank\" rel=\"noopener noreferrer nofollow\">Chicon<\/a> Ali\u00f1o za prste polizati<\/h3>\n<p>Jeste li znali za brojne prednosti ovih maslina Chicon Ali\u00f1o za prste polizati? Oni imaju veliku mo\u0107 kada je u pitanju sprje\u010davanje bolesti srca i krvo\u017eilnog sustava op\u0107enito. <\/p>\n<p>To je zbog visokog sadr\u017eaja nezasi\u0107enih masti. Osim toga, to je namirnica koja sadr\u017ei puno \u017eeljeza i vlakana te je vrlo zasitna, \u0161to je \u010dini savr\u0161enom grickalicom. <\/p>\n<p>Preporu\u010dljivo je \u010duvati cijele masline na hladnom i suhom mjestu, za\u0161ti\u0107eno od sun\u010deve svjetlosti.<\/p>\n<p>Ako \u017eelite kupiti masline ili bilo koju drugu vrstu <a href=\"https:\/\/latiendadesami.com\/categoria-producto\/encurtidos\/\" rel=\"noopener noreferrer nofollow\" target=\"_blank\">ukiseljenog proizvoda<\/a> , slobodno pregledajte cijeli na\u0161 online katalog kako biste vidjeli \u0161irok izbor <a href=\"https:\/\/latiendadesami.com\/categoria-producto\/encurtidos\/aceitunas\/\" target=\"_blank\" rel=\"noopener noreferrer nofollow\">maslina<\/a> koje imamo.<\/p>\n","protected":false},"excerpt":{"rendered":"<p>Prednosti maslina Chicon Ali\u00f1o za prste polizati Jeste li znali za brojne prednosti ovih maslina Chicon Ali\u00f1o za prste polizati? Oni imaju veliku mo\u0107 kada je u pitanju sprje\u010davanje bolesti srca i krvo\u017eilnog sustava op\u0107enito. To je zbog visokog sadr\u017eaja nezasi\u0107enih masti. Osim toga, to je namirnica koja sadr\u017ei puno \u017eeljeza i vlakana te je [&hellip;]<\/p>\n","protected":false},"featured_media":43920,"template":"","meta":{"_et_pb_use_builder":"","_et_pb_old_content":"","_et_gb_content_width":""},"product_brand":[1036],"product_cat":[3147,2973],"product_tag":[4099],"class_list":{"0":"post-43915","1":"product","2":"type-product","3":"status-publish","4":"has-post-thumbnail","6":"product_brand-chicon","7":"product_cat-kiseli-krastavci-hr-2","8":"product_cat-veleprodaja","9":"product_tag-sisac-palca","11":"first","12":"instock","13":"taxable","14":"shipping-taxable","15":"purchasable","16":"product-type-variable"},"_links":{"self":[{"href":"https:\/\/myspainfood.com\/hr\/wp-json\/wp\/v2\/product\/43915","targetHints":{"allow":["GET"]}}],"collection":[{"href":"https:\/\/myspainfood.com\/hr\/wp-json\/wp\/v2\/product"}],"about":[{"href":"https:\/\/myspainfood.com\/hr\/wp-json\/wp\/v2\/types\/product"}],"wp:featuredmedia":[{"embeddable":true,"href":"https:\/\/myspainfood.com\/hr\/wp-json\/wp\/v2\/media\/43920"}],"wp:attachment":[{"href":"https:\/\/myspainfood.com\/hr\/wp-json\/wp\/v2\/media?parent=43915"}],"wp:term":[{"taxonomy":"product_brand","embeddable":true,"href":"https:\/\/myspainfood.com\/hr\/wp-json\/wp\/v2\/product_brand?post=43915"},{"taxonomy":"product_cat","embeddable":true,"href":"https:\/\/myspainfood.com\/hr\/wp-json\/wp\/v2\/product_cat?post=43915"},{"taxonomy":"product_tag","embeddable":true,"href":"https:\/\/myspainfood.com\/hr\/wp-json\/wp\/v2\/product_tag?post=43915"}],"curies":[{"name":"wp","href":"https:\/\/api.w.org\/{rel}","templated":true}]}}