{"id":44083,"date":"2025-04-10T12:10:46","date_gmt":"2025-04-10T10:10:46","guid":{"rendered":"https:\/\/myspainfood.com\/producto\/svjeza-primorska-marinirana-tuna-cusumano-266gr\/"},"modified":"2025-04-10T12:10:46","modified_gmt":"2025-04-10T10:10:46","slug":"svjeza-primorska-marinirana-tuna-cusumano-266gr","status":"publish","type":"product","link":"https:\/\/myspainfood.com\/hr\/producto\/svjeza-primorska-marinirana-tuna-cusumano-266gr\/","title":{"rendered":"Svje\u017ea primorska marinirana tuna Cusumano 266gr"},"content":{"rendered":"<div id=\"product-description-short-5\" class=\"rte-content\">\n<p style=\"text-align: left;\">Svje\u017ei obalni bonito iz Cusumana je sjeverni bonito ulovljen jedan po jedan u Kantabrijskom moru i <a href=\"https:\/\/es.wikipedia.org\/wiki\/Thunnus\" target=\"_blank\" rel=\"noopener noreferrer nofollow\">pripremljen<\/a> SVJE\u017dE.<\/p>\n<p>Ovo jelo ima autenti\u010dan okus i izuzetnu teksturu.<\/p>\n<p>Kona\u010dno, na stolu mo\u017eete imati tradicionalni pekmez.<\/p>\n<p>Obalna freska.<\/p>\n<p>Budu\u0107i da se radi o sezonskom ulovu koji traje od lipnja do listopada, Cusumano jam\u010di da ovaj Bonito del Norte nije pro\u0161ao nikakav proces zamrzavanja od ulova do proizvodnje.<\/p>\n<p>Ovaj bonito zadr\u017eava sva svoja organolepti\u010dka svojstva boje, okusa i teksture netaknutima.<\/p>\n<p>Conservas Cusumano ima nove i moderne objekte povr\u0161ine gotovo 6.000 m\u00b2 smje\u0161tene u Mundaki.<\/p>\n<p>Conservas Cusumano je tvrtka koja vi\u0161e od 60 godina njeguje ljubav prema tradiciji i znanje jednog od najstarijih i najzanatnijih zanata na svijetu: ribolova i konzerviranja svje\u017ee bijele tune iz Costere.<\/p>\n<p>Unutar neusporedivog rezervata biosfere Urdaibai, koji im omogu\u0107uje u\u017eivanje u najsvje\u017eijoj ribi zbog svog polo\u017eaja tako blizu mora koje pro\u017eima na\u0161u bit.<\/p>\n<p>Ako \u017eelite kupiti svje\u017eu Bonito Costera Cusumano ili bilo koju drugu vrstu <a href=\"https:\/\/latiendadesami.com\/categoria-producto\/conservas\/\" rel=\"noopener noreferrer nofollow\" target=\"_blank\">konzervirane tune<\/a> , slobodno pogledajte cijeli na\u0161 online katalog kako biste vidjeli \u0161irok izbor <a href=\"https:\/\/latiendadesami.com\/categoria-producto\/conservas\/atun-y-bonito\/\" target=\"_blank\" rel=\"noopener noreferrer nofollow\">tune<\/a> koju imamo.<\/p>\n<p>Pi\u0161ite nam za vi\u0161e informacija.<\/p>\n<p>&nbsp;<\/p>\n<\/div>\n","protected":false},"excerpt":{"rendered":"<p>Svje\u017ei obalni bonito iz Cusumana je sjeverni bonito ulovljen jedan po jedan u Kantabrijskom moru i pripremljen SVJE\u017dE. Ovo jelo ima autenti\u010dan okus i izuzetnu teksturu. Kona\u010dno, na stolu mo\u017eete imati tradicionalni pekmez. Obalna freska. Budu\u0107i da se radi o sezonskom ulovu koji traje od lipnja do listopada, Cusumano jam\u010di da ovaj Bonito del Norte [&hellip;]<\/p>\n","protected":false},"featured_media":44097,"template":"","meta":{"_et_pb_use_builder":"","_et_pb_old_content":"","_et_gb_content_width":""},"product_brand":[1272],"product_cat":[1917,4335],"product_tag":[],"class_list":{"0":"post-44083","1":"product","2":"type-product","3":"status-publish","4":"has-post-thumbnail","6":"product_brand-cusumano","7":"product_cat-konzerve","8":"product_cat-tuna-i-bonito","10":"first","11":"instock","12":"taxable","13":"shipping-taxable","14":"purchasable","15":"product-type-variable"},"_links":{"self":[{"href":"https:\/\/myspainfood.com\/hr\/wp-json\/wp\/v2\/product\/44083","targetHints":{"allow":["GET"]}}],"collection":[{"href":"https:\/\/myspainfood.com\/hr\/wp-json\/wp\/v2\/product"}],"about":[{"href":"https:\/\/myspainfood.com\/hr\/wp-json\/wp\/v2\/types\/product"}],"wp:featuredmedia":[{"embeddable":true,"href":"https:\/\/myspainfood.com\/hr\/wp-json\/wp\/v2\/media\/44097"}],"wp:attachment":[{"href":"https:\/\/myspainfood.com\/hr\/wp-json\/wp\/v2\/media?parent=44083"}],"wp:term":[{"taxonomy":"product_brand","embeddable":true,"href":"https:\/\/myspainfood.com\/hr\/wp-json\/wp\/v2\/product_brand?post=44083"},{"taxonomy":"product_cat","embeddable":true,"href":"https:\/\/myspainfood.com\/hr\/wp-json\/wp\/v2\/product_cat?post=44083"},{"taxonomy":"product_tag","embeddable":true,"href":"https:\/\/myspainfood.com\/hr\/wp-json\/wp\/v2\/product_tag?post=44083"}],"curies":[{"name":"wp","href":"https:\/\/api.w.org\/{rel}","templated":true}]}}