{"id":44219,"date":"2025-04-10T12:11:14","date_gmt":"2025-04-10T10:11:14","guid":{"rendered":"https:\/\/myspainfood.com\/producto\/vermut-koktel-los-cantabros-025-limenka-jaira-cuetaoa-puni-vinarije-igarmi\/"},"modified":"2026-01-29T13:00:06","modified_gmt":"2026-01-29T12:00:06","slug":"vermut-koktel-los-cantabros-025-limenka-jaira-cuetaoa-puni-vinarije-igarmi","status":"publish","type":"product","link":"https:\/\/myspainfood.com\/hr\/producto\/vermut-koktel-los-cantabros-025-limenka-jaira-cuetaoa-puni-vinarije-igarmi\/","title":{"rendered":"Vermut koktel Los C\u00e1ntabros 0,25 limenke Jaira Cuetaoa, punio Bodegas Igarmi"},"content":{"rendered":"<p>Verm\u00fa los C\u00e1ntabros je po\u010dast svim onim mu\u0161karcima i \u017eenama koji su sa\u010duvali i \u0161irili na\u0161u kulturu.<\/p>\n<p>Tako\u0111er na\u0161i korijeni i tradicije, popra\u0107eni sajmovima, festivalima, igrama i gastronomijom, od mora do planina na\u0161e voljene Kantabrije.<\/p>\n<p>Ovaj proizvod puni Bodegas Igarmi.  <\/p>\n<p>Bodegas Igarmi je sada\u0161njost tradicije koju od 1890. godine karakterizira kvaliteta i pa\u017enja prema svojim kupcima.<\/p>\n<p>Obiteljski posao \u010dija strast i predanost vinu omogu\u0107uju im punjenje i plasiranje na tr\u017ei\u0161te vina s nenadma\u0161nim omjerom kvalitete i cijene, s dobrom ocjenom na tr\u017ei\u0161tu i od strane potro\u0161a\u010da.<\/p>\n<p>Bodegas Igarmi ima 3000 m\u00b2 prostora u gradu Herasu s kapacitetom skladi\u0161tenja od pribli\u017eno milijun litara.<\/p>\n<p>Osim \u0161to je najve\u0107a vinarija u Kantabriji.<\/p>\n<p>Oni su sjajan tim od vi\u0161e od 30 ljudi posve\u0107enih pru\u017eanju najboljeg proizvoda i najbolje usluge kupcu po \u010demu smo i prepoznatljivi.<\/p>\n<p>Imaju vozni park od 20 vozila za dostavu i distribuciju proizvoda diljem Kantabrije i susjednih zajednica.<\/p>\n<p>Ako \u017eelite kupiti Los C\u00e1ntabros Vermouth 5 litara u kutiji ili bilo koju drugu vrstu pi\u0107a, slobodno pogledajte cijeli na\u0161 online katalog kako biste vidjeli \u0161irok izbor pi\u0107a koje imamo.<\/p>\n<p>Pi\u0161ite nam za vi\u0161e informacija.<\/p>\n","protected":false},"excerpt":{"rendered":"<p>Verm\u00fa los C\u00e1ntabros je po\u010dast svim onim mu\u0161karcima i \u017eenama koji su sa\u010duvali i \u0161irili na\u0161u kulturu. Tako\u0111er na\u0161i korijeni i tradicije, popra\u0107eni sajmovima, festivalima, igrama i gastronomijom, od mora do planina na\u0161e voljene Kantabrije. Ovaj proizvod puni Bodegas Igarmi. Bodegas Igarmi je sada\u0161njost tradicije koju od 1890. godine karakterizira kvaliteta i pa\u017enja prema svojim [&hellip;]<\/p>\n","protected":false},"featured_media":44224,"template":"","meta":{"_et_pb_use_builder":"","_et_pb_old_content":"","_et_gb_content_width":""},"product_brand":[1244,1245],"product_cat":[4919,5795],"product_tag":[5796],"class_list":{"0":"post-44219","1":"product","2":"type-product","3":"status-publish","4":"has-post-thumbnail","6":"product_brand-igarmi","7":"product_brand-los-cantabros","8":"product_cat-pica","9":"product_cat-vermut-hr","10":"product_tag-igarmi-hr","12":"first","13":"outofstock","14":"featured","15":"taxable","16":"shipping-taxable","17":"product-type-variable"},"_links":{"self":[{"href":"https:\/\/myspainfood.com\/hr\/wp-json\/wp\/v2\/product\/44219","targetHints":{"allow":["GET"]}}],"collection":[{"href":"https:\/\/myspainfood.com\/hr\/wp-json\/wp\/v2\/product"}],"about":[{"href":"https:\/\/myspainfood.com\/hr\/wp-json\/wp\/v2\/types\/product"}],"wp:featuredmedia":[{"embeddable":true,"href":"https:\/\/myspainfood.com\/hr\/wp-json\/wp\/v2\/media\/44224"}],"wp:attachment":[{"href":"https:\/\/myspainfood.com\/hr\/wp-json\/wp\/v2\/media?parent=44219"}],"wp:term":[{"taxonomy":"product_brand","embeddable":true,"href":"https:\/\/myspainfood.com\/hr\/wp-json\/wp\/v2\/product_brand?post=44219"},{"taxonomy":"product_cat","embeddable":true,"href":"https:\/\/myspainfood.com\/hr\/wp-json\/wp\/v2\/product_cat?post=44219"},{"taxonomy":"product_tag","embeddable":true,"href":"https:\/\/myspainfood.com\/hr\/wp-json\/wp\/v2\/product_tag?post=44219"}],"curies":[{"name":"wp","href":"https:\/\/api.w.org\/{rel}","templated":true}]}}