{"id":44258,"date":"2025-04-10T12:11:27","date_gmt":"2025-04-10T10:11:27","guid":{"rendered":"https:\/\/myspainfood.com\/producto\/asortiran-don-bosco-polvorones-700-grama-kutija-la-ponderosa\/"},"modified":"2025-04-10T12:11:27","modified_gmt":"2025-04-10T10:11:27","slug":"asortiran-don-bosco-polvorones-700-grama-kutija-la-ponderosa","status":"publish","type":"product","link":"https:\/\/myspainfood.com\/hr\/producto\/asortiran-don-bosco-polvorones-700-grama-kutija-la-ponderosa\/","title":{"rendered":"Asortiran Don Bosco polvorones 700 grama kutija La Ponderosa"},"content":{"rendered":"<p>Opis<\/p>\n<p> Ovaj asortiman minijatura, vre\u0107ica od 700 g, sadr\u017ei najtradicionalnije bo\u017ei\u0107ne artikle.  <\/p>\n","protected":false},"excerpt":{"rendered":"<p>Opis Ovaj asortiman minijatura, vre\u0107ica od 700 g, sadr\u017ei najtradicionalnije bo\u017ei\u0107ne artikle.<\/p>\n","protected":false},"featured_media":44264,"template":"","meta":{"_et_pb_use_builder":"","_et_pb_old_content":"","_et_gb_content_width":""},"product_brand":[1417],"product_cat":[7792,1917],"product_tag":[],"class_list":{"0":"post-44258","1":"product","2":"type-product","3":"status-publish","4":"has-post-thumbnail","6":"product_brand-la-ponderosa","7":"product_cat-bozicni-specijal","8":"product_cat-konzerve","10":"first","11":"outofstock","12":"taxable","13":"shipping-taxable","14":"product-type-variable"},"_links":{"self":[{"href":"https:\/\/myspainfood.com\/hr\/wp-json\/wp\/v2\/product\/44258","targetHints":{"allow":["GET"]}}],"collection":[{"href":"https:\/\/myspainfood.com\/hr\/wp-json\/wp\/v2\/product"}],"about":[{"href":"https:\/\/myspainfood.com\/hr\/wp-json\/wp\/v2\/types\/product"}],"wp:featuredmedia":[{"embeddable":true,"href":"https:\/\/myspainfood.com\/hr\/wp-json\/wp\/v2\/media\/44264"}],"wp:attachment":[{"href":"https:\/\/myspainfood.com\/hr\/wp-json\/wp\/v2\/media?parent=44258"}],"wp:term":[{"taxonomy":"product_brand","embeddable":true,"href":"https:\/\/myspainfood.com\/hr\/wp-json\/wp\/v2\/product_brand?post=44258"},{"taxonomy":"product_cat","embeddable":true,"href":"https:\/\/myspainfood.com\/hr\/wp-json\/wp\/v2\/product_cat?post=44258"},{"taxonomy":"product_tag","embeddable":true,"href":"https:\/\/myspainfood.com\/hr\/wp-json\/wp\/v2\/product_tag?post=44258"}],"curies":[{"name":"wp","href":"https:\/\/api.w.org\/{rel}","templated":true}]}}