{"id":44295,"date":"2025-04-10T12:11:27","date_gmt":"2025-04-10T10:11:27","guid":{"rendered":"https:\/\/myspainfood.com\/producto\/raznovrsna-vrecica-od-400-grama-la-ponderosa\/"},"modified":"2025-04-10T12:11:27","modified_gmt":"2025-04-10T10:11:27","slug":"raznovrsna-vrecica-od-400-grama-la-ponderosa","status":"publish","type":"product","link":"https:\/\/myspainfood.com\/hr\/producto\/raznovrsna-vrecica-od-400-grama-la-ponderosa\/","title":{"rendered":"Raznovrsna vre\u0107ica od 400 grama La Ponderosa"},"content":{"rendered":"<p>Opis<\/p>\n<p>Ovaj asortiman minijatura, vre\u0107ica od 400 g, sadr\u017ei najtradicionalnije bo\u017ei\u0107ne artikle. U jednom proizvodu prona\u0107i \u0107ete izbor od: <\/p>\n<p>\u2013 Krofne s vinom i bademima. Mini verzija na\u0161e izvrsne vinske krafne. Okruglog oblika, s rupom u sredini, napravljen od slatkog vina, badema, sezama i posipan \u0161e\u0107erom u prahu.  <\/p>\n<p>\u2013 Prhki keksi od badema. \u0160to bi Bo\u017ei\u0107 bio bez tradicionalnih polvorona? Iako manji od originala, na\u0161i polvoroncitosi zadr\u017eavaju taj karakteristi\u010dan okus badema.  <\/p>\n<p>\u2013 Prhki keksi s cimetom. Kralj Bo\u017ei\u0107a zajedno s polvor\u00f3nom. Mini verzija na\u0161eg mantecada napravljena je od istih sastojaka: maslaca, bra\u0161na, mljevenih badema, sezama i cimeta.  <\/p>\n<p>Sastojci<\/p>\n<p>Mini keksi s cimetom: P\u0161eni\u010dno bra\u0161no, \u0161e\u0107er, iberijska svinjska mast (antioksidans: E-320), cimet (1%) i sjemenke sezama. Mo\u017ee sadr\u017eavati tragove ora\u0161astih plodova, kikirikija i sulfita. <\/p>\n<p>Mini bademov polvor\u00f3n: P\u0161eni\u010dno bra\u0161no, \u0161e\u0107er, iberijska svinjska mast (antioksidans: E-320), badem (8%), aroma cimeta, klin\u010di\u0107a i limuna. Mo\u017ee sadr\u017eavati tragove kikirikija, sezama i sulfita. <\/p>\n<p>Mini kolut od vina i badema: P\u0161eni\u010dno bra\u0161no, iberijska svinjska mast (antioksidans: E-320), \u0161e\u0107er, vino (sadr\u017ei sulfite) (12%), badem (5%), anis, cimet, sjemenke sezama, aroma anisa i aroma limuna. Mo\u017ee sadr\u017eavati tragove kikirikija. <\/p>\n<p>Alergeni<\/p>\n<p>Sadr\u017ei gluten, ora\u0161aste plodove, sezam i sulfite. Mo\u017ee sadr\u017eavati tragove kikirikija. <\/p>\n","protected":false},"excerpt":{"rendered":"<p>Opis Ovaj asortiman minijatura, vre\u0107ica od 400 g, sadr\u017ei najtradicionalnije bo\u017ei\u0107ne artikle. U jednom proizvodu prona\u0107i \u0107ete izbor od: \u2013 Krofne s vinom i bademima. Mini verzija na\u0161e izvrsne vinske krafne. Okruglog oblika, s rupom u sredini, napravljen od slatkog vina, badema, sezama i posipan \u0161e\u0107erom u prahu. \u2013 Prhki keksi od badema. \u0160to bi [&hellip;]<\/p>\n","protected":false},"featured_media":44300,"template":"","meta":{"_et_pb_use_builder":"","_et_pb_old_content":"","_et_gb_content_width":""},"product_brand":[1417],"product_cat":[7792,1917],"product_tag":[],"class_list":{"0":"post-44295","1":"product","2":"type-product","3":"status-publish","4":"has-post-thumbnail","6":"product_brand-la-ponderosa","7":"product_cat-bozicni-specijal","8":"product_cat-konzerve","10":"first","11":"outofstock","12":"taxable","13":"shipping-taxable","14":"product-type-variable"},"_links":{"self":[{"href":"https:\/\/myspainfood.com\/hr\/wp-json\/wp\/v2\/product\/44295","targetHints":{"allow":["GET"]}}],"collection":[{"href":"https:\/\/myspainfood.com\/hr\/wp-json\/wp\/v2\/product"}],"about":[{"href":"https:\/\/myspainfood.com\/hr\/wp-json\/wp\/v2\/types\/product"}],"wp:featuredmedia":[{"embeddable":true,"href":"https:\/\/myspainfood.com\/hr\/wp-json\/wp\/v2\/media\/44300"}],"wp:attachment":[{"href":"https:\/\/myspainfood.com\/hr\/wp-json\/wp\/v2\/media?parent=44295"}],"wp:term":[{"taxonomy":"product_brand","embeddable":true,"href":"https:\/\/myspainfood.com\/hr\/wp-json\/wp\/v2\/product_brand?post=44295"},{"taxonomy":"product_cat","embeddable":true,"href":"https:\/\/myspainfood.com\/hr\/wp-json\/wp\/v2\/product_cat?post=44295"},{"taxonomy":"product_tag","embeddable":true,"href":"https:\/\/myspainfood.com\/hr\/wp-json\/wp\/v2\/product_tag?post=44295"}],"curies":[{"name":"wp","href":"https:\/\/api.w.org\/{rel}","templated":true}]}}