{"id":44362,"date":"2025-04-10T12:11:27","date_gmt":"2025-04-10T10:11:27","guid":{"rendered":"https:\/\/myspainfood.com\/producto\/domaci-mantecados-500-grama-vrecica-la-ponderosa\/"},"modified":"2025-04-10T12:11:27","modified_gmt":"2025-04-10T10:11:27","slug":"domaci-mantecados-500-grama-vrecica-la-ponderosa","status":"publish","type":"product","link":"https:\/\/myspainfood.com\/hr\/producto\/domaci-mantecados-500-grama-vrecica-la-ponderosa\/","title":{"rendered":"Doma\u0107i Mantecados 500 grama vre\u0107ica La Ponderosa"},"content":{"rendered":"<p>\u010cokolada, limun, cimet&#8230; Mantecadosi dolaze u mnogim okusima, ali ako postoje neki koji su neizostavan na bo\u017ei\u0107nom stolu, to su doma\u0107i mantecadosi. Kvaliteta na\u0161ih doma\u0107ih mantecadosa, izra\u0111enih od najfinijih sastojaka i uz pomo\u0107 zanatske izrade, \u010dini ih jednim od najprodavanijih proizvoda me\u0111u na\u0161im kupcima. <\/p>\n<p>Sastojci:<\/p>\n<p>P\u0161eni\u010dno bra\u0161no, \u0161e\u0107er, iberijska svinjska mast (antioksidans: E-320), cimet i sjemenke sezama. Mo\u017ee sadr\u017eavati tragove ora\u0161astih plodova, kikirikija i sulfita. <\/p>\n<p>Alergeni<\/p>\n<p>Sadr\u017ei gluten i sezam. Mo\u017ee sadr\u017eavati tragove ora\u0161astih plodova, kikirikija i sulfita. <\/p>\n","protected":false},"excerpt":{"rendered":"<p>\u010cokolada, limun, cimet&#8230; Mantecadosi dolaze u mnogim okusima, ali ako postoje neki koji su neizostavan na bo\u017ei\u0107nom stolu, to su doma\u0107i mantecadosi. Kvaliteta na\u0161ih doma\u0107ih mantecadosa, izra\u0111enih od najfinijih sastojaka i uz pomo\u0107 zanatske izrade, \u010dini ih jednim od najprodavanijih proizvoda me\u0111u na\u0161im kupcima. Sastojci: P\u0161eni\u010dno bra\u0161no, \u0161e\u0107er, iberijska svinjska mast (antioksidans: E-320), cimet i [&hellip;]<\/p>\n","protected":false},"featured_media":44370,"template":"","meta":{"_et_pb_use_builder":"","_et_pb_old_content":"","_et_gb_content_width":""},"product_brand":[1417],"product_cat":[7792,1917],"product_tag":[],"class_list":{"0":"post-44362","1":"product","2":"type-product","3":"status-publish","4":"has-post-thumbnail","6":"product_brand-la-ponderosa","7":"product_cat-bozicni-specijal","8":"product_cat-konzerve","10":"first","11":"outofstock","12":"taxable","13":"shipping-taxable","14":"product-type-variable"},"_links":{"self":[{"href":"https:\/\/myspainfood.com\/hr\/wp-json\/wp\/v2\/product\/44362","targetHints":{"allow":["GET"]}}],"collection":[{"href":"https:\/\/myspainfood.com\/hr\/wp-json\/wp\/v2\/product"}],"about":[{"href":"https:\/\/myspainfood.com\/hr\/wp-json\/wp\/v2\/types\/product"}],"wp:featuredmedia":[{"embeddable":true,"href":"https:\/\/myspainfood.com\/hr\/wp-json\/wp\/v2\/media\/44370"}],"wp:attachment":[{"href":"https:\/\/myspainfood.com\/hr\/wp-json\/wp\/v2\/media?parent=44362"}],"wp:term":[{"taxonomy":"product_brand","embeddable":true,"href":"https:\/\/myspainfood.com\/hr\/wp-json\/wp\/v2\/product_brand?post=44362"},{"taxonomy":"product_cat","embeddable":true,"href":"https:\/\/myspainfood.com\/hr\/wp-json\/wp\/v2\/product_cat?post=44362"},{"taxonomy":"product_tag","embeddable":true,"href":"https:\/\/myspainfood.com\/hr\/wp-json\/wp\/v2\/product_tag?post=44362"}],"curies":[{"name":"wp","href":"https:\/\/api.w.org\/{rel}","templated":true}]}}