{"id":44807,"date":"2025-04-10T12:07:40","date_gmt":"2025-04-10T10:07:40","guid":{"rendered":"https:\/\/myspainfood.com\/producto\/suseni-mijesani-sir-las-gavillas-cca-800-grama\/"},"modified":"2025-06-24T14:12:05","modified_gmt":"2025-06-24T12:12:05","slug":"suseni-mijesani-sir-las-gavillas-cca-800-grama","status":"publish","type":"product","link":"https:\/\/myspainfood.com\/hr\/producto\/suseni-mijesani-sir-las-gavillas-cca-800-grama\/","title":{"rendered":"Su\u0161eni mije\u0161ani sir Las Gavillas cca. 800 grama"},"content":{"rendered":"<p>Sir napravljen od sirovog kravljeg, kozjeg i ov\u010djeg mlijeka<\/p>\n<p> Pribli\u017ena kri\u0161ka od 800 gr<\/p>\n","protected":false},"excerpt":{"rendered":"<p>Sir napravljen od sirovog kravljeg, kozjeg i ov\u010djeg mlijeka Pribli\u017ena kri\u0161ka od 800 gr<\/p>\n","protected":false},"featured_media":44810,"template":"","meta":{"_et_pb_use_builder":"","_et_pb_old_content":"","_et_gb_content_width":""},"product_brand":[1247],"product_cat":[1876,2304],"product_tag":[],"class_list":{"0":"post-44807","1":"product","2":"type-product","3":"status-publish","4":"has-post-thumbnail","6":"product_brand-gavillas","7":"product_cat-hladno-hr","8":"product_cat-sir-i-kobasice","9":"product_shipping_class-hladna-dostava","11":"first","12":"outofstock","13":"featured","14":"taxable","15":"shipping-taxable","16":"purchasable","17":"product-type-simple"},"_links":{"self":[{"href":"https:\/\/myspainfood.com\/hr\/wp-json\/wp\/v2\/product\/44807","targetHints":{"allow":["GET"]}}],"collection":[{"href":"https:\/\/myspainfood.com\/hr\/wp-json\/wp\/v2\/product"}],"about":[{"href":"https:\/\/myspainfood.com\/hr\/wp-json\/wp\/v2\/types\/product"}],"wp:featuredmedia":[{"embeddable":true,"href":"https:\/\/myspainfood.com\/hr\/wp-json\/wp\/v2\/media\/44810"}],"wp:attachment":[{"href":"https:\/\/myspainfood.com\/hr\/wp-json\/wp\/v2\/media?parent=44807"}],"wp:term":[{"taxonomy":"product_brand","embeddable":true,"href":"https:\/\/myspainfood.com\/hr\/wp-json\/wp\/v2\/product_brand?post=44807"},{"taxonomy":"product_cat","embeddable":true,"href":"https:\/\/myspainfood.com\/hr\/wp-json\/wp\/v2\/product_cat?post=44807"},{"taxonomy":"product_tag","embeddable":true,"href":"https:\/\/myspainfood.com\/hr\/wp-json\/wp\/v2\/product_tag?post=44807"}],"curies":[{"name":"wp","href":"https:\/\/api.w.org\/{rel}","templated":true}]}}