{"id":44972,"date":"2025-04-10T12:11:37","date_gmt":"2025-04-10T10:11:37","guid":{"rendered":"https:\/\/myspainfood.com\/producto\/damel-crtanje-osmijeha-slatkisi-medvjedici-1-kg\/"},"modified":"2025-04-10T12:11:37","modified_gmt":"2025-04-10T10:11:37","slug":"damel-crtanje-osmijeha-slatkisi-medvjedici-1-kg","status":"publish","type":"product","link":"https:\/\/myspainfood.com\/hr\/producto\/damel-crtanje-osmijeha-slatkisi-medvjedici-1-kg\/","title":{"rendered":"DAMEL Crtanje osmijeha Slatki\u0161i Medvjedi\u0107i 1 kg"},"content":{"rendered":"","protected":false},"excerpt":{"rendered":"<p>Damel je zabavan svijet koji vam stvara dobar osje\u0107aj. Svaki put kad otvorite vre\u0107icu Damela, na va\u0161em licu se pojavi osmijeh zadovoljstva i u\u017eitka.<\/p>\n<p>U Damelu mo\u017eete prona\u0107i \u0161irok asortiman visokokvalitetnih proizvoda, punih okusa, boja i tekstura. Dizajnirano za vas u bilo koje vrijeme i prigodu: od malih vre\u0107ica, velikih formata, mje\u0161avina okusa ili okusa koji najvi\u0161e volite! <\/p>\n","protected":false},"featured_media":44973,"template":"","meta":{"_et_pb_use_builder":"","_et_pb_old_content":"","_et_gb_content_width":""},"product_brand":[1435],"product_cat":[7792,1917],"product_tag":[],"class_list":{"0":"post-44972","1":"product","2":"type-product","3":"status-publish","4":"has-post-thumbnail","6":"product_brand-damel","7":"product_cat-bozicni-specijal","8":"product_cat-konzerve","10":"first","11":"outofstock","12":"taxable","13":"shipping-taxable","14":"purchasable","15":"product-type-simple"},"_links":{"self":[{"href":"https:\/\/myspainfood.com\/hr\/wp-json\/wp\/v2\/product\/44972","targetHints":{"allow":["GET"]}}],"collection":[{"href":"https:\/\/myspainfood.com\/hr\/wp-json\/wp\/v2\/product"}],"about":[{"href":"https:\/\/myspainfood.com\/hr\/wp-json\/wp\/v2\/types\/product"}],"wp:featuredmedia":[{"embeddable":true,"href":"https:\/\/myspainfood.com\/hr\/wp-json\/wp\/v2\/media\/44973"}],"wp:attachment":[{"href":"https:\/\/myspainfood.com\/hr\/wp-json\/wp\/v2\/media?parent=44972"}],"wp:term":[{"taxonomy":"product_brand","embeddable":true,"href":"https:\/\/myspainfood.com\/hr\/wp-json\/wp\/v2\/product_brand?post=44972"},{"taxonomy":"product_cat","embeddable":true,"href":"https:\/\/myspainfood.com\/hr\/wp-json\/wp\/v2\/product_cat?post=44972"},{"taxonomy":"product_tag","embeddable":true,"href":"https:\/\/myspainfood.com\/hr\/wp-json\/wp\/v2\/product_tag?post=44972"}],"curies":[{"name":"wp","href":"https:\/\/api.w.org\/{rel}","templated":true}]}}