{"id":45025,"date":"2025-04-10T12:11:40","date_gmt":"2025-04-10T10:11:40","guid":{"rendered":"https:\/\/myspainfood.com\/producto\/salmorejo-cordobes-ekstra-djevicansko-maslinovo-ulje-arteoliva-1-litra\/"},"modified":"2026-01-29T12:02:58","modified_gmt":"2026-01-29T11:02:58","slug":"salmorejo-cordobes-ekstra-djevicansko-maslinovo-ulje-arteoliva-1-litra","status":"publish","type":"product","link":"https:\/\/myspainfood.com\/hr\/producto\/salmorejo-cordobes-ekstra-djevicansko-maslinovo-ulje-arteoliva-1-litra\/","title":{"rendered":"Salmorejo Cordob\u00e9s ekstra djevi\u010dansko maslinovo ulje ArteOliva 1 litra"},"content":{"rendered":"<p>Tipi\u010dna hladna krema iz Cordobe, napravljena prvenstveno od svje\u017eih, odabranih raj\u010dica, ekstra djevi\u010danskog maslinovog ulja, kruha i \u010de\u0161njaka.<\/p>\n","protected":false},"excerpt":{"rendered":"<p>Tipi\u010dna hladna krema iz Cordobe, napravljena prvenstveno od svje\u017eih, odabranih raj\u010dica, ekstra djevi\u010danskog maslinovog ulja, kruha i \u010de\u0161njaka.<\/p>\n","protected":false},"featured_media":45031,"template":"","meta":{"_et_pb_use_builder":"","_et_pb_old_content":"","_et_gb_content_width":""},"product_brand":[1457],"product_cat":[2637,1876,1917,4919],"product_tag":[],"class_list":{"0":"post-45025","1":"product","2":"type-product","3":"status-publish","4":"has-post-thumbnail","6":"product_brand-arteoliva","7":"product_cat-ekstra-djevicansko-maslinovo-ulje","8":"product_cat-hladno-hr","9":"product_cat-konzerve","10":"product_cat-pica","11":"product_shipping_class-hladna-dostava","13":"first","14":"outofstock","15":"taxable","16":"shipping-taxable","17":"product-type-variable"},"_links":{"self":[{"href":"https:\/\/myspainfood.com\/hr\/wp-json\/wp\/v2\/product\/45025","targetHints":{"allow":["GET"]}}],"collection":[{"href":"https:\/\/myspainfood.com\/hr\/wp-json\/wp\/v2\/product"}],"about":[{"href":"https:\/\/myspainfood.com\/hr\/wp-json\/wp\/v2\/types\/product"}],"wp:featuredmedia":[{"embeddable":true,"href":"https:\/\/myspainfood.com\/hr\/wp-json\/wp\/v2\/media\/45031"}],"wp:attachment":[{"href":"https:\/\/myspainfood.com\/hr\/wp-json\/wp\/v2\/media?parent=45025"}],"wp:term":[{"taxonomy":"product_brand","embeddable":true,"href":"https:\/\/myspainfood.com\/hr\/wp-json\/wp\/v2\/product_brand?post=45025"},{"taxonomy":"product_cat","embeddable":true,"href":"https:\/\/myspainfood.com\/hr\/wp-json\/wp\/v2\/product_cat?post=45025"},{"taxonomy":"product_tag","embeddable":true,"href":"https:\/\/myspainfood.com\/hr\/wp-json\/wp\/v2\/product_tag?post=45025"}],"curies":[{"name":"wp","href":"https:\/\/api.w.org\/{rel}","templated":true}]}}