{"id":45115,"date":"2025-04-10T12:05:33","date_gmt":"2025-04-10T10:05:33","guid":{"rendered":"https:\/\/myspainfood.com\/producto\/maslina-machacamoya\/"},"modified":"2025-04-10T12:05:33","modified_gmt":"2025-04-10T10:05:33","slug":"maslina-machacamoya","status":"publish","type":"product","link":"https:\/\/myspainfood.com\/hr\/producto\/maslina-machacamoya\/","title":{"rendered":"Maslina Machacamoya"},"content":{"rendered":"<p>Maslina Machacamoya isti\u010de se svojim tipi\u010dnim gorkim okusom. Za najzahtjevnije gurmane, ovo je ovalna maslina za\u010dinjena \u010de\u0161njakom, paprikom, aromati\u010dnim biljem i octom. Maslina koja je vrlo prisutna na \u0161ankovima. Idealno uz \u0161panjolsko vino ili pivo.   <\/p>\n","protected":false},"excerpt":{"rendered":"<p>Maslina Machacamoya isti\u010de se svojim tipi\u010dnim gorkim okusom. Za najzahtjevnije gurmane, ovo je ovalna maslina za\u010dinjena \u010de\u0161njakom, paprikom, aromati\u010dnim biljem i octom. Maslina koja je vrlo prisutna na \u0161ankovima. Idealno uz \u0161panjolsko vino ili pivo.<\/p>\n","protected":false},"featured_media":45122,"template":"","meta":{"_et_pb_use_builder":"","_et_pb_old_content":"","_et_gb_content_width":""},"product_brand":[1057],"product_cat":[1791,1792],"product_tag":[9342],"class_list":{"0":"post-45115","1":"product","2":"type-product","3":"status-publish","4":"has-post-thumbnail","6":"product_brand-la-encajera","7":"product_cat-kiseli-krastavci","8":"product_cat-masline-hr","9":"product_tag-machacamoya-hr","11":"first","12":"outofstock","13":"taxable","14":"shipping-taxable","15":"product-type-variable"},"_links":{"self":[{"href":"https:\/\/myspainfood.com\/hr\/wp-json\/wp\/v2\/product\/45115","targetHints":{"allow":["GET"]}}],"collection":[{"href":"https:\/\/myspainfood.com\/hr\/wp-json\/wp\/v2\/product"}],"about":[{"href":"https:\/\/myspainfood.com\/hr\/wp-json\/wp\/v2\/types\/product"}],"wp:featuredmedia":[{"embeddable":true,"href":"https:\/\/myspainfood.com\/hr\/wp-json\/wp\/v2\/media\/45122"}],"wp:attachment":[{"href":"https:\/\/myspainfood.com\/hr\/wp-json\/wp\/v2\/media?parent=45115"}],"wp:term":[{"taxonomy":"product_brand","embeddable":true,"href":"https:\/\/myspainfood.com\/hr\/wp-json\/wp\/v2\/product_brand?post=45115"},{"taxonomy":"product_cat","embeddable":true,"href":"https:\/\/myspainfood.com\/hr\/wp-json\/wp\/v2\/product_cat?post=45115"},{"taxonomy":"product_tag","embeddable":true,"href":"https:\/\/myspainfood.com\/hr\/wp-json\/wp\/v2\/product_tag?post=45115"}],"curies":[{"name":"wp","href":"https:\/\/api.w.org\/{rel}","templated":true}]}}