{"id":45155,"date":"2025-04-10T12:05:33","date_gmt":"2025-04-10T10:05:33","guid":{"rendered":"https:\/\/myspainfood.com\/producto\/maslina-s-okusom-patlidzana\/"},"modified":"2025-04-10T12:05:33","modified_gmt":"2025-04-10T10:05:33","slug":"maslina-s-okusom-patlidzana","status":"publish","type":"product","link":"https:\/\/myspainfood.com\/hr\/producto\/maslina-s-okusom-patlidzana\/","title":{"rendered":"Maslina s okusom patlid\u017eana"},"content":{"rendered":"<p>Maslina s okusom patlid\u017eana ima vrlo blag okus, \u0161to je \u010dini odva\u017enim <a href=\"https:\/\/www.laencajera.es\/aceitunas\" target=\"_blank\" rel=\"noopener noreferrer nofollow\">predjelom<\/a> koje je uvijek privla\u010dno.<\/p>\n<p>Osim \u0161to je idealan dodatak jelima sa \u017elicom. Mogu se u\u017eivati \u200b\u200buz \u010da\u0161u vina. <\/p>\n<p>Sastojci: Masline, voda, papar, sol, ocat, prirodni za\u010dini (\u010de\u0161njak, kumin, paprika i ulje), poja\u010diva\u010d okusa (E-631, E-627, E-621), regulator kiselosti (E-330), konzervansi (E-270, E-202, E-211), antioksidans (E-330) i prirodne arome. Mo\u017ee sadr\u017eavati sulfite. <\/p>\n<p>\u010cuvati na hladnom i suhom mjestu, izme\u0111u 3\u00baC i 10\u00baC. Dr\u017eati dalje od sun\u010deve svjetlosti i jakih mirisa. <\/p>\n<p>Nakon otvaranja, masline s okusom patlid\u017eana \u010duvajte u hladnjaku i konzumirajte unutar 30 dana.<\/p>\n<p>Ako \u017eelite kupiti masline ili bilo koju drugu vrstu <a href=\"https:\/\/latiendadesami.com\/categoria-producto\/encurtidos\/\" rel=\"noopener noreferrer nofollow\" target=\"_blank\">ukiseljenog proizvoda<\/a> , slobodno pogledajte cijeli na\u0161 online katalog kako biste vidjeli \u0161irok izbor <a href=\"https:\/\/latiendadesami.com\/categoria-producto\/encurtidos\/berenjenas\/\" target=\"_blank\" rel=\"noopener noreferrer nofollow\">patlid\u017eana<\/a> koje imamo.<\/p>\n<p>Brend je La Encajonera, obiteljski posao osnovan 1990. godine, smje\u0161ten u srcu La Manche, u gradu ALMAGRO, u pokrajini Ciudad Real.<\/p>\n<p>Proizvodni proces njihovih proizvoda zapo\u010dinje u istom podru\u010dju uzgoja, odabiru\u0107i proizvode najvi\u0161e kvalitete.<\/p>\n<p>Tvornica je opremljena najnaprednijom tehnologijom, a istovremeno odr\u017eava tradiciju i stru\u010dnost svojih obrtnika.<\/p>\n","protected":false},"excerpt":{"rendered":"<p>Maslina s okusom patlid\u017eana ima vrlo blag okus, \u0161to je \u010dini odva\u017enim predjelom koje je uvijek privla\u010dno. Osim \u0161to je idealan dodatak jelima sa \u017elicom. Mogu se u\u017eivati \u200b\u200buz \u010da\u0161u vina. Sastojci: Masline, voda, papar, sol, ocat, prirodni za\u010dini (\u010de\u0161njak, kumin, paprika i ulje), poja\u010diva\u010d okusa (E-631, E-627, E-621), regulator kiselosti (E-330), konzervansi (E-270, E-202, [&hellip;]<\/p>\n","protected":false},"featured_media":45161,"template":"","meta":{"_et_pb_use_builder":"","_et_pb_old_content":"","_et_gb_content_width":""},"product_brand":[1057],"product_cat":[1791,1792],"product_tag":[2142],"class_list":{"0":"post-45155","1":"product","2":"type-product","3":"status-publish","4":"has-post-thumbnail","6":"product_brand-la-encajera","7":"product_cat-kiseli-krastavci","8":"product_cat-masline-hr","9":"product_tag-patlidzan","11":"first","12":"outofstock","13":"taxable","14":"shipping-taxable","15":"product-type-variable"},"_links":{"self":[{"href":"https:\/\/myspainfood.com\/hr\/wp-json\/wp\/v2\/product\/45155","targetHints":{"allow":["GET"]}}],"collection":[{"href":"https:\/\/myspainfood.com\/hr\/wp-json\/wp\/v2\/product"}],"about":[{"href":"https:\/\/myspainfood.com\/hr\/wp-json\/wp\/v2\/types\/product"}],"wp:featuredmedia":[{"embeddable":true,"href":"https:\/\/myspainfood.com\/hr\/wp-json\/wp\/v2\/media\/45161"}],"wp:attachment":[{"href":"https:\/\/myspainfood.com\/hr\/wp-json\/wp\/v2\/media?parent=45155"}],"wp:term":[{"taxonomy":"product_brand","embeddable":true,"href":"https:\/\/myspainfood.com\/hr\/wp-json\/wp\/v2\/product_brand?post=45155"},{"taxonomy":"product_cat","embeddable":true,"href":"https:\/\/myspainfood.com\/hr\/wp-json\/wp\/v2\/product_cat?post=45155"},{"taxonomy":"product_tag","embeddable":true,"href":"https:\/\/myspainfood.com\/hr\/wp-json\/wp\/v2\/product_tag?post=45155"}],"curies":[{"name":"wp","href":"https:\/\/api.w.org\/{rel}","templated":true}]}}