{"id":46872,"date":"2025-04-10T12:06:14","date_gmt":"2025-04-10T10:06:14","guid":{"rendered":"https:\/\/myspainfood.com\/producto\/incuni-chopchop-2-kg\/"},"modified":"2025-06-24T16:18:03","modified_gmt":"2025-06-24T14:18:03","slug":"incuni-chopchop-2-kg","status":"publish","type":"product","link":"https:\/\/myspainfood.com\/hr\/producto\/incuni-chopchop-2-kg\/","title":{"rendered":"In\u0107uni Chop&amp;Chop 2 kg"},"content":{"rendered":"<p>Picar&amp;Picar 2 kg Zlatna serija in\u0107una je in\u0107un s \u010de\u0161njakom i per\u0161inom iz Zlatne serije.<\/p>\n<p>To je izvrsna i vrlo velika riba prezentirana u pladnju od 200 g.<\/p>\n<p>Ovaj <a href=\"https:\/\/picaripicar.com\/presentacion\/\" target=\"_blank\" rel=\"noopener noreferrer nofollow\">proizvod<\/a> se konzervira u suncokretovom ulju, octu i \u010de\u0161njaku.<\/p>\n<p>Posudu moramo dr\u017eati na temperaturi izme\u0111u 0 i 4\u00baC.<\/p>\n<p>Za njegovu pripremu koristimo \u010diste slabine in\u0107una, koje u po\u010detku imaju sme\u0111e meso.<\/p>\n<p>Srebrni odsjaji vanjske kore isti\u010du se i stavljaju se uronjeni u posudu (staklenu, nikada metalnu jer bi je napala octena kiselina u octu) sa soli, vodom i octom otprilike 3 sata u slanoj vodi i 6 sati u octu na hladnom mjestu.<\/p>\n<p>Fileti in\u0107una, koji su prethodno bili sme\u0111i, pobijelit \u0107e kada ocat po\u010dne djelovati.<\/p>\n<p>Nakon ove operacije i nakon \u0161to se teku\u0107ina ocijedi, ukra\u0161avaju se s puno nasjeckanog \u010de\u0161njaka, maslinovog ulja i per\u0161ina.<\/p>\n<p>Ova se hrana obi\u010dno jede hladno uz pivo (vino se ne preporu\u010duje jer octa lo\u0161e reagira s vinom).<\/p>\n<p>To je vrlo tipi\u010dno predjelo u \u0160panjolskoj, posebno u toplijim mjesecima.<\/p>\n<p>U \u0160panjolskoj ih je tipi\u010dno vidjeti na pladnjevima na \u0161ankovima mnogih barova i restorana.<\/p>\n<p>Jelo \u010desto poslu\u017eujemo ukra\u0161eno kiselim krastavcima, kaparima ili maslinama, uz \u010dips od krumpira, sve na velikom tanjuru.<\/p>\n<p>U \u0160panjolskoj ovaj proizvod prodajemo u supermarketima u plasti\u010dnim posudama razli\u010ditih veli\u010dina, u koje samo trebate dodati \u010de\u0161njak i per\u0161in.<\/p>\n<h2>In\u0107uni Chop&amp;Chop 2 kg ZLATNA SERIJA<\/h2>\n<p>Ako \u017eelite kupiti Picar&amp;Picar 2 kg in\u0107una Gold Series ili bilo koju drugu vrstu <a href=\"https:\/\/latiendadesami.com\/categoria-producto\/frio\/\" rel=\"noopener noreferrer nofollow\" target=\"_blank\">hladne hrane<\/a> , slobodno pogledajte cijeli na\u0161 online katalog.<\/p>\n<p>Nudimo najvi\u0161u kvalitetu po najpovoljnijoj cijeni.<\/p>\n<p>Pi\u0161ite nam za vi\u0161e informacija ili ako imate bilo kakvih pitanja u vezi s ovim ili bilo kojim drugim proizvodom.<\/p>\n","protected":false},"excerpt":{"rendered":"<p>Picar&amp;Picar 2 kg Zlatna serija in\u0107una je in\u0107un s \u010de\u0161njakom i per\u0161inom iz Zlatne serije. To je izvrsna i vrlo velika riba prezentirana u pladnju od 200 g. Ovaj proizvod se konzervira u suncokretovom ulju, octu i \u010de\u0161njaku. Posudu moramo dr\u017eati na temperaturi izme\u0111u 0 i 4\u00baC. Za njegovu pripremu koristimo \u010diste slabine in\u0107una, koje [&hellip;]<\/p>\n","protected":false},"featured_media":46878,"template":"","meta":{"_et_pb_use_builder":"","_et_pb_old_content":"","_et_gb_content_width":""},"product_brand":[1127],"product_cat":[1876,1898],"product_tag":[],"class_list":{"0":"post-46872","1":"product","2":"type-product","3":"status-publish","4":"has-post-thumbnail","6":"product_brand-picarpicar","7":"product_cat-hladno-hr","8":"product_cat-incuni-hr","9":"product_shipping_class-hladna-dostava","11":"first","12":"instock","13":"taxable","14":"shipping-taxable","15":"purchasable","16":"product-type-variable"},"_links":{"self":[{"href":"https:\/\/myspainfood.com\/hr\/wp-json\/wp\/v2\/product\/46872","targetHints":{"allow":["GET"]}}],"collection":[{"href":"https:\/\/myspainfood.com\/hr\/wp-json\/wp\/v2\/product"}],"about":[{"href":"https:\/\/myspainfood.com\/hr\/wp-json\/wp\/v2\/types\/product"}],"wp:featuredmedia":[{"embeddable":true,"href":"https:\/\/myspainfood.com\/hr\/wp-json\/wp\/v2\/media\/46878"}],"wp:attachment":[{"href":"https:\/\/myspainfood.com\/hr\/wp-json\/wp\/v2\/media?parent=46872"}],"wp:term":[{"taxonomy":"product_brand","embeddable":true,"href":"https:\/\/myspainfood.com\/hr\/wp-json\/wp\/v2\/product_brand?post=46872"},{"taxonomy":"product_cat","embeddable":true,"href":"https:\/\/myspainfood.com\/hr\/wp-json\/wp\/v2\/product_cat?post=46872"},{"taxonomy":"product_tag","embeddable":true,"href":"https:\/\/myspainfood.com\/hr\/wp-json\/wp\/v2\/product_tag?post=46872"}],"curies":[{"name":"wp","href":"https:\/\/api.w.org\/{rel}","templated":true}]}}