{"id":47123,"date":"2025-04-10T12:06:46","date_gmt":"2025-04-10T10:06:46","guid":{"rendered":"https:\/\/myspainfood.com\/producto\/sparoge-do-navarra-5-plodova-cambra\/"},"modified":"2025-04-10T12:06:46","modified_gmt":"2025-04-10T10:06:46","slug":"sparoge-do-navarra-5-plodova-cambra","status":"publish","type":"product","link":"https:\/\/myspainfood.com\/hr\/producto\/sparoge-do-navarra-5-plodova-cambra\/","title":{"rendered":"\u0160paroge DO Navarra 5 plodova Cambra"},"content":{"rendered":"<p>\u0160paroge <strong>iz Navarre, DO,<\/strong> u staklenoj posudi s 5 dodatnih plodova.<\/p>\n<p> Autenti\u010dne navarske \u0161paroge vrlo debelog kalibra. <strong>Dodatna kvaliteta<\/strong> .<\/p>\n","protected":false},"excerpt":{"rendered":"<p>\u0160paroge iz Navarre, DO, u staklenoj posudi s 5 dodatnih plodova. Autenti\u010dne navarske \u0161paroge vrlo debelog kalibra. Dodatna kvaliteta .<\/p>\n","protected":false},"featured_media":47133,"template":"","meta":{"_et_pb_use_builder":"","_et_pb_old_content":"","_et_gb_content_width":""},"product_brand":[1129],"product_cat":[1917,6433],"product_tag":[9741],"class_list":{"0":"post-47123","1":"product","2":"type-product","3":"status-publish","4":"has-post-thumbnail","6":"product_brand-mateo","7":"product_cat-konzerve","8":"product_cat-sparoga","9":"product_tag-navara","11":"first","12":"outofstock","13":"taxable","14":"shipping-taxable","15":"product-type-variable"},"_links":{"self":[{"href":"https:\/\/myspainfood.com\/hr\/wp-json\/wp\/v2\/product\/47123","targetHints":{"allow":["GET"]}}],"collection":[{"href":"https:\/\/myspainfood.com\/hr\/wp-json\/wp\/v2\/product"}],"about":[{"href":"https:\/\/myspainfood.com\/hr\/wp-json\/wp\/v2\/types\/product"}],"wp:featuredmedia":[{"embeddable":true,"href":"https:\/\/myspainfood.com\/hr\/wp-json\/wp\/v2\/media\/47133"}],"wp:attachment":[{"href":"https:\/\/myspainfood.com\/hr\/wp-json\/wp\/v2\/media?parent=47123"}],"wp:term":[{"taxonomy":"product_brand","embeddable":true,"href":"https:\/\/myspainfood.com\/hr\/wp-json\/wp\/v2\/product_brand?post=47123"},{"taxonomy":"product_cat","embeddable":true,"href":"https:\/\/myspainfood.com\/hr\/wp-json\/wp\/v2\/product_cat?post=47123"},{"taxonomy":"product_tag","embeddable":true,"href":"https:\/\/myspainfood.com\/hr\/wp-json\/wp\/v2\/product_tag?post=47123"}],"curies":[{"name":"wp","href":"https:\/\/api.w.org\/{rel}","templated":true}]}}