{"id":47287,"date":"2025-04-10T12:06:56","date_gmt":"2025-04-10T10:06:56","guid":{"rendered":"https:\/\/myspainfood.com\/producto\/harlekin-gulas\/"},"modified":"2025-08-20T15:02:09","modified_gmt":"2025-08-20T13:02:09","slug":"harlekin-gulas","status":"publish","type":"product","link":"https:\/\/myspainfood.com\/hr\/producto\/harlekin-gulas\/","title":{"rendered":"Harlequinitos Arlequin 230 grama"},"content":{"rendered":"<p>Harlequinitos iz <a href=\"https:\/\/conservasarlequin.com\/arlequin\/\" target=\"_blank\" rel=\"noopener noreferrer nofollow\">Arlequ\u00edna<\/a> je konzervirani proizvod izra\u0111en ru\u010dno.<\/p>\n<p><strong>Neto te\u017eina\/Ocije\u0111eno:<\/strong> 230 g\/110 g<\/p>\n<p><strong>Rok valjanosti:<\/strong> 5 godina<\/p>\n<p><strong>O\u010duvanje:<\/strong> Okoli\u0161<\/p>\n<p>U Conservas <a href=\"https:\/\/latiendadesami.com\/marca\/arlequin\/\" target=\"_blank\" rel=\"noopener noreferrer nofollow\">Arlequ\u00edn,<\/a> na\u0161a je misija ponuditi izvrstan proizvod, najbolju uslugu i \u0161irok asortiman konzervirane ribe po najpovoljnijoj cijeni.<\/p>\n<p>Tako\u0111er su specijalisti za in\u0107une, bijelu ribu, palamidu, laganu tunu, dagnje, sku\u0161u, harlequin gula\u0161 i sardine.<\/p>\n<p>Na primjer, Comidista novina El Pa\u00eds rekao je o ventresci: &#8220;Tako je nje\u017ena, gotovo kremasta, da vas tjera da se njome o\u017eenite i \u017eivite sretno dok vas Gospodin ne uzme.&#8221;<\/p>\n<h4>Glavne prednosti konzervi<\/h4>\n<ol>\n<li>Zadr\u017eavaju sva nutritivna svojstva same hrane. Hrana zadr\u017eava svoju svje\u017einu. <\/li>\n<li>Kori\u0161tene namirnice su zdrave i stoga prikladne za optimalnu prehranu zahvaljuju\u0107i visokom broju vitamina i proteina.<\/li>\n<li>Ovi proizvodi imaju dulji vijek trajanja (obi\u010dno izme\u0111u 2 i 5 godina).<\/li>\n<li>Konzerve je vrlo lako \u010duvati jer im pakiranje omogu\u0107uje jednostavnu primjenu.<\/li>\n<\/ol>\n<p>Ako \u017eelite kupiti tunu ili bilo koju drugu vrstu <a href=\"https:\/\/latiendadesami.com\/categoria-producto\/conservas\/\" rel=\"noopener noreferrer nofollow\" target=\"_blank\">konzervirane hrane<\/a> , slobodno pogledajte cijeli na\u0161 online katalog kako biste vidjeli \u0161irok izbor <a href=\"https:\/\/latiendadesami.com\/categoria-producto\/conservas\/atun-y-bonito\/\" target=\"_blank\" rel=\"noopener noreferrer nofollow\">tune<\/a> koju imamo.<\/p>\n<p>Pi\u0161ite nam za vi\u0161e informacija.<\/p>\n","protected":false},"excerpt":{"rendered":"<p>Harlequinitos iz Arlequ\u00edna je konzervirani proizvod izra\u0111en ru\u010dno. Neto te\u017eina\/Ocije\u0111eno: 230 g\/110 g Rok valjanosti: 5 godina O\u010duvanje: Okoli\u0161 U Conservas Arlequ\u00edn, na\u0161a je misija ponuditi izvrstan proizvod, najbolju uslugu i \u0161irok asortiman konzervirane ribe po najpovoljnijoj cijeni. Tako\u0111er su specijalisti za in\u0107une, bijelu ribu, palamidu, laganu tunu, dagnje, sku\u0161u, harlequin gula\u0161 i sardine. Na [&hellip;]<\/p>\n","protected":false},"featured_media":47296,"template":"","meta":{"_et_pb_use_builder":"","_et_pb_old_content":"","_et_gb_content_width":""},"product_brand":[1162],"product_cat":[1917],"product_tag":[],"class_list":{"0":"post-47287","1":"product","2":"type-product","3":"status-publish","4":"has-post-thumbnail","6":"product_brand-arlequin","7":"product_cat-konzerve","9":"first","10":"outofstock","11":"taxable","12":"shipping-taxable","13":"purchasable","14":"product-type-variable"},"_links":{"self":[{"href":"https:\/\/myspainfood.com\/hr\/wp-json\/wp\/v2\/product\/47287","targetHints":{"allow":["GET"]}}],"collection":[{"href":"https:\/\/myspainfood.com\/hr\/wp-json\/wp\/v2\/product"}],"about":[{"href":"https:\/\/myspainfood.com\/hr\/wp-json\/wp\/v2\/types\/product"}],"wp:featuredmedia":[{"embeddable":true,"href":"https:\/\/myspainfood.com\/hr\/wp-json\/wp\/v2\/media\/47296"}],"wp:attachment":[{"href":"https:\/\/myspainfood.com\/hr\/wp-json\/wp\/v2\/media?parent=47287"}],"wp:term":[{"taxonomy":"product_brand","embeddable":true,"href":"https:\/\/myspainfood.com\/hr\/wp-json\/wp\/v2\/product_brand?post=47287"},{"taxonomy":"product_cat","embeddable":true,"href":"https:\/\/myspainfood.com\/hr\/wp-json\/wp\/v2\/product_cat?post=47287"},{"taxonomy":"product_tag","embeddable":true,"href":"https:\/\/myspainfood.com\/hr\/wp-json\/wp\/v2\/product_tag?post=47287"}],"curies":[{"name":"wp","href":"https:\/\/api.w.org\/{rel}","templated":true}]}}