{"id":47389,"date":"2025-04-10T12:06:58","date_gmt":"2025-04-10T10:06:58","guid":{"rendered":"https:\/\/myspainfood.com\/producto\/habitas-mini-beba\/"},"modified":"2025-04-10T12:06:58","modified_gmt":"2025-04-10T10:06:58","slug":"habitas-mini-beba","status":"publish","type":"product","link":"https:\/\/myspainfood.com\/hr\/producto\/habitas-mini-beba\/","title":{"rendered":"Habitas mini beba"},"content":{"rendered":"<p>Mini mladi grah koji proizvodi <a href=\"https:\/\/www.alsurvegetales.com\/producto\/id\/12\/habas-frita-mini-baby\" target=\"_blank\" rel=\"noopener noreferrer nofollow\">Alsur<\/a> bere se ru\u010dno kako bi se osigurala maksimalna kvaliteta.<\/p>\n<p>Proizvod je odabran zbog svoje veli\u010dine i zrelosti, posti\u017eu\u0107i najvi\u0161u kvalitetu okusa i nje\u017enu ko\u017eicu.<\/p>\n<p>Stoga se samo 8% ubranog uroda koristi za kona\u010dno pakiranje, gdje maslinovo ulje djeluje kao konzervans.<\/p>\n<p>\u010cuvati na hladnom i suhom mjestu. Nakon otvaranja, \u010duvati u hladnjaku i potro\u0161iti unutar 7 dana. <\/p>\n<p>Sastojci: Ekstra fini bob, djevi\u010dansko maslinovo ulje (31%), sol i limunska kiselina.<\/p>\n<p>Alsur je obiteljski posao u kojem je su\u0161tina hrane glavni protagonist.<\/p>\n<h4>Glavne prednosti konzervi<\/h4>\n<ol>\n<li>Zadr\u017eavaju sva nutritivna svojstva same hrane. Hrana zadr\u017eava svoju svje\u017einu. <\/li>\n<li>Kori\u0161tene namirnice su zdrave i stoga prikladne za optimalnu prehranu zahvaljuju\u0107i visokom broju vitamina i proteina.<\/li>\n<li>Ovi proizvodi imaju dulji vijek trajanja (obi\u010dno izme\u0111u 2 i 5 godina).<\/li>\n<li>Konzerve je vrlo lako \u010duvati jer im pakiranje omogu\u0107uje jednostavnu primjenu.<\/li>\n<\/ol>\n<p>Ako \u017eelite kupiti Mini Baby Habitas s tunom ili bilo koju drugu vrstu <a href=\"https:\/\/latiendadesami.com\/categoria-producto\/conservas\/\" rel=\"noopener noreferrer nofollow\" target=\"_blank\">konzervirane hrane<\/a> , slobodno pogledajte cijeli na\u0161 online katalog kako biste vidjeli \u0161irok izbor <a href=\"https:\/\/latiendadesami.com\/categoria-producto\/conservas\/atun-y-bonito\/\" target=\"_blank\" rel=\"noopener noreferrer nofollow\">tune<\/a> koju imamo.<\/p>\n<p>Pi\u0161ite nam za vi\u0161e informacija.<\/p>\n","protected":false},"excerpt":{"rendered":"<p>Habitas Baby<\/p>\n","protected":false},"featured_media":47395,"template":"","meta":{"_et_pb_use_builder":"","_et_pb_old_content":"","_et_gb_content_width":""},"product_brand":[1196],"product_cat":[1917,3732],"product_tag":[],"class_list":{"0":"post-47389","1":"product","2":"type-product","3":"status-publish","4":"has-post-thumbnail","6":"product_brand-alsur","7":"product_cat-konzerve","8":"product_cat-povrce","10":"first","11":"instock","12":"taxable","13":"shipping-taxable","14":"product-type-variable"},"_links":{"self":[{"href":"https:\/\/myspainfood.com\/hr\/wp-json\/wp\/v2\/product\/47389","targetHints":{"allow":["GET"]}}],"collection":[{"href":"https:\/\/myspainfood.com\/hr\/wp-json\/wp\/v2\/product"}],"about":[{"href":"https:\/\/myspainfood.com\/hr\/wp-json\/wp\/v2\/types\/product"}],"wp:featuredmedia":[{"embeddable":true,"href":"https:\/\/myspainfood.com\/hr\/wp-json\/wp\/v2\/media\/47395"}],"wp:attachment":[{"href":"https:\/\/myspainfood.com\/hr\/wp-json\/wp\/v2\/media?parent=47389"}],"wp:term":[{"taxonomy":"product_brand","embeddable":true,"href":"https:\/\/myspainfood.com\/hr\/wp-json\/wp\/v2\/product_brand?post=47389"},{"taxonomy":"product_cat","embeddable":true,"href":"https:\/\/myspainfood.com\/hr\/wp-json\/wp\/v2\/product_cat?post=47389"},{"taxonomy":"product_tag","embeddable":true,"href":"https:\/\/myspainfood.com\/hr\/wp-json\/wp\/v2\/product_tag?post=47389"}],"curies":[{"name":"wp","href":"https:\/\/api.w.org\/{rel}","templated":true}]}}