{"id":47668,"date":"2025-04-10T12:07:16","date_gmt":"2025-04-10T10:07:16","guid":{"rendered":"https:\/\/myspainfood.com\/producto\/kajgana-s-prirodnim-gljivama-kao-predjelo\/"},"modified":"2025-04-10T12:07:16","modified_gmt":"2025-04-10T10:07:16","slug":"kajgana-s-prirodnim-gljivama-kao-predjelo","status":"publish","type":"product","link":"https:\/\/myspainfood.com\/hr\/producto\/kajgana-s-prirodnim-gljivama-kao-predjelo\/","title":{"rendered":"Kajgana s prirodnim gljivama kao predjelo"},"content":{"rendered":"<p>Prirodna kajgana s gljivama <a href=\"https:\/\/twitter.com\/mca_spain\" target=\"_blank\" rel=\"noopener noreferrer nofollow\">proizvod je tvrtke MCA \u0160panjolska<\/a> .<\/p>\n<p>Njegov glavni sastojak su vrhunske prirodne gljive.<\/p>\n<p>Nakon otvaranja, \u010duvati u hladnjaku i po mogu\u0107nosti konzumirati unutar 5 dana.<\/p>\n<p>La Viuda de Mateo je jedan od za\u0161titnih znakova koje grupa MCA Spain koristi za marketing.<\/p>\n<p>Podrijetlo MCA \u0160panjolska le\u017ei u iskustvu Carlosa Ripe, njegovog sada\u0161njeg generalnog direktora, nakon desetlje\u0107a rada u obiteljskom poduze\u0107u povezanom s maloprodajnim prehrambenim sektorom.<\/p>\n<p>Me\u0111utim, sredinom 1980-ih Ripa je pokrenuo vlastiti projekt u svom rodnom gradu (Mendavia, Navarra): tvrtku za konzerviranje, MCA \u0160panjolska.<\/p>\n<p>Ova se tvrtka, svojim konzerviranim povr\u0107em i konzerviranom ribom, pozicionirala u najvi\u0161u diviziju \u0161panjolskog poljoprivredno-prehrambenog sektora.<\/p>\n<p>Spektakularan razvoj doga\u0111aja koji ne bi bio mogu\u0107 bez prvoklasnog tima i predanosti usluzi korisnicima.<\/p>\n<p>Ako \u017eelite kupiti prirodne kajgane od gljiva ili bilo koju drugu vrstu <a href=\"https:\/\/latiendadesami.com\/categoria-producto\/conservas\/\" rel=\"noopener noreferrer nofollow\" target=\"_blank\">konzervi<\/a> , slobodno pogledajte cijeli na\u0161 online katalog.<\/p>\n<p>Nudimo najvi\u0161u kvalitetu po najpovoljnijoj cijeni.<\/p>\n<p>Pi\u0161ite nam za vi\u0161e informacija ili ako imate bilo kakvih pitanja u vezi s ovim ili bilo kojim drugim proizvodom u na\u0161em katalogu.<\/p>\n","protected":false},"excerpt":{"rendered":"<p>Prva prirodna gljiva u kajgani<\/p>\n","protected":false},"featured_media":47671,"template":"","meta":{"_et_pb_use_builder":"","_et_pb_old_content":"","_et_gb_content_width":""},"product_brand":[1129],"product_cat":[1917,3732],"product_tag":[],"class_list":{"0":"post-47668","1":"product","2":"type-product","3":"status-publish","4":"has-post-thumbnail","6":"product_brand-mateo","7":"product_cat-konzerve","8":"product_cat-povrce","10":"first","11":"instock","12":"taxable","13":"shipping-taxable","14":"purchasable","15":"product-type-variable"},"_links":{"self":[{"href":"https:\/\/myspainfood.com\/hr\/wp-json\/wp\/v2\/product\/47668","targetHints":{"allow":["GET"]}}],"collection":[{"href":"https:\/\/myspainfood.com\/hr\/wp-json\/wp\/v2\/product"}],"about":[{"href":"https:\/\/myspainfood.com\/hr\/wp-json\/wp\/v2\/types\/product"}],"wp:featuredmedia":[{"embeddable":true,"href":"https:\/\/myspainfood.com\/hr\/wp-json\/wp\/v2\/media\/47671"}],"wp:attachment":[{"href":"https:\/\/myspainfood.com\/hr\/wp-json\/wp\/v2\/media?parent=47668"}],"wp:term":[{"taxonomy":"product_brand","embeddable":true,"href":"https:\/\/myspainfood.com\/hr\/wp-json\/wp\/v2\/product_brand?post=47668"},{"taxonomy":"product_cat","embeddable":true,"href":"https:\/\/myspainfood.com\/hr\/wp-json\/wp\/v2\/product_cat?post=47668"},{"taxonomy":"product_tag","embeddable":true,"href":"https:\/\/myspainfood.com\/hr\/wp-json\/wp\/v2\/product_tag?post=47668"}],"curies":[{"name":"wp","href":"https:\/\/api.w.org\/{rel}","templated":true}]}}