{"id":48577,"date":"2025-04-10T12:07:42","date_gmt":"2025-04-10T10:07:42","guid":{"rendered":"https:\/\/myspainfood.com\/producto\/cili-papricica-15-kg-neto-tezine\/"},"modified":"2025-04-10T12:07:42","modified_gmt":"2025-04-10T10:07:42","slug":"cili-papricica-15-kg-neto-tezine","status":"publish","type":"product","link":"https:\/\/myspainfood.com\/hr\/producto\/cili-papricica-15-kg-neto-tezine\/","title":{"rendered":"\u010cili papri\u010dica 1,5 kg neto te\u017eine"},"content":{"rendered":"<p>Piparra, neto te\u017eine 1,5 kg, u octu dat \u0107e na\u0161im <a href=\"https:\/\/es.wikipedia.org\/wiki\/Guindilla_de_Ibarra\" target=\"_blank\" rel=\"noopener noreferrer nofollow\">jelima<\/a> taj pikantan dodir koji ih \u010dini posebnima.<\/p>\n<p>Ovaj proizvod \u0107e odu\u0161eviti nepce i visoko je cijenjen uz variva ili umake pune okusa.<\/p>\n<p>Me\u0111u mnogim tradicionalnim sastojcima baskijske kuhinje je i \u010dili piparra.<\/p>\n<p>Vrlo posebna \u010dili papri\u010dica jer je jedva ljuta.<\/p>\n<p>Vrlo dobro se uklapa u sve vrste jelovnika i vrlo ga dobro prihva\u0107aju oni koji nisu osobito ljubitelji ovog okusa.<\/p>\n<p>Piparre, neto te\u017eine 1,5 kg, u ovoj posudi su srednje veli\u010dine i pripremljene s octom.<\/p>\n<p>Pravi dodir s kojim se piparre obi\u010dno poslu\u017euju, koji \u0107e vam sa svakim zalogajem poslati drhtaj intenzivnog okusa kroz tijelo.<\/p>\n<p>Neka svojstva \u010dili papri\u010dica:<\/p>\n<ul>\n<li>Smanjuje kolesterol.<\/li>\n<li>Stimulira cirkulaciju krvi i respiratornu funkciju.<\/li>\n<li>Smatra se da mo\u017ee pomo\u0107i u smanjenju vi\u0161ka kilograma, jer ubrzava metabolizam.<\/li>\n<li>Prema nekim studijama, \u0161titi \u017eeludac tako \u0161to ga poti\u010de na proizvodnju vi\u0161e sluzi.<\/li>\n<\/ul>\n<p>Ako \u017eelite kupiti masline ili bilo koju drugu vrstu <a href=\"https:\/\/latiendadesami.com\/categoria-producto\/encurtidos\/\" rel=\"noopener noreferrer nofollow\" target=\"_blank\">kiselih krastavaca<\/a> , slobodno pogledajte cijeli na\u0161 online katalog kako biste vidjeli \u0161irok izbor <a href=\"https:\/\/latiendadesami.com\/categoria-producto\/encurtidos\/pepinillos\/\" target=\"_blank\" rel=\"noopener noreferrer nofollow\">kiselih krastavaca<\/a> koje imamo.<\/p>\n","protected":false},"excerpt":{"rendered":"<p>Piparra, neto te\u017eine 1,5 kg, u octu dat \u0107e na\u0161im jelima taj pikantan dodir koji ih \u010dini posebnima. Ovaj proizvod \u0107e odu\u0161eviti nepce i visoko je cijenjen uz variva ili umake pune okusa. Me\u0111u mnogim tradicionalnim sastojcima baskijske kuhinje je i \u010dili piparra. Vrlo posebna \u010dili papri\u010dica jer je jedva ljuta. Vrlo dobro se uklapa [&hellip;]<\/p>\n","protected":false},"featured_media":48579,"template":"","meta":{"_et_pb_use_builder":"","_et_pb_old_content":"","_et_gb_content_width":""},"product_brand":[1069],"product_cat":[4030,1791],"product_tag":[9877],"class_list":{"0":"post-48577","1":"product","2":"type-product","3":"status-publish","4":"has-post-thumbnail","6":"product_brand-sangar","7":"product_cat-cili-papricice","8":"product_cat-kiseli-krastavci","9":"product_tag-piparra-hr","11":"first","12":"outofstock","13":"taxable","14":"shipping-taxable","15":"purchasable","16":"product-type-simple"},"_links":{"self":[{"href":"https:\/\/myspainfood.com\/hr\/wp-json\/wp\/v2\/product\/48577","targetHints":{"allow":["GET"]}}],"collection":[{"href":"https:\/\/myspainfood.com\/hr\/wp-json\/wp\/v2\/product"}],"about":[{"href":"https:\/\/myspainfood.com\/hr\/wp-json\/wp\/v2\/types\/product"}],"wp:featuredmedia":[{"embeddable":true,"href":"https:\/\/myspainfood.com\/hr\/wp-json\/wp\/v2\/media\/48579"}],"wp:attachment":[{"href":"https:\/\/myspainfood.com\/hr\/wp-json\/wp\/v2\/media?parent=48577"}],"wp:term":[{"taxonomy":"product_brand","embeddable":true,"href":"https:\/\/myspainfood.com\/hr\/wp-json\/wp\/v2\/product_brand?post=48577"},{"taxonomy":"product_cat","embeddable":true,"href":"https:\/\/myspainfood.com\/hr\/wp-json\/wp\/v2\/product_cat?post=48577"},{"taxonomy":"product_tag","embeddable":true,"href":"https:\/\/myspainfood.com\/hr\/wp-json\/wp\/v2\/product_tag?post=48577"}],"curies":[{"name":"wp","href":"https:\/\/api.w.org\/{rel}","templated":true}]}}