{"id":48643,"date":"2025-04-10T12:07:46","date_gmt":"2025-04-10T10:07:46","guid":{"rendered":"https:\/\/myspainfood.com\/producto\/kamilica-4-kg-kalibra-180-200\/"},"modified":"2025-04-10T12:07:46","modified_gmt":"2025-04-10T10:07:46","slug":"kamilica-4-kg-kalibra-180-200","status":"publish","type":"product","link":"https:\/\/myspainfood.com\/hr\/producto\/kamilica-4-kg-kalibra-180-200\/","title":{"rendered":"Kamilica 4 kg kalibra 180\/200"},"content":{"rendered":"<p>Masline Manzanilla 180\/200, kalibra 4 kg, zadr\u017eavaju svoj <a href=\"https:\/\/www.google.com\/search?q=aceituna+manzanilla+calibre&amp;tbm=isch&amp;ved=2ahUKEwjzs-WOhPD1AhWHh1wKHXXjAgAQ2-cCegQIABAA&amp;oq=aceituna+manzanilla+calibre&amp;gs_lcp=CgNpbWcQA1CzBli4GGC8GWgAcAB4AIABbYgBzQySAQQxNy4ymAEAoAEBqgELZ3dzLXdpei1pbWfAAQE&amp;sclient=img&amp;ei=6FcCYvOfBoeP8gL1xgs&amp;bih=780&amp;biw=1577\" target=\"_blank\" rel=\"noopener noreferrer nofollow\">izvorni<\/a> oblik, \u010duvaju\u0107i ko\u0161ticu unutar ploda.<\/p>\n<p>Naziv kamilica odnosi se na razli\u010dite sorte masline (Olea europaea).<\/p>\n<p>Ovo ime se daje i vo\u0107u ili maslini koju proizvode.<\/p>\n<p>Glavne sorte su seviljska kamilica, kamilica C\u00e1ceres i kamilica Alore\u00f1a.<\/p>\n<p>Preporu\u010dljivo je \u010duvati cijele masline na hladnom i suhom mjestu, za\u0161ti\u0107eno od sun\u010deve svjetlosti.<\/p>\n<h3>Prednosti Manzanilla 180\/200 kalibra 4kg<\/h3>\n<p>Jeste li znali za brojne blagodati ovih maslina? Imaju veliku mo\u0107 kada je u pitanju sprje\u010davanje bolesti srca i krvo\u017eilnog sustava op\u0107enito. <\/p>\n<p>To je zbog visokog sadr\u017eaja nezasi\u0107enih masti. Osim toga, to je namirnica koja sadr\u017ei puno \u017eeljeza i vlakana te je vrlo zasitna, \u0161to je \u010dini savr\u0161enom grickalicom. <\/p>\n<p>Ako \u017eelite kupiti masline ili bilo koju drugu vrstu <a href=\"https:\/\/latiendadesami.com\/categoria-producto\/encurtidos\/\" rel=\"noopener noreferrer nofollow\" target=\"_blank\">ukiseljenog proizvoda<\/a> , slobodno pregledajte cijeli na\u0161 online katalog kako biste vidjeli \u0161irok izbor <a href=\"https:\/\/latiendadesami.com\/categoria-producto\/encurtidos\/aceitunas\/\" target=\"_blank\" rel=\"noopener noreferrer nofollow\">maslina<\/a> koje imamo.<\/p>\n","protected":false},"excerpt":{"rendered":"<p>Masline Manzanilla 180\/200, kalibra 4 kg, zadr\u017eavaju svoj izvorni oblik, \u010duvaju\u0107i ko\u0161ticu unutar ploda. Naziv kamilica odnosi se na razli\u010dite sorte masline (Olea europaea). Ovo ime se daje i vo\u0107u ili maslini koju proizvode. Glavne sorte su seviljska kamilica, kamilica C\u00e1ceres i kamilica Alore\u00f1a. Preporu\u010dljivo je \u010duvati cijele masline na hladnom i suhom mjestu, za\u0161ti\u0107eno [&hellip;]<\/p>\n","protected":false},"featured_media":48645,"template":"","meta":{"_et_pb_use_builder":"","_et_pb_old_content":"","_et_gb_content_width":""},"product_brand":[1069],"product_cat":[1791,1792],"product_tag":[2036],"class_list":{"0":"post-48643","1":"product","2":"type-product","3":"status-publish","4":"has-post-thumbnail","6":"product_brand-sangar","7":"product_cat-kiseli-krastavci","8":"product_cat-masline-hr","9":"product_tag-kamilica","11":"first","12":"outofstock","13":"taxable","14":"shipping-taxable","15":"purchasable","16":"product-type-simple"},"_links":{"self":[{"href":"https:\/\/myspainfood.com\/hr\/wp-json\/wp\/v2\/product\/48643","targetHints":{"allow":["GET"]}}],"collection":[{"href":"https:\/\/myspainfood.com\/hr\/wp-json\/wp\/v2\/product"}],"about":[{"href":"https:\/\/myspainfood.com\/hr\/wp-json\/wp\/v2\/types\/product"}],"wp:featuredmedia":[{"embeddable":true,"href":"https:\/\/myspainfood.com\/hr\/wp-json\/wp\/v2\/media\/48645"}],"wp:attachment":[{"href":"https:\/\/myspainfood.com\/hr\/wp-json\/wp\/v2\/media?parent=48643"}],"wp:term":[{"taxonomy":"product_brand","embeddable":true,"href":"https:\/\/myspainfood.com\/hr\/wp-json\/wp\/v2\/product_brand?post=48643"},{"taxonomy":"product_cat","embeddable":true,"href":"https:\/\/myspainfood.com\/hr\/wp-json\/wp\/v2\/product_cat?post=48643"},{"taxonomy":"product_tag","embeddable":true,"href":"https:\/\/myspainfood.com\/hr\/wp-json\/wp\/v2\/product_tag?post=48643"}],"curies":[{"name":"wp","href":"https:\/\/api.w.org\/{rel}","templated":true}]}}