{"id":48659,"date":"2025-04-10T12:07:47","date_gmt":"2025-04-10T10:07:47","guid":{"rendered":"https:\/\/myspainfood.com\/producto\/kamilica-4-kg-242-aperitiv\/"},"modified":"2025-04-10T12:07:47","modified_gmt":"2025-04-10T10:07:47","slug":"kamilica-4-kg-242-aperitiv","status":"publish","type":"product","link":"https:\/\/myspainfood.com\/hr\/producto\/kamilica-4-kg-242-aperitiv\/","title":{"rendered":"Kamilica 4 kg 242 aperitiv"},"content":{"rendered":"<p>Naziv kamilica odnosi se na razli\u010dite sorte masline (Olea europaea). Ovo ime se daje i vo\u0107u ili maslini koju proizvode. Glavne sorte su seviljska kamilica, kamilica C\u00e1ceres i kamilica Alore\u00f1a.    <\/p>\n","protected":false},"excerpt":{"rendered":"<p>Naziv kamilica odnosi se na razli\u010dite sorte masline (Olea europaea). Ovo ime se daje i vo\u0107u ili maslini koju proizvode. Glavne sorte su seviljska kamilica, kamilica C\u00e1ceres i kamilica Alore\u00f1a.<\/p>\n","protected":false},"featured_media":48663,"template":"","meta":{"_et_pb_use_builder":"","_et_pb_old_content":"","_et_gb_content_width":""},"product_brand":[1069],"product_cat":[1791,1792],"product_tag":[2036],"class_list":{"0":"post-48659","1":"product","2":"type-product","3":"status-publish","4":"has-post-thumbnail","6":"product_brand-sangar","7":"product_cat-kiseli-krastavci","8":"product_cat-masline-hr","9":"product_tag-kamilica","11":"first","12":"outofstock","13":"taxable","14":"shipping-taxable","15":"purchasable","16":"product-type-simple"},"_links":{"self":[{"href":"https:\/\/myspainfood.com\/hr\/wp-json\/wp\/v2\/product\/48659","targetHints":{"allow":["GET"]}}],"collection":[{"href":"https:\/\/myspainfood.com\/hr\/wp-json\/wp\/v2\/product"}],"about":[{"href":"https:\/\/myspainfood.com\/hr\/wp-json\/wp\/v2\/types\/product"}],"wp:featuredmedia":[{"embeddable":true,"href":"https:\/\/myspainfood.com\/hr\/wp-json\/wp\/v2\/media\/48663"}],"wp:attachment":[{"href":"https:\/\/myspainfood.com\/hr\/wp-json\/wp\/v2\/media?parent=48659"}],"wp:term":[{"taxonomy":"product_brand","embeddable":true,"href":"https:\/\/myspainfood.com\/hr\/wp-json\/wp\/v2\/product_brand?post=48659"},{"taxonomy":"product_cat","embeddable":true,"href":"https:\/\/myspainfood.com\/hr\/wp-json\/wp\/v2\/product_cat?post=48659"},{"taxonomy":"product_tag","embeddable":true,"href":"https:\/\/myspainfood.com\/hr\/wp-json\/wp\/v2\/product_tag?post=48659"}],"curies":[{"name":"wp","href":"https:\/\/api.w.org\/{rel}","templated":true}]}}