{"id":48682,"date":"2025-04-10T12:07:48","date_gmt":"2025-04-10T10:07:48","guid":{"rendered":"https:\/\/myspainfood.com\/producto\/rioja-antonio-escribano-crianza-12-boca\/"},"modified":"2025-04-10T12:07:48","modified_gmt":"2025-04-10T10:07:48","slug":"rioja-antonio-escribano-crianza-12-boca","status":"publish","type":"product","link":"https:\/\/myspainfood.com\/hr\/producto\/rioja-antonio-escribano-crianza-12-boca\/","title":{"rendered":"Rioja. Antonio Escribano Crianza 12 boca"},"content":{"rendered":"<p>Rasplod<\/p>\n<p>Odgovara vinima koja su barem u tre\u0107oj godini i provela su barem godinu dana u hrastovim ba\u010dvama.<\/p>\n<p>Rubinaste boje, ima intenzivnu aromu zrelog vo\u0107a, dobro kombiniranu s tostiranim notama i notama vanilije. \u0160iroko i uravnote\u017eeno na nepcu, sa savr\u0161enom harmonijom suptilnih tanina. Ukusno i punog tijela, a pritom zadr\u017eava svoju fino\u0107u i eleganciju.  <\/p>\n","protected":false},"excerpt":{"rendered":"<p>Rasplod Odgovara vinima koja su barem u tre\u0107oj godini i provela su barem godinu dana u hrastovim ba\u010dvama. Rubinaste boje, ima intenzivnu aromu zrelog vo\u0107a, dobro kombiniranu s tostiranim notama i notama vanilije. \u0160iroko i uravnote\u017eeno na nepcu, sa savr\u0161enom harmonijom suptilnih tanina. Ukusno i punog tijela, a pritom zadr\u017eava svoju fino\u0107u i eleganciju.<\/p>\n","protected":false},"featured_media":25531,"template":"","meta":{"_et_pb_use_builder":"","_et_pb_old_content":"","_et_gb_content_width":""},"product_brand":[1141],"product_cat":[5275,4919],"product_tag":[4921,5277],"class_list":{"0":"post-48682","1":"product","2":"type-product","3":"status-publish","4":"has-post-thumbnail","6":"product_brand-vinamada","7":"product_cat-dosao-hr","8":"product_cat-pica","9":"product_tag-antonio-escribano-hr","10":"product_tag-rasplod","12":"first","13":"outofstock","14":"sale","15":"taxable","16":"shipping-taxable","17":"purchasable","18":"product-type-simple"},"_links":{"self":[{"href":"https:\/\/myspainfood.com\/hr\/wp-json\/wp\/v2\/product\/48682","targetHints":{"allow":["GET"]}}],"collection":[{"href":"https:\/\/myspainfood.com\/hr\/wp-json\/wp\/v2\/product"}],"about":[{"href":"https:\/\/myspainfood.com\/hr\/wp-json\/wp\/v2\/types\/product"}],"wp:featuredmedia":[{"embeddable":true,"href":"https:\/\/myspainfood.com\/hr\/wp-json\/wp\/v2\/media\/25531"}],"wp:attachment":[{"href":"https:\/\/myspainfood.com\/hr\/wp-json\/wp\/v2\/media?parent=48682"}],"wp:term":[{"taxonomy":"product_brand","embeddable":true,"href":"https:\/\/myspainfood.com\/hr\/wp-json\/wp\/v2\/product_brand?post=48682"},{"taxonomy":"product_cat","embeddable":true,"href":"https:\/\/myspainfood.com\/hr\/wp-json\/wp\/v2\/product_cat?post=48682"},{"taxonomy":"product_tag","embeddable":true,"href":"https:\/\/myspainfood.com\/hr\/wp-json\/wp\/v2\/product_tag?post=48682"}],"curies":[{"name":"wp","href":"https:\/\/api.w.org\/{rel}","templated":true}]}}