{"id":49068,"date":"2025-04-10T12:09:50","date_gmt":"2025-04-10T10:09:50","guid":{"rendered":"https:\/\/myspainfood.com\/producto\/alsur-salata-od-tune-i-paprike-120-komada\/"},"modified":"2025-04-10T12:09:50","modified_gmt":"2025-04-10T10:09:50","slug":"alsur-salata-od-tune-i-paprike-120-komada","status":"publish","type":"product","link":"https:\/\/myspainfood.com\/hr\/producto\/alsur-salata-od-tune-i-paprike-120-komada\/","title":{"rendered":"Alsur salata od tune i paprike 120 komada"},"content":{"rendered":"<p>Uspjeh <a href=\"https:\/\/www.alsurvegetales.com\/producto\/id\/26\/ensalada-de-pimiento-asado-con-atun\" target=\"_blank\" rel=\"noopener noreferrer nofollow\">Alsurove<\/a> salate od tune i paprike le\u017ei u njezinoj promjenjivoj boji, od blijedocrvene do tamnocrvene, okusu i glatkoj teksturi.<\/p>\n<p>Ove pe\u010dene paprike, zajedno s dodanim lukom, \u010dine izvrsno i vrlo jednostavno jelo za pripremu.<\/p>\n<p>Staklena posuda te\u017ei 340 grama.<\/p>\n<p>\u010cuvati na hladnom i suhom mjestu. Nakon otvaranja, \u010duvati u hladnjaku i potro\u0161iti unutar 7 dana. <\/p>\n<p>Sastojci: paprike Piquillo, luk, voda, \u0161e\u0107er, tuna (5%), ocat, sol i limunska kiselina.<\/p>\n<p>Alsur je obiteljski posao u kojem je su\u0161tina hrane glavni protagonist.<\/p>\n<h4>Glavne prednosti konzervi<\/h4>\n<ol>\n<li>Zadr\u017eavaju sva nutritivna svojstva same hrane. Hrana zadr\u017eava svoju svje\u017einu. <\/li>\n<li>Kori\u0161tene namirnice su zdrave i stoga prikladne za optimalnu prehranu zahvaljuju\u0107i visokom broju vitamina i proteina.<\/li>\n<li>Ovi proizvodi imaju dulji vijek trajanja (obi\u010dno izme\u0111u 2 i 5 godina).<\/li>\n<li>Konzerve je vrlo lako \u010duvati jer im pakiranje omogu\u0107uje jednostavnu primjenu.<\/li>\n<\/ol>\n<p>Ako \u017eelite kupiti salatu od tune i paprike ili bilo koju drugu vrstu <a href=\"https:\/\/latiendadesami.com\/categoria-producto\/conservas\/\" rel=\"noopener noreferrer nofollow\" target=\"_blank\">konzervirane hrane<\/a> , slobodno pogledajte cijeli na\u0161 online katalog kako biste vidjeli \u0161irok izbor <a href=\"https:\/\/latiendadesami.com\/categoria-producto\/conservas\/atun-y-bonito\/\" target=\"_blank\" rel=\"noopener noreferrer nofollow\">tune<\/a> koju imamo.<\/p>\n<p>Pi\u0161ite nam za vi\u0161e informacija.<\/p>\n","protected":false},"excerpt":{"rendered":"<p>Uspjeh Alsurove salate od tune i paprike le\u017ei u njezinoj promjenjivoj boji, od blijedocrvene do tamnocrvene, okusu i glatkoj teksturi. Ove pe\u010dene paprike, zajedno s dodanim lukom, \u010dine izvrsno i vrlo jednostavno jelo za pripremu. Staklena posuda te\u017ei 340 grama. \u010cuvati na hladnom i suhom mjestu. Nakon otvaranja, \u010duvati u hladnjaku i potro\u0161iti unutar 7 [&hellip;]<\/p>\n","protected":false},"featured_media":49070,"template":"","meta":{"_et_pb_use_builder":"","_et_pb_old_content":"","_et_gb_content_width":""},"product_brand":[1196],"product_cat":[1917,2380,4335,2973],"product_tag":[],"class_list":{"0":"post-49068","1":"product","2":"type-product","3":"status-publish","4":"has-post-thumbnail","6":"product_brand-alsur","7":"product_cat-konzerve","8":"product_cat-paprike-hr","9":"product_cat-tuna-i-bonito","10":"product_cat-veleprodaja","12":"first","13":"outofstock","14":"taxable","15":"shipping-taxable","16":"purchasable","17":"product-type-simple"},"_links":{"self":[{"href":"https:\/\/myspainfood.com\/hr\/wp-json\/wp\/v2\/product\/49068","targetHints":{"allow":["GET"]}}],"collection":[{"href":"https:\/\/myspainfood.com\/hr\/wp-json\/wp\/v2\/product"}],"about":[{"href":"https:\/\/myspainfood.com\/hr\/wp-json\/wp\/v2\/types\/product"}],"wp:featuredmedia":[{"embeddable":true,"href":"https:\/\/myspainfood.com\/hr\/wp-json\/wp\/v2\/media\/49070"}],"wp:attachment":[{"href":"https:\/\/myspainfood.com\/hr\/wp-json\/wp\/v2\/media?parent=49068"}],"wp:term":[{"taxonomy":"product_brand","embeddable":true,"href":"https:\/\/myspainfood.com\/hr\/wp-json\/wp\/v2\/product_brand?post=49068"},{"taxonomy":"product_cat","embeddable":true,"href":"https:\/\/myspainfood.com\/hr\/wp-json\/wp\/v2\/product_cat?post=49068"},{"taxonomy":"product_tag","embeddable":true,"href":"https:\/\/myspainfood.com\/hr\/wp-json\/wp\/v2\/product_tag?post=49068"}],"curies":[{"name":"wp","href":"https:\/\/api.w.org\/{rel}","templated":true}]}}