{"id":49139,"date":"2025-04-10T12:09:58","date_gmt":"2025-04-10T10:09:58","guid":{"rendered":"https:\/\/myspainfood.com\/producto\/3-boce-po-kutiji-ekstra-djevicanskog-maslinovog-ulja-valdezarza-2\/"},"modified":"2025-04-10T12:09:58","modified_gmt":"2025-04-10T10:09:58","slug":"3-boce-po-kutiji-ekstra-djevicanskog-maslinovog-ulja-valdezarza-2","status":"publish","type":"product","link":"https:\/\/myspainfood.com\/hr\/producto\/3-boce-po-kutiji-ekstra-djevicanskog-maslinovog-ulja-valdezarza-2\/","title":{"rendered":"3 boce po kutiji ekstra djevi\u010danskog maslinovog ulja VALDEZARZA"},"content":{"rendered":"<p>Valdezarza ekstra djevi\u010dansko maslinovo ulje 5l je vrhunska kategorija ekstra djevi\u010danskog maslinovog ulja, dobivenog izravno iz maslina i isklju\u010divo mehani\u010dkim postupcima.<\/p>\n<p>Valdezarza se nalazi u srcu Montes de Toledo (\u0160panjolska) i ima integrirani ekosustav maslinika i prirode.<\/p>\n<p>Najbolji sok se pravi od maslina: <a href=\"https:\/\/aceitesvaldezarza.com\/quienes-somos\/\" target=\"_blank\" rel=\"noopener noreferrer nofollow\">VALDEZARZA<\/a> ekstra djevi\u010dansko maslinovo ulje.<\/p>\n<p>Imanje Valdezarza nalazi se u op\u0107ini San Mart\u00edn de Montalb\u00e1n, geografski integriranoj u Montes de Toledo.<\/p>\n<p>Prostire se na 700 hektara, a ve\u0107ina ovog zemlji\u0161ta smatra se za\u0161ti\u0107enom mediteranskom \u0161umom i kontroliranim ekosustavom.<\/p>\n<p>Ova skupina dio je projekta ponovnog naseljavanja iberijskog risa i nudi spektakularan pogled na nekoliko risova koji se odmaraju ispod maslina.<\/p>\n<p>Njihov pogon za pakiranje daje im ve\u0107u kontrolu nad cijelim procesom, od masline do pakiranja.<\/p>\n<p>Osim toga, ova tvrtka ima stvarne istra\u017eiva\u010dke, razvojne i implementacijske projekte poput Projekta Messor.<\/p>\n<p>Ako \u017eelite kupiti <a href=\"https:\/\/latiendadesami.com\/categoria-producto\/aceite\/\" rel=\"noopener noreferrer nofollow\" target=\"_blank\">ulje<\/a> , slobodno pogledajte cijeli na\u0161 online katalog kako biste vidjeli \u0161irok izbor proizvoda koje imamo, kao \u0161to je Valdezarza ekstra djevi\u010dansko maslinovo ulje 5l.<\/p>\n<p>Pi\u0161ite nam za vi\u0161e informacija o bilo kojoj od na\u0161ih namirnica.<\/p>\n","protected":false},"excerpt":{"rendered":"<p>Valdezarza ekstra djevi\u010dansko maslinovo ulje 5l je vrhunska kategorija ekstra djevi\u010danskog maslinovog ulja, dobivenog izravno iz maslina i isklju\u010divo mehani\u010dkim postupcima. Valdezarza se nalazi u srcu Montes de Toledo (\u0160panjolska) i ima integrirani ekosustav maslinika i prirode. Najbolji sok se pravi od maslina: VALDEZARZA ekstra djevi\u010dansko maslinovo ulje. Imanje Valdezarza nalazi se u op\u0107ini San [&hellip;]<\/p>\n","protected":false},"featured_media":27097,"template":"","meta":{"_et_pb_use_builder":"","_et_pb_old_content":"","_et_gb_content_width":""},"product_brand":[1221],"product_cat":[7418,2973],"product_tag":[2639],"class_list":{"0":"post-49139","1":"product","2":"type-product","3":"status-publish","4":"has-post-thumbnail","6":"product_brand-valdezarza","7":"product_cat-ulje-hr","8":"product_cat-veleprodaja","9":"product_tag-ulje","11":"first","12":"outofstock","13":"featured","14":"taxable","15":"shipping-taxable","16":"purchasable","17":"product-type-simple"},"_links":{"self":[{"href":"https:\/\/myspainfood.com\/hr\/wp-json\/wp\/v2\/product\/49139","targetHints":{"allow":["GET"]}}],"collection":[{"href":"https:\/\/myspainfood.com\/hr\/wp-json\/wp\/v2\/product"}],"about":[{"href":"https:\/\/myspainfood.com\/hr\/wp-json\/wp\/v2\/types\/product"}],"wp:featuredmedia":[{"embeddable":true,"href":"https:\/\/myspainfood.com\/hr\/wp-json\/wp\/v2\/media\/27097"}],"wp:attachment":[{"href":"https:\/\/myspainfood.com\/hr\/wp-json\/wp\/v2\/media?parent=49139"}],"wp:term":[{"taxonomy":"product_brand","embeddable":true,"href":"https:\/\/myspainfood.com\/hr\/wp-json\/wp\/v2\/product_brand?post=49139"},{"taxonomy":"product_cat","embeddable":true,"href":"https:\/\/myspainfood.com\/hr\/wp-json\/wp\/v2\/product_cat?post=49139"},{"taxonomy":"product_tag","embeddable":true,"href":"https:\/\/myspainfood.com\/hr\/wp-json\/wp\/v2\/product_tag?post=49139"}],"curies":[{"name":"wp","href":"https:\/\/api.w.org\/{rel}","templated":true}]}}