{"id":49173,"date":"2025-04-10T12:10:00","date_gmt":"2025-04-10T10:10:00","guid":{"rendered":"https:\/\/myspainfood.com\/producto\/preljev-iz-mog-grada-chicon-masline-900-grama-pakiranje-od-6-komada\/"},"modified":"2025-04-10T12:10:00","modified_gmt":"2025-04-10T10:10:00","slug":"preljev-iz-mog-grada-chicon-masline-900-grama-pakiranje-od-6-komada","status":"publish","type":"product","link":"https:\/\/myspainfood.com\/hr\/producto\/preljev-iz-mog-grada-chicon-masline-900-grama-pakiranje-od-6-komada\/","title":{"rendered":"Preljev iz mog grada Chic\u00f3n masline 900 grama pakiranje od 6 komada"},"content":{"rendered":"<p><strong>Za\u010dinjene masline<\/strong> \u201eAli\u00f1o de mi Pueblo\u201c od Manzanilla su <a href=\"https:\/\/aceitunaschiconlebron.com\/catalogo-productos\/comprar-aceitunas\/deshuesadas\/\" target=\"_blank\" rel=\"noopener noreferrer nofollow\">masline bez ko\u0161tica<\/a> za\u010dinjene najfinijim sastojcima prema tradicionalnom receptu.<\/p>\n<p>Upotreba prirodnih za\u010dina i kontrola temperature su tajna postizanja posebnog okusa ovih maslina.<\/p>\n<p>Masline Ali\u00f1o iz mog grada su mekane, a njihovo so\u010dno meso daje im nepogre\u0161iv okus.<\/p>\n<p>Namo\u010dene u salamuri i tretirane kako bi se smanjila kiselost, doma\u0107e <a href=\"https:\/\/latiendadesami.com\/categoria-producto\/encurtidos\/\" target=\"_blank\" rel=\"noopener noreferrer nofollow\">ukiseljene<\/a> masline glavna su poslastica na mnogim terasama i u restoranima.<\/p>\n<h3>Prednosti maslina Ali\u00f1o iz mog grada<\/h3>\n<p>Jeste li znali za brojne blagodati ovih <strong>maslina<\/strong> ? Oni imaju veliku mo\u0107 kada je u pitanju sprje\u010davanje bolesti srca i krvo\u017eilnog sustava op\u0107enito. <\/p>\n<p>To je zbog visokog sadr\u017eaja nezasi\u0107enih masti. Osim toga, to je namirnica koja sadr\u017ei puno \u017eeljeza i vlakana te je vrlo zasitna, \u0161to je \u010dini savr\u0161enom grickalicom. <\/p>\n<p>Ako \u017eelite kupiti masline ili bilo koju drugu vrstu <a href=\"https:\/\/latiendadesami.com\/categoria-producto\/encurtidos\/\" rel=\"noopener noreferrer nofollow\" target=\"_blank\">ukiseljenog proizvoda<\/a> , slobodno pregledajte cijeli na\u0161 online katalog kako biste vidjeli \u0161irok izbor <a href=\"https:\/\/latiendadesami.com\/categoria-producto\/encurtidos\/aceitunas\/\" target=\"_blank\" rel=\"noopener noreferrer nofollow\">maslina<\/a> koje imamo.<\/p>\n","protected":false},"excerpt":{"rendered":"<p>Za\u010dinjene masline \u201eAli\u00f1o de mi Pueblo\u201c od Manzanilla su masline bez ko\u0161tica za\u010dinjene najfinijim sastojcima prema tradicionalnom receptu. Upotreba prirodnih za\u010dina i kontrola temperature su tajna postizanja posebnog okusa ovih maslina. Masline Ali\u00f1o iz mog grada su mekane, a njihovo so\u010dno meso daje im nepogre\u0161iv okus. Namo\u010dene u salamuri i tretirane kako bi se smanjila [&hellip;]<\/p>\n","protected":false},"featured_media":49179,"template":"","meta":{"_et_pb_use_builder":"","_et_pb_old_content":"","_et_gb_content_width":""},"product_brand":[1036],"product_cat":[3147,2973],"product_tag":[9934],"class_list":{"0":"post-49173","1":"product","2":"type-product","3":"status-publish","4":"has-post-thumbnail","6":"product_brand-chicon","7":"product_cat-kiseli-krastavci-hr-2","8":"product_cat-veleprodaja","9":"product_tag-grad","11":"first","12":"instock","13":"taxable","14":"shipping-taxable","15":"purchasable","16":"product-type-variable"},"_links":{"self":[{"href":"https:\/\/myspainfood.com\/hr\/wp-json\/wp\/v2\/product\/49173","targetHints":{"allow":["GET"]}}],"collection":[{"href":"https:\/\/myspainfood.com\/hr\/wp-json\/wp\/v2\/product"}],"about":[{"href":"https:\/\/myspainfood.com\/hr\/wp-json\/wp\/v2\/types\/product"}],"wp:featuredmedia":[{"embeddable":true,"href":"https:\/\/myspainfood.com\/hr\/wp-json\/wp\/v2\/media\/49179"}],"wp:attachment":[{"href":"https:\/\/myspainfood.com\/hr\/wp-json\/wp\/v2\/media?parent=49173"}],"wp:term":[{"taxonomy":"product_brand","embeddable":true,"href":"https:\/\/myspainfood.com\/hr\/wp-json\/wp\/v2\/product_brand?post=49173"},{"taxonomy":"product_cat","embeddable":true,"href":"https:\/\/myspainfood.com\/hr\/wp-json\/wp\/v2\/product_cat?post=49173"},{"taxonomy":"product_tag","embeddable":true,"href":"https:\/\/myspainfood.com\/hr\/wp-json\/wp\/v2\/product_tag?post=49173"}],"curies":[{"name":"wp","href":"https:\/\/api.w.org\/{rel}","templated":true}]}}