{"id":50515,"date":"2025-05-21T08:44:03","date_gmt":"2025-05-21T06:44:03","guid":{"rendered":"https:\/\/myspainfood.com\/producto\/kamilica-bez-kostiju-900-gr-chicon\/"},"modified":"2026-01-29T13:03:45","modified_gmt":"2026-01-29T12:03:45","slug":"kamilica-bez-kostiju-900-gr-chicon","status":"publish","type":"product","link":"https:\/\/myspainfood.com\/hr\/producto\/kamilica-bez-kostiju-900-gr-chicon\/","title":{"rendered":"Chic\u00f3n kamilica bez sjemenki 900 g"},"content":{"rendered":"<p>Unato\u010d uklanjanju ko\u0161tica, masline Manzanilla bez ko\u0161tica zadr\u017eavaju gotovo svoj izvorni oblik.<\/p>\n<h3>Prednosti <a href=\"https:\/\/aceitunaschiconlebron.com\/catalogo-productos\/comprar-aceitunas\/deshuesadas\/\" target=\"_blank\" rel=\"noopener noreferrer nofollow\">Chic\u00f3n<\/a> Manzanilla maslina bez ko\u0161tica<\/h3>\n<p>Jeste li znali za brojne dobrobiti ovih maslina? Imaju visoku sposobnost sprje\u010davanja sr\u010danih bolesti i problema s krvo\u017eilnim sustavom op\u0107enito. <\/p>\n<p>To je zbog visokog sadr\u017eaja nezasi\u0107enih masti. Nadalje, to je hrana koja sadr\u017ei dobru koli\u010dinu \u017eeljeza i vlakana te je vrlo zasitna, \u0161to je \u010dini savr\u0161enom grickalicom. <\/p>\n<p>Ako \u017eelite kupiti masline ili bilo koju drugu vrstu <a href=\"https:\/\/latiendadesami.com\/categoria-producto\/encurtidos\/\" rel=\"noopener noreferrer nofollow\" target=\"_blank\">ukiseljenog proizvoda<\/a> , slobodno pogledajte cijeli na\u0161 online katalog kako biste vidjeli \u0161irok izbor <a href=\"https:\/\/latiendadesami.com\/categoria-producto\/encurtidos\/aceitunas\/\" target=\"_blank\" rel=\"noopener noreferrer nofollow\">maslina<\/a> koje imamo na raspolaganju.<\/p>\n","protected":false},"excerpt":{"rendered":"<p>Unato\u010d uklanjanju ko\u0161tica, masline Manzanilla bez ko\u0161tica zadr\u017eavaju gotovo svoj izvorni oblik. Prednosti Chic\u00f3n Manzanilla maslina bez ko\u0161tica Jeste li znali za brojne dobrobiti ovih maslina? Imaju visoku sposobnost sprje\u010davanja sr\u010danih bolesti i problema s krvo\u017eilnim sustavom op\u0107enito. To je zbog visokog sadr\u017eaja nezasi\u0107enih masti. Nadalje, to je hrana koja sadr\u017ei dobru koli\u010dinu \u017eeljeza i [&hellip;]<\/p>\n","protected":false},"featured_media":50264,"template":"","meta":{"_et_pb_use_builder":"","_et_pb_old_content":"","_et_gb_content_width":""},"product_brand":[1036],"product_cat":[1791,1792],"product_tag":[10003,2036],"class_list":{"0":"post-50515","1":"product","2":"type-product","3":"status-publish","4":"has-post-thumbnail","6":"product_brand-chicon","7":"product_cat-kiseli-krastavci","8":"product_cat-masline-hr","9":"product_tag-bez-kostiju-hr","10":"product_tag-kamilica","12":"first","13":"instock","14":"taxable","15":"shipping-taxable","16":"purchasable","17":"product-type-variable"},"_links":{"self":[{"href":"https:\/\/myspainfood.com\/hr\/wp-json\/wp\/v2\/product\/50515","targetHints":{"allow":["GET"]}}],"collection":[{"href":"https:\/\/myspainfood.com\/hr\/wp-json\/wp\/v2\/product"}],"about":[{"href":"https:\/\/myspainfood.com\/hr\/wp-json\/wp\/v2\/types\/product"}],"wp:featuredmedia":[{"embeddable":true,"href":"https:\/\/myspainfood.com\/hr\/wp-json\/wp\/v2\/media\/50264"}],"wp:attachment":[{"href":"https:\/\/myspainfood.com\/hr\/wp-json\/wp\/v2\/media?parent=50515"}],"wp:term":[{"taxonomy":"product_brand","embeddable":true,"href":"https:\/\/myspainfood.com\/hr\/wp-json\/wp\/v2\/product_brand?post=50515"},{"taxonomy":"product_cat","embeddable":true,"href":"https:\/\/myspainfood.com\/hr\/wp-json\/wp\/v2\/product_cat?post=50515"},{"taxonomy":"product_tag","embeddable":true,"href":"https:\/\/myspainfood.com\/hr\/wp-json\/wp\/v2\/product_tag?post=50515"}],"curies":[{"name":"wp","href":"https:\/\/api.w.org\/{rel}","templated":true}]}}