{"id":50600,"date":"2025-05-21T08:44:03","date_gmt":"2025-05-21T06:44:03","guid":{"rendered":"https:\/\/myspainfood.com\/producto\/kamilica-s-kostima-900-gr-chicon\/"},"modified":"2026-01-29T12:59:00","modified_gmt":"2026-01-29T11:59:00","slug":"kamilica-s-kostima-900-gr-chicon","status":"publish","type":"product","link":"https:\/\/myspainfood.com\/hr\/producto\/kamilica-s-kostima-900-gr-chicon\/","title":{"rendered":"Kamilica sa sjemenkama 900g Chicon"},"content":{"rendered":"<p>Cijele masline Manzanilla s ko\u0161ticom zadr\u017eavaju svoj izvorni oblik, dr\u017ee\u0107i ko\u0161ticu unutar ploda.<\/p>\n<p>Preporu\u010dljivo je \u010duvati cijele masline na suhom, hladnom mjestu, za\u0161ti\u0107eno od sun\u010deve svjetlosti.<\/p>\n<h3>Prednosti maslina Manzanilla s <a href=\"https:\/\/aceitunaschiconlebron.com\/catalogo-productos\/comprar-aceitunas\/deshuesadas\/\" target=\"_blank\" rel=\"noopener noreferrer nofollow\">ko\u0161ticama<\/a><\/h3>\n<p>Jeste li znali za brojne dobrobiti ovih maslina? Imaju visoku sposobnost sprje\u010davanja sr\u010danih bolesti i problema s krvo\u017eilnim sustavom op\u0107enito. <\/p>\n<p>To je zbog visokog sadr\u017eaja nezasi\u0107enih masti. Nadalje, to je hrana koja sadr\u017ei dobru koli\u010dinu \u017eeljeza i vlakana te je vrlo zasitna, \u0161to je \u010dini savr\u0161enom grickalicom. <\/p>\n<p>Ako \u017eelite kupiti masline ili bilo koju drugu vrstu <a href=\"https:\/\/latiendadesami.com\/categoria-producto\/encurtidos\/\" rel=\"noopener noreferrer nofollow\" target=\"_blank\">ukiseljenog proizvoda<\/a> , slobodno pogledajte cijeli na\u0161 online katalog kako biste vidjeli \u0161irok izbor <a href=\"https:\/\/latiendadesami.com\/categoria-producto\/encurtidos\/aceitunas\/\" target=\"_blank\" rel=\"noopener noreferrer nofollow\">maslina<\/a> koje imamo na raspolaganju.<\/p>\n","protected":false},"excerpt":{"rendered":"<p>Cijele masline Manzanilla s ko\u0161ticom zadr\u017eavaju svoj izvorni oblik, dr\u017ee\u0107i ko\u0161ticu unutar ploda. Preporu\u010dljivo je \u010duvati cijele masline na suhom, hladnom mjestu, za\u0161ti\u0107eno od sun\u010deve svjetlosti. Prednosti maslina Manzanilla s ko\u0161ticama Jeste li znali za brojne dobrobiti ovih maslina? Imaju visoku sposobnost sprje\u010davanja sr\u010danih bolesti i problema s krvo\u017eilnim sustavom op\u0107enito. To je zbog visokog [&hellip;]<\/p>\n","protected":false},"featured_media":50330,"template":"","meta":{"_et_pb_use_builder":"","_et_pb_old_content":"","_et_gb_content_width":""},"product_brand":[1036],"product_cat":[1791,1792],"product_tag":[2036,10020],"class_list":{"0":"post-50600","1":"product","2":"type-product","3":"status-publish","4":"has-post-thumbnail","6":"product_brand-chicon","7":"product_cat-kiseli-krastavci","8":"product_cat-masline-hr","9":"product_tag-kamilica","10":"product_tag-s-kosti","12":"first","13":"instock","14":"taxable","15":"shipping-taxable","16":"purchasable","17":"product-type-variable"},"_links":{"self":[{"href":"https:\/\/myspainfood.com\/hr\/wp-json\/wp\/v2\/product\/50600","targetHints":{"allow":["GET"]}}],"collection":[{"href":"https:\/\/myspainfood.com\/hr\/wp-json\/wp\/v2\/product"}],"about":[{"href":"https:\/\/myspainfood.com\/hr\/wp-json\/wp\/v2\/types\/product"}],"wp:featuredmedia":[{"embeddable":true,"href":"https:\/\/myspainfood.com\/hr\/wp-json\/wp\/v2\/media\/50330"}],"wp:attachment":[{"href":"https:\/\/myspainfood.com\/hr\/wp-json\/wp\/v2\/media?parent=50600"}],"wp:term":[{"taxonomy":"product_brand","embeddable":true,"href":"https:\/\/myspainfood.com\/hr\/wp-json\/wp\/v2\/product_brand?post=50600"},{"taxonomy":"product_cat","embeddable":true,"href":"https:\/\/myspainfood.com\/hr\/wp-json\/wp\/v2\/product_cat?post=50600"},{"taxonomy":"product_tag","embeddable":true,"href":"https:\/\/myspainfood.com\/hr\/wp-json\/wp\/v2\/product_tag?post=50600"}],"curies":[{"name":"wp","href":"https:\/\/api.w.org\/{rel}","templated":true}]}}