{"id":51067,"date":"2025-05-21T09:40:50","date_gmt":"2025-05-21T07:40:50","guid":{"rendered":"https:\/\/myspainfood.com\/producto\/ekstra-kajgana-900g-chicon\/"},"modified":"2026-01-29T13:05:40","modified_gmt":"2026-01-29T12:05:40","slug":"ekstra-kajgana-900g-chicon","status":"publish","type":"product","link":"https:\/\/myspainfood.com\/hr\/producto\/ekstra-kajgana-900g-chicon\/","title":{"rendered":"Dodatna kajgana 900g Chicon"},"content":{"rendered":"<p>Na\u0161a dodatna kajgana s maslinama i kiselim krastavcima sastoji se od <a href=\"https:\/\/aceitunaschiconlebron.com\/catalogo\/revuelto-extra-aceitunas-encurtidos\/\" target=\"_blank\" rel=\"noopener noreferrer nofollow\">maslina<\/a> manzanilla, kiselih krastavaca, mladog luka i mrkve.<\/p>\n<p>Ova kombinacija maslina i kiselih krastavaca omogu\u0107uje vam da u\u017eivate u neusporedivom okusu u svojim tapasima ili predjelima.<\/p>\n<p>To je vrlo zdrav dodatak na\u0161oj tradicionalnoj hranjivoj mediteranskoj prehrani.<\/p>\n<p>Kiseljenje je od drevne tehnike konzerviranja hrane diljem svijeta postalo jedno od najcjenjenijih tapasa ili predjela u \u0161panjolskoj gastronomiji.<\/p>\n<h3><strong>Prednosti ekstra kajgane<\/strong><\/h3>\n<p>Jeste li znali koje su prednosti Extra kajgane i kiselih krastavaca op\u0107enito? U nastavku navodimo najzna\u010dajnije: <\/p>\n<ul>\n<li>Bogato probioticima.<\/li>\n<li>Poma\u017eu probavi.<\/li>\n<li>Oni ja\u010daju imunolo\u0161ki sustav.<\/li>\n<li>Smanjuju \u017eelju za konzumiranjem \u0161e\u0107era.<\/li>\n<li>Povoljno za \u017eu\u010dni mjehur.<\/li>\n<\/ul>\n<p>Ako \u017eelite kupiti masline ili bilo koju drugu vrstu <a href=\"https:\/\/latiendadesami.com\/categoria-producto\/encurtidos\/\" rel=\"noopener noreferrer nofollow\" target=\"_blank\">ukiseljenog proizvoda<\/a> , slobodno pogledajte cijeli na\u0161 online katalog kako biste vidjeli \u0161irok izbor <a href=\"https:\/\/latiendadesami.com\/categoria-producto\/encurtidos\/aceitunas\/\" target=\"_blank\" rel=\"noopener noreferrer nofollow\">maslina<\/a> koje imamo na raspolaganju.<\/p>\n","protected":false},"excerpt":{"rendered":"<p>Na\u0161a dodatna kajgana s maslinama i kiselim krastavcima sastoji se od maslina manzanilla, kiselih krastavaca, mladog luka i mrkve. Ova kombinacija maslina i kiselih krastavaca omogu\u0107uje vam da u\u017eivate u neusporedivom okusu u svojim tapasima ili predjelima. To je vrlo zdrav dodatak na\u0161oj tradicionalnoj hranjivoj mediteranskoj prehrani. Kiseljenje je od drevne tehnike konzerviranja hrane diljem [&hellip;]<\/p>\n","protected":false},"featured_media":50818,"template":"","meta":{"_et_pb_use_builder":"","_et_pb_old_content":"","_et_gb_content_width":""},"product_brand":[1036],"product_cat":[1791,1792],"product_tag":[8172],"class_list":{"0":"post-51067","1":"product","2":"type-product","3":"status-publish","4":"has-post-thumbnail","6":"product_brand-chicon","7":"product_cat-kiseli-krastavci","8":"product_cat-masline-hr","9":"product_tag-mijesano","11":"first","12":"instock","13":"taxable","14":"shipping-taxable","15":"purchasable","16":"product-type-variable"},"_links":{"self":[{"href":"https:\/\/myspainfood.com\/hr\/wp-json\/wp\/v2\/product\/51067","targetHints":{"allow":["GET"]}}],"collection":[{"href":"https:\/\/myspainfood.com\/hr\/wp-json\/wp\/v2\/product"}],"about":[{"href":"https:\/\/myspainfood.com\/hr\/wp-json\/wp\/v2\/types\/product"}],"wp:featuredmedia":[{"embeddable":true,"href":"https:\/\/myspainfood.com\/hr\/wp-json\/wp\/v2\/media\/50818"}],"wp:attachment":[{"href":"https:\/\/myspainfood.com\/hr\/wp-json\/wp\/v2\/media?parent=51067"}],"wp:term":[{"taxonomy":"product_brand","embeddable":true,"href":"https:\/\/myspainfood.com\/hr\/wp-json\/wp\/v2\/product_brand?post=51067"},{"taxonomy":"product_cat","embeddable":true,"href":"https:\/\/myspainfood.com\/hr\/wp-json\/wp\/v2\/product_cat?post=51067"},{"taxonomy":"product_tag","embeddable":true,"href":"https:\/\/myspainfood.com\/hr\/wp-json\/wp\/v2\/product_tag?post=51067"}],"curies":[{"name":"wp","href":"https:\/\/api.w.org\/{rel}","templated":true}]}}