{"id":51148,"date":"2025-05-21T09:40:50","date_gmt":"2025-05-21T07:40:50","guid":{"rendered":"https:\/\/myspainfood.com\/producto\/kimbitos-masline-i-kiseli-krastavci-900-gr-chicon\/"},"modified":"2026-01-29T13:10:52","modified_gmt":"2026-01-29T12:10:52","slug":"kimbitos-masline-i-kiseli-krastavci-900-gr-chicon","status":"publish","type":"product","link":"https:\/\/myspainfood.com\/hr\/producto\/kimbitos-masline-i-kiseli-krastavci-900-gr-chicon\/","title":{"rendered":"Kimbitos \u2013 masline i kiseli krastavci 900g Chic\u00f3n"},"content":{"rendered":"<p><a href=\"https:\/\/aceitunaschiconlebron.com\/catalogo\/manzanilla-rellena-de-pepinillo\/\" target=\"_blank\" rel=\"noopener noreferrer nofollow\">Masline i korni\u0161oni Kimbitos<\/a> imaju blagi slatko-kiseli okus.<\/p>\n<h3>Svojstva maslina Manzanilla ili Kimbito<\/h3>\n<p>Masline Manzanilla, porijeklom iz \u0160panjolske, nude velike prednosti, me\u0111u kojima se isti\u010du sljede\u0107e:<\/p>\n<p>Pru\u017eaju velike koli\u010dine antioksidansa.<\/p>\n<p>Sni\u017eavaju krvni tlak i kolesterol.<\/p>\n<p>Sprje\u010dava neke vrste raka.<\/p>\n<p>Djeluju kao prirodni probiotik.<\/p>\n<p>Pobolj\u0161avaju zdravlje srca.<\/p>\n<p>Poma\u017eu u borbi protiv infekcija.<\/p>\n<p>Sprje\u010davaju osteoporozu.<\/p>\n<p>Jeste li znali za brojne dobrobiti maslina Kimbitos? Imaju visoku sposobnost sprje\u010davanja sr\u010danih bolesti i problema s krvo\u017eilnim sustavom op\u0107enito. <\/p>\n<p>Ako \u017eelite kupiti masline ili bilo koju drugu vrstu <a href=\"https:\/\/latiendadesami.com\/categoria-producto\/encurtidos\/\" rel=\"noopener noreferrer nofollow\" target=\"_blank\">ukiseljenog proizvoda<\/a> , slobodno pogledajte cijeli na\u0161 online katalog kako biste vidjeli \u0161irok izbor <a href=\"https:\/\/latiendadesami.com\/categoria-producto\/encurtidos\/aceitunas\/\" target=\"_blank\" rel=\"noopener noreferrer nofollow\">maslina<\/a> koje imamo na raspolaganju.<\/p>\n","protected":false},"excerpt":{"rendered":"<p>Masline i korni\u0161oni Kimbitos imaju blagi slatko-kiseli okus. Svojstva maslina Manzanilla ili Kimbito Masline Manzanilla, porijeklom iz \u0160panjolske, nude velike prednosti, me\u0111u kojima se isti\u010du sljede\u0107e: Pru\u017eaju velike koli\u010dine antioksidansa. Sni\u017eavaju krvni tlak i kolesterol. Sprje\u010dava neke vrste raka. Djeluju kao prirodni probiotik. Pobolj\u0161avaju zdravlje srca. Poma\u017eu u borbi protiv infekcija. Sprje\u010davaju osteoporozu. Jeste li [&hellip;]<\/p>\n","protected":false},"featured_media":51153,"template":"","meta":{"_et_pb_use_builder":"","_et_pb_old_content":"","_et_gb_content_width":""},"product_brand":[1036],"product_cat":[1988,1791,1792],"product_tag":[2036,1989,2017],"class_list":{"0":"post-51148","1":"product","2":"type-product","3":"status-publish","4":"has-post-thumbnail","6":"product_brand-chicon","7":"product_cat-kiseli-krastavci-hr","8":"product_cat-kiseli-krastavci","9":"product_cat-masline-hr","10":"product_tag-kamilica","11":"product_tag-kimbo-hr","12":"product_tag-kiseli-krastavac","14":"first","15":"instock","16":"taxable","17":"shipping-taxable","18":"purchasable","19":"product-type-variable"},"_links":{"self":[{"href":"https:\/\/myspainfood.com\/hr\/wp-json\/wp\/v2\/product\/51148","targetHints":{"allow":["GET"]}}],"collection":[{"href":"https:\/\/myspainfood.com\/hr\/wp-json\/wp\/v2\/product"}],"about":[{"href":"https:\/\/myspainfood.com\/hr\/wp-json\/wp\/v2\/types\/product"}],"wp:featuredmedia":[{"embeddable":true,"href":"https:\/\/myspainfood.com\/hr\/wp-json\/wp\/v2\/media\/51153"}],"wp:attachment":[{"href":"https:\/\/myspainfood.com\/hr\/wp-json\/wp\/v2\/media?parent=51148"}],"wp:term":[{"taxonomy":"product_brand","embeddable":true,"href":"https:\/\/myspainfood.com\/hr\/wp-json\/wp\/v2\/product_brand?post=51148"},{"taxonomy":"product_cat","embeddable":true,"href":"https:\/\/myspainfood.com\/hr\/wp-json\/wp\/v2\/product_cat?post=51148"},{"taxonomy":"product_tag","embeddable":true,"href":"https:\/\/myspainfood.com\/hr\/wp-json\/wp\/v2\/product_tag?post=51148"}],"curies":[{"name":"wp","href":"https:\/\/api.w.org\/{rel}","templated":true}]}}