{"id":51326,"date":"2025-05-21T10:50:34","date_gmt":"2025-05-21T08:50:34","guid":{"rendered":"https:\/\/myspainfood.com\/producto\/bakina-tajna\/"},"modified":"2026-01-29T13:14:35","modified_gmt":"2026-01-29T12:14:35","slug":"bakina-tajna","status":"publish","type":"product","link":"https:\/\/myspainfood.com\/hr\/producto\/bakina-tajna\/","title":{"rendered":"Bakina tajna"},"content":{"rendered":"<p>Bakine tajne masline su kombinacija gordalskih maslina bez ko\u0161tica, bijelog \u010de\u0161njaka, kapara i komadi\u0107a patlid\u017eana.<\/p>\n<p>Preljev je za\u0161titni znak ku\u0107e <a href=\"https:\/\/aceitunaschiconlebron.com\/\" target=\"_blank\" rel=\"noopener noreferrer nofollow\">Chic\u00f3n<\/a> .<\/p>\n<h3><strong>Prednosti maslina: Bakina tajna<\/strong><\/h3>\n<p>Jeste li znali koje su prednosti ove vrste maslina i kiselih krastavaca op\u0107enito? U nastavku navodimo najzna\u010dajnije: <\/p>\n<ul>\n<li>Bogato probioticima.<\/li>\n<li>Poma\u017eu probavi.<\/li>\n<li>Oni ja\u010daju imunolo\u0161ki sustav.<\/li>\n<li>Smanjuju \u017eelju za konzumiranjem \u0161e\u0107era.<\/li>\n<li>Povoljno za \u017eu\u010dni mjehur.<\/li>\n<\/ul>\n<p>&nbsp;<\/p>\n<p>Ako \u017eelite kupiti masline ili bilo koju drugu vrstu <a href=\"https:\/\/latiendadesami.com\/categoria-producto\/encurtidos\/\" rel=\"noopener noreferrer nofollow\" target=\"_blank\">ukiseljenog proizvoda<\/a> , slobodno pogledajte cijeli na\u0161 online katalog kako biste vidjeli \u0161irok izbor <a href=\"https:\/\/latiendadesami.com\/categoria-producto\/encurtidos\/aceitunas\/\" target=\"_blank\" rel=\"noopener noreferrer nofollow\">maslina<\/a> koje imamo na raspolaganju.<\/p>\n","protected":false},"excerpt":{"rendered":"<p>Bakine tajne masline su kombinacija gordalskih maslina bez ko\u0161tica, bijelog \u010de\u0161njaka, kapara i komadi\u0107a patlid\u017eana. Preljev je za\u0161titni znak ku\u0107e Chic\u00f3n . Prednosti maslina: Bakina tajna Jeste li znali koje su prednosti ove vrste maslina i kiselih krastavaca op\u0107enito? U nastavku navodimo najzna\u010dajnije: Bogato probioticima. Poma\u017eu probavi. Oni ja\u010daju imunolo\u0161ki sustav. Smanjuju \u017eelju za konzumiranjem [&hellip;]<\/p>\n","protected":false},"featured_media":51199,"template":"","meta":{"_et_pb_use_builder":"","_et_pb_old_content":"","_et_gb_content_width":""},"product_brand":[1036],"product_cat":[1791,1792],"product_tag":[1794,10115],"class_list":{"0":"post-51326","1":"product","2":"type-product","3":"status-publish","4":"has-post-thumbnail","6":"product_brand-chicon","7":"product_cat-kiseli-krastavci","8":"product_cat-masline-hr","9":"product_tag-baka","10":"product_tag-tajna","12":"first","13":"outofstock","14":"taxable","15":"shipping-taxable","16":"product-type-variable"},"_links":{"self":[{"href":"https:\/\/myspainfood.com\/hr\/wp-json\/wp\/v2\/product\/51326","targetHints":{"allow":["GET"]}}],"collection":[{"href":"https:\/\/myspainfood.com\/hr\/wp-json\/wp\/v2\/product"}],"about":[{"href":"https:\/\/myspainfood.com\/hr\/wp-json\/wp\/v2\/types\/product"}],"wp:featuredmedia":[{"embeddable":true,"href":"https:\/\/myspainfood.com\/hr\/wp-json\/wp\/v2\/media\/51199"}],"wp:attachment":[{"href":"https:\/\/myspainfood.com\/hr\/wp-json\/wp\/v2\/media?parent=51326"}],"wp:term":[{"taxonomy":"product_brand","embeddable":true,"href":"https:\/\/myspainfood.com\/hr\/wp-json\/wp\/v2\/product_brand?post=51326"},{"taxonomy":"product_cat","embeddable":true,"href":"https:\/\/myspainfood.com\/hr\/wp-json\/wp\/v2\/product_cat?post=51326"},{"taxonomy":"product_tag","embeddable":true,"href":"https:\/\/myspainfood.com\/hr\/wp-json\/wp\/v2\/product_tag?post=51326"}],"curies":[{"name":"wp","href":"https:\/\/api.w.org\/{rel}","templated":true}]}}