{"id":52442,"date":"2025-05-23T12:58:14","date_gmt":"2025-05-23T10:58:14","guid":{"rendered":"https:\/\/myspainfood.com\/producto\/alyan-dubai-tablea-cokolada-pistacija-100-grama\/"},"modified":"2026-01-29T13:16:53","modified_gmt":"2026-01-29T12:16:53","slug":"alyan-dubai-tablea-cokolada-pistacija-100-grama","status":"publish","type":"product","link":"https:\/\/myspainfood.com\/hr\/producto\/alyan-dubai-tablea-cokolada-pistacija-100-grama\/","title":{"rendered":"Alyan Dubai tablea \u010dokolada pistacija 100 grama"},"content":{"rendered":"<p>Mlije\u010dna \u010dokolada punjena pistacijama i kunafom. Sastojci: <\/p>\n<p>Pasta od pistacija 45% [\u0161e\u0107er, pistacije (30%), biljno ulje (potpuno hidrogenirano palmino ulje, ulje pamu\u010dnog sjemena i suncokretovo ulje), obrano mlijeko, emulgator (suncokretov lecitin), arome (mlijeko, vanilin)],<\/p>\n<p>Mlije\u010dna \u010dokolada 45% [\u0161e\u0107er, kakao maslac, punomasno mlijeko u prahu, kakao masa, obrano mlijeko u prahu, sirutka u prahu, emulgator (amonijevi fosfatidi, poliglicerol poliricinoleat, suncokretov lecitin), aroma (vanilin)],<\/p>\n<p>Kunafa 10% [p\u0161enica (sadr\u017ei gluten), voda], konzervansi (kalijev sorbat, kalcijev propionat).<\/p>\n<p>Alergeni: mlijeko, p\u0161enica i pistacije. Mo\u017ee sadr\u017eavati tragove drugih ora\u0161astih plodova, kikirikija i jaja. <\/p>\n","protected":false},"excerpt":{"rendered":"<p>Mlije\u010dna \u010dokolada punjena pistacijama i kunafom. Sastojci: Pasta od pistacija 45% [\u0161e\u0107er, pistacije (30%), biljno ulje (potpuno hidrogenirano palmino ulje, ulje pamu\u010dnog sjemena i suncokretovo ulje), obrano mlijeko, emulgator (suncokretov lecitin), arome (mlijeko, vanilin)], Mlije\u010dna \u010dokolada 45% [\u0161e\u0107er, kakao maslac, punomasno mlijeko u prahu, kakao masa, obrano mlijeko u prahu, sirutka u prahu, emulgator (amonijevi [&hellip;]<\/p>\n","protected":false},"featured_media":52359,"template":"","meta":{"_et_pb_use_builder":"","_et_pb_old_content":"","_et_gb_content_width":""},"product_brand":[],"product_cat":[1917],"product_tag":[],"class_list":{"0":"post-52442","1":"product","2":"type-product","3":"status-publish","4":"has-post-thumbnail","6":"product_cat-konzerve","8":"first","9":"instock","10":"featured","11":"taxable","12":"shipping-taxable","13":"purchasable","14":"product-type-variable"},"_links":{"self":[{"href":"https:\/\/myspainfood.com\/hr\/wp-json\/wp\/v2\/product\/52442","targetHints":{"allow":["GET"]}}],"collection":[{"href":"https:\/\/myspainfood.com\/hr\/wp-json\/wp\/v2\/product"}],"about":[{"href":"https:\/\/myspainfood.com\/hr\/wp-json\/wp\/v2\/types\/product"}],"wp:featuredmedia":[{"embeddable":true,"href":"https:\/\/myspainfood.com\/hr\/wp-json\/wp\/v2\/media\/52359"}],"wp:attachment":[{"href":"https:\/\/myspainfood.com\/hr\/wp-json\/wp\/v2\/media?parent=52442"}],"wp:term":[{"taxonomy":"product_brand","embeddable":true,"href":"https:\/\/myspainfood.com\/hr\/wp-json\/wp\/v2\/product_brand?post=52442"},{"taxonomy":"product_cat","embeddable":true,"href":"https:\/\/myspainfood.com\/hr\/wp-json\/wp\/v2\/product_cat?post=52442"},{"taxonomy":"product_tag","embeddable":true,"href":"https:\/\/myspainfood.com\/hr\/wp-json\/wp\/v2\/product_tag?post=52442"}],"curies":[{"name":"wp","href":"https:\/\/api.w.org\/{rel}","templated":true}]}}