{"id":57147,"date":"2025-04-10T12:05:35","date_gmt":"2025-04-10T10:05:35","guid":{"rendered":"https:\/\/myspainfood.com\/producto\/auberginefylte-gordal-maslina-45-kg\/"},"modified":"2025-04-10T12:05:35","modified_gmt":"2025-04-10T10:05:35","slug":"auberginefylte-gordal-maslina-45-kg","status":"publish","type":"product","link":"https:\/\/myspainfood.com\/hr\/producto\/auberginefylte-gordal-maslina-45-kg\/","title":{"rendered":"Auberginefylte Gordal-maslina 4,5 kg"},"content":{"rendered":"<p>Gordal-oliven fylt med auberginer av sorten gordal phylt med v\u00e5re tradisjonelle <a href=\"https:\/\/www.laencajera.es\/aceitunas\" target=\"_blank\" rel=\"noopener noreferrer nofollow\">Almagro-auberginer<\/a> .<\/p>\n<p>U najpopularnijim varijantama. De er ideelle som aperitiff.   <\/p>\n<p>Sastojci: NTES: Gordal-oliven med groper, patlid\u017ean \u201eDe Almagro\u201d, vann, sol, vino, kvernet listskummen, paprika de la Vera, origano, smaksforsterker (E-621, E-631, E-627), syrningsmiddel (E-330), conserveringsmidler (E-260, E-211, E-202), antioksidans (E-300) i prirodni essenser (essens av pepper, essens av hvitl\u00f8k, essens av spisskummen). Kan inneholde sulfitter.   <\/p>\n<p>Oppbevares p\u00e5 and kj\u00f8lig, t\u00f8rt sted, do 3\u00baC ili 10\u00baC.<\/p>\n<p>Beskytt mot sollys og sterk lukt.<\/p>\n<p>Gordal-olive fylt s patlid\u017eanima, oppbevares i kj\u00f8leskap og consumeres innen 30 dager etter at den er \u00e5pnet.<\/p>\n<p>Hvis du \u00f8nsker \u00e5 kj\u00f8pe oliven eller andre typer <a href=\"https:\/\/latiendadesami.com\/categoria-producto\/encurtidos\/\" rel=\"noopener noreferrer nofollow\" target=\"_blank\">sylteagurk<\/a> , kan du ta en titt p\u00e5 v\u00e5r online catalogue for \u00e5 se det store utvalget av <a href=\"https:\/\/latiendadesami.com\/categoria-producto\/encurtidos\/berenjenas\/\" target=\"_blank\" rel=\"noopener noreferrer nofollow\">auberginer<\/a> vi har.<\/p>\n<p>Tr\u017ei\u0161te je La Encajonera, u obiteljskom okru\u017eenju koje je po\u010delo 1990., i nalazi se u La Manchi, u gradu ALMAGRO u provinciji Ciudad Real.<\/p>\n<p>Produksjonsprosessen for produktene starter i det samme dyrkingsomr\u00e5det, der man velger ut de beste qualitysproduktene.<\/p>\n<p>Fabrikken er utstyrt med den most avanserte tehnologien, samtidig som h\u00e5ndverkernes tradisjon og kunnskap er bevart.<\/p>\n","protected":false},"excerpt":{"rendered":"<p>Gordal-oliven fylt med auberginer av sorten gordal phylt med v\u00e5re tradisjonelle Almagro-auberginer . U najpopularnijim varijantama. De er ideelle som aperitiff. Sastojci: NTES: Gordal-oliven med groper, patlid\u017ean \u201eDe Almagro\u201d, vann, sol, vino, kvernet listskummen, paprika de la Vera, origano, smaksforsterker (E-621, E-631, E-627), syrningsmiddel (E-330), conserveringsmidler (E-260, E-211, E-202), antioksidans (E-300) i prirodni essenser (essens [&hellip;]<\/p>\n","protected":false},"featured_media":0,"template":"","meta":{"_et_pb_use_builder":"","_et_pb_old_content":"","_et_gb_content_width":""},"product_brand":[],"product_cat":[15],"product_tag":[],"class_list":{"0":"post-57147","1":"product","2":"type-product","3":"status-publish","5":"product_cat-uncategorized","7":"first","8":"instock","9":"taxable","10":"shipping-taxable","11":"purchasable","12":"product-type-simple"},"_links":{"self":[{"href":"https:\/\/myspainfood.com\/hr\/wp-json\/wp\/v2\/product\/57147","targetHints":{"allow":["GET"]}}],"collection":[{"href":"https:\/\/myspainfood.com\/hr\/wp-json\/wp\/v2\/product"}],"about":[{"href":"https:\/\/myspainfood.com\/hr\/wp-json\/wp\/v2\/types\/product"}],"wp:attachment":[{"href":"https:\/\/myspainfood.com\/hr\/wp-json\/wp\/v2\/media?parent=57147"}],"wp:term":[{"taxonomy":"product_brand","embeddable":true,"href":"https:\/\/myspainfood.com\/hr\/wp-json\/wp\/v2\/product_brand?post=57147"},{"taxonomy":"product_cat","embeddable":true,"href":"https:\/\/myspainfood.com\/hr\/wp-json\/wp\/v2\/product_cat?post=57147"},{"taxonomy":"product_tag","embeddable":true,"href":"https:\/\/myspainfood.com\/hr\/wp-json\/wp\/v2\/product_tag?post=57147"}],"curies":[{"name":"wp","href":"https:\/\/api.w.org\/{rel}","templated":true}]}}