{"id":62883,"date":"2025-10-10T12:25:50","date_gmt":"2025-10-10T10:25:50","guid":{"rendered":"https:\/\/myspainfood.com\/producto\/male-sardine-u-organskom-maslinovom-ulju-20-25-komada-rias-baixas-115-gr\/"},"modified":"2025-10-10T12:25:50","modified_gmt":"2025-10-10T10:25:50","slug":"male-sardine-u-organskom-maslinovom-ulju-20-25-komada-rias-baixas-115-gr","status":"publish","type":"product","link":"https:\/\/myspainfood.com\/hr\/producto\/male-sardine-u-organskom-maslinovom-ulju-20-25-komada-rias-baixas-115-gr\/","title":{"rendered":"Male sardine u organskom maslinovom ulju 20\/25 komada Rias Baixas 115 gr"},"content":{"rendered":"<p>Na\u0161e konzervirane sardine su ukusne; sa svojom aromom, intenzivnim okusom, srebrnkastim izgledom i savr\u0161enim smje\u0161tajem i prezentacijom u pakiranju. Polazna to\u010dka je uvijek odabir najboljih, najsvje\u017eijih i najmanjih primjeraka na ribarnici (u svakoj konzervi na\u0107i \u0107ete izme\u0111u 12 i 16 sardina). <\/p>\n<p>U na\u0161oj tvornici u Moa\u00f1i (Pontevedra), na\u0161e stru\u010dno proizvodno osoblje pojedina\u010dno odsijeca glavu i vadi utrobu svakoj ribi. Zatim se peku na pari i pakiraju s pa\u017enjom i precizno\u0161\u0107u kako bi se postigao \u0161to atraktivniji izgled kada otvorite konzervu. \u0160lag na torti je dodatak <strong>organskog ekstra djevi\u010danskog maslinovog ulja*.<\/strong> Rezultat je spektakularan i mo\u017eete ga vidjeti ve\u0107 sada.  <\/p>\n<p>Imajte na umu da je razdoblje odle\u017eavanja, koje mo\u017ee trajati od nekoliko mjeseci do nekoliko godina, klju\u010dno, jer se okus sardina pobolj\u0161ava kako ulje prodire u ribu. Povremeno okretanje konzervi osigurava izvrstan i ujedna\u010den okus koji \u0107e zadovoljiti i najzahtjevnije gurmane. <\/p>\n<p>Posljednjih godina, konzervirane sardine stekle su \u0161iroko priznanje kao vrlo hranjiva hrana. Mogli bismo re\u0107i da, nutritivno, sardine osvajaju zlatnu medalju. Sadr\u017ee visoku koncentraciju vitamina B12, kao i vitamine A, D, K i E. Tako\u0111er su va\u017ean izvor proteina, natrija, fosfora, joda i kalcija. I bogate su omega-3 i oleinskom kiselinom. \u0160to vi\u0161e mo\u017eete po\u017eeljeti?    <\/p>\n","protected":false},"excerpt":{"rendered":"<p>Na\u0161e konzervirane sardine su ukusne; sa svojom aromom, intenzivnim okusom, srebrnkastim izgledom i savr\u0161enim smje\u0161tajem i prezentacijom u pakiranju. Polazna to\u010dka je uvijek odabir najboljih, najsvje\u017eijih i najmanjih primjeraka na ribarnici (u svakoj konzervi na\u0107i \u0107ete izme\u0111u 12 i 16 sardina). U na\u0161oj tvornici u Moa\u00f1i (Pontevedra), na\u0161e stru\u010dno proizvodno osoblje pojedina\u010dno odsijeca glavu i [&hellip;]<\/p>\n","protected":false},"featured_media":59409,"template":"","meta":{"_et_pb_use_builder":"","_et_pb_old_content":"","_et_gb_content_width":""},"product_brand":[11014],"product_cat":[1917,11070,3785],"product_tag":[],"class_list":{"0":"post-62883","1":"product","2":"type-product","3":"status-publish","4":"has-post-thumbnail","6":"product_brand-rias-baixas","7":"product_cat-konzerve","8":"product_cat-novi","9":"product_cat-srdele","11":"first","12":"instock","13":"featured","14":"taxable","15":"shipping-taxable","16":"purchasable","17":"product-type-variable"},"_links":{"self":[{"href":"https:\/\/myspainfood.com\/hr\/wp-json\/wp\/v2\/product\/62883","targetHints":{"allow":["GET"]}}],"collection":[{"href":"https:\/\/myspainfood.com\/hr\/wp-json\/wp\/v2\/product"}],"about":[{"href":"https:\/\/myspainfood.com\/hr\/wp-json\/wp\/v2\/types\/product"}],"wp:featuredmedia":[{"embeddable":true,"href":"https:\/\/myspainfood.com\/hr\/wp-json\/wp\/v2\/media\/59409"}],"wp:attachment":[{"href":"https:\/\/myspainfood.com\/hr\/wp-json\/wp\/v2\/media?parent=62883"}],"wp:term":[{"taxonomy":"product_brand","embeddable":true,"href":"https:\/\/myspainfood.com\/hr\/wp-json\/wp\/v2\/product_brand?post=62883"},{"taxonomy":"product_cat","embeddable":true,"href":"https:\/\/myspainfood.com\/hr\/wp-json\/wp\/v2\/product_cat?post=62883"},{"taxonomy":"product_tag","embeddable":true,"href":"https:\/\/myspainfood.com\/hr\/wp-json\/wp\/v2\/product_tag?post=62883"}],"curies":[{"name":"wp","href":"https:\/\/api.w.org\/{rel}","templated":true}]}}