{"id":63009,"date":"2025-10-10T12:25:49","date_gmt":"2025-10-10T10:25:49","guid":{"rendered":"https:\/\/myspainfood.com\/producto\/finisterre-skoljke-u-organskom-maslinovom-ulju-rias-baixas-115-gr\/"},"modified":"2025-10-10T12:25:49","modified_gmt":"2025-10-10T10:25:49","slug":"finisterre-skoljke-u-organskom-maslinovom-ulju-rias-baixas-115-gr","status":"publish","type":"product","link":"https:\/\/myspainfood.com\/hr\/producto\/finisterre-skoljke-u-organskom-maslinovom-ulju-rias-baixas-115-gr\/","title":{"rendered":"Finisterre \u0161koljke u organskom maslinovom ulju Rias Baixas 115 gr"},"content":{"rendered":"<p>\u0160koljke britve se love na mnogim lokacijama du\u017e na\u0161ih prekrasnih estuarija, ali postoji jedna gdje \u0161koljke britve i longueirones posti\u017eu najvi\u0161u kvalitetu: Finisterre (Fisterra). I naravno, u CONSERVAS R\u00cdAS BAIXAS 1907 kupujemo samo \u0161koljke britve s ovih rajskih pla\u017ea, i to samo one koje ronioci ulove jednu po jednu kako bi se osiguralo o\u010duvanje prirodnog okoli\u0161a i kako bi budu\u0107e generacije mogle u\u017eivati \u200b\u200bu ovoj deliciji. <\/p>\n<p>Svje\u017ea \u0161koljka britva se pro\u010di\u0161\u0107ava u slanoj vodi kako bi se uklonio preostali pijesak, a zatim je pa\u017eljivo pakiramo u na\u0161im pogonima u Moa\u00f1i.<\/p>\n<p>I premda je Finisterreova \u0161koljka sama po sebi delicija, odlu\u010dili smo je predstaviti u organskom ekstra djevi\u010danskom maslinovom ulju*. Rezultat je spektakularan i pozivamo vas da ga isprobate. <\/p>\n<p>Nadalje, \u0161koljke britve imaju vrlo malo kalorija i masti. S druge strane, \u0161koljke britve bogate su omega-3 polinezasi\u0107enim masnim kiselinama, \u0161to ih \u010dini vrlo preporu\u010dljivima. <\/p>\n","protected":false},"excerpt":{"rendered":"<p>\u0160koljke britve se love na mnogim lokacijama du\u017e na\u0161ih prekrasnih estuarija, ali postoji jedna gdje \u0161koljke britve i longueirones posti\u017eu najvi\u0161u kvalitetu: Finisterre (Fisterra). I naravno, u CONSERVAS R\u00cdAS BAIXAS 1907 kupujemo samo \u0161koljke britve s ovih rajskih pla\u017ea, i to samo one koje ronioci ulove jednu po jednu kako bi se osiguralo o\u010duvanje prirodnog [&hellip;]<\/p>\n","protected":false},"featured_media":59287,"template":"","meta":{"_et_pb_use_builder":"","_et_pb_old_content":"","_et_gb_content_width":""},"product_brand":[11014],"product_cat":[1917,11070,7675],"product_tag":[],"class_list":{"0":"post-63009","1":"product","2":"type-product","3":"status-publish","4":"has-post-thumbnail","6":"product_brand-rias-baixas","7":"product_cat-konzerve","8":"product_cat-novi","9":"product_cat-nozevi","11":"first","12":"instock","13":"taxable","14":"shipping-taxable","15":"purchasable","16":"product-type-variable"},"_links":{"self":[{"href":"https:\/\/myspainfood.com\/hr\/wp-json\/wp\/v2\/product\/63009","targetHints":{"allow":["GET"]}}],"collection":[{"href":"https:\/\/myspainfood.com\/hr\/wp-json\/wp\/v2\/product"}],"about":[{"href":"https:\/\/myspainfood.com\/hr\/wp-json\/wp\/v2\/types\/product"}],"wp:featuredmedia":[{"embeddable":true,"href":"https:\/\/myspainfood.com\/hr\/wp-json\/wp\/v2\/media\/59287"}],"wp:attachment":[{"href":"https:\/\/myspainfood.com\/hr\/wp-json\/wp\/v2\/media?parent=63009"}],"wp:term":[{"taxonomy":"product_brand","embeddable":true,"href":"https:\/\/myspainfood.com\/hr\/wp-json\/wp\/v2\/product_brand?post=63009"},{"taxonomy":"product_cat","embeddable":true,"href":"https:\/\/myspainfood.com\/hr\/wp-json\/wp\/v2\/product_cat?post=63009"},{"taxonomy":"product_tag","embeddable":true,"href":"https:\/\/myspainfood.com\/hr\/wp-json\/wp\/v2\/product_tag?post=63009"}],"curies":[{"name":"wp","href":"https:\/\/api.w.org\/{rel}","templated":true}]}}