{"id":63161,"date":"2025-10-10T12:25:49","date_gmt":"2025-10-10T10:25:49","guid":{"rendered":"https:\/\/myspainfood.com\/producto\/elvers-u-organskom-maslinovom-ulju-rias-baixas-110-gr\/"},"modified":"2026-01-29T11:18:24","modified_gmt":"2026-01-29T10:18:24","slug":"elvers-u-organskom-maslinovom-ulju-rias-baixas-110-gr","status":"publish","type":"product","link":"https:\/\/myspainfood.com\/hr\/producto\/elvers-u-organskom-maslinovom-ulju-rias-baixas-110-gr\/","title":{"rendered":"Elvers u organskom maslinovom ulju Rias Baixas 110 gr"},"content":{"rendered":"<p>Kao \u0161to vjerojatno znate, jegulja je mla\u0111 jegulje. Njena avantura po\u010dinje u Sarga\u0161kom moru, u srcu Kariba, gdje se jegulje mrijeste i izlegu. Tijekom sljede\u0107e tri godine, kretat \u0107e se Golfskom strujom dok ne stignu do europskih rijeka. Jegulje se okupljaju u velikim masama na u\u0161\u0107ima rijeka i plivaju uzvodno dok ne postanu odrasle jedinke. Najzanimljivije je to \u0161to svaka jegulja sti\u017ee u istu rijeku iz koje su iza\u0161li njezini roditelji. Kada je uhva\u0107ena, svaka jedinka obi\u010dno te\u017ei 1 g i mjeri ne\u0161to manje od 8 cm.     <\/p>\n<p>Ne treba ni spominjati da se s tako krhkom i vrijednom ribom postupa s najve\u0107om pa\u017enjom i delikatno\u0161\u0107u tijekom transporta do tvornice, tijekom procesa kuhanja i tijekom konzerviranja. Predstavljamo je prema tradicionalnom receptu za ovu deliciju, s obilnom dozom za\u010dina koju pru\u017ea prirodna \u010dili papri\u010dica i prelivena organskim ekstra djevi\u010danskim maslinovim uljem*. <\/p>\n<p>No osim okusa, koji mnogi stru\u010dnjaci smatraju neusporedivim, ribe su proizvod izuzetno visoke nutritivne vrijednosti. Zapravo, one su najmasnija poznata masna riba i bogate su proteinima (16,3 g na 100 g). Tako\u0111er pru\u017eaju zna\u010dajne koli\u010dine minerala poput fosfora i kalija, koji podr\u017eavaju zdravlje bubrega i \u017eiv\u010danog sustava. Ali najzna\u010dajniji je njihov izuzetno visok sadr\u017eaj vitamina A, \u010dija je me\u0111u prednostima promicanje zdravlja o\u010diju i vida.   <\/p>\n","protected":false},"excerpt":{"rendered":"<p>Kao \u0161to vjerojatno znate, jegulja je mla\u0111 jegulje. Njena avantura po\u010dinje u Sarga\u0161kom moru, u srcu Kariba, gdje se jegulje mrijeste i izlegu. Tijekom sljede\u0107e tri godine, kretat \u0107e se Golfskom strujom dok ne stignu do europskih rijeka. Jegulje se okupljaju u velikim masama na u\u0161\u0107ima rijeka i plivaju uzvodno dok ne postanu odrasle jedinke. [&hellip;]<\/p>\n","protected":false},"featured_media":59141,"template":"","meta":{"_et_pb_use_builder":"","_et_pb_old_content":"","_et_gb_content_width":""},"product_brand":[11014],"product_cat":[1917,11070],"product_tag":[],"class_list":{"0":"post-63161","1":"product","2":"type-product","3":"status-publish","4":"has-post-thumbnail","6":"product_brand-rias-baixas","7":"product_cat-konzerve","8":"product_cat-novi","10":"first","11":"instock","12":"taxable","13":"shipping-taxable","14":"purchasable","15":"product-type-variable"},"_links":{"self":[{"href":"https:\/\/myspainfood.com\/hr\/wp-json\/wp\/v2\/product\/63161","targetHints":{"allow":["GET"]}}],"collection":[{"href":"https:\/\/myspainfood.com\/hr\/wp-json\/wp\/v2\/product"}],"about":[{"href":"https:\/\/myspainfood.com\/hr\/wp-json\/wp\/v2\/types\/product"}],"wp:featuredmedia":[{"embeddable":true,"href":"https:\/\/myspainfood.com\/hr\/wp-json\/wp\/v2\/media\/59141"}],"wp:attachment":[{"href":"https:\/\/myspainfood.com\/hr\/wp-json\/wp\/v2\/media?parent=63161"}],"wp:term":[{"taxonomy":"product_brand","embeddable":true,"href":"https:\/\/myspainfood.com\/hr\/wp-json\/wp\/v2\/product_brand?post=63161"},{"taxonomy":"product_cat","embeddable":true,"href":"https:\/\/myspainfood.com\/hr\/wp-json\/wp\/v2\/product_cat?post=63161"},{"taxonomy":"product_tag","embeddable":true,"href":"https:\/\/myspainfood.com\/hr\/wp-json\/wp\/v2\/product_tag?post=63161"}],"curies":[{"name":"wp","href":"https:\/\/api.w.org\/{rel}","templated":true}]}}