{"id":63422,"date":"2025-10-10T12:25:48","date_gmt":"2025-10-10T10:25:48","guid":{"rendered":"https:\/\/myspainfood.com\/producto\/la-barraca-prirodni-grasak-390-gr-sirovi\/"},"modified":"2025-10-10T12:25:48","modified_gmt":"2025-10-10T10:25:48","slug":"la-barraca-prirodni-grasak-390-gr-sirovi","status":"publish","type":"product","link":"https:\/\/myspainfood.com\/hr\/producto\/la-barraca-prirodni-grasak-390-gr-sirovi\/","title":{"rendered":"La Barraca prirodni gra\u0161ak 390 gr sirovi"},"content":{"rendered":"<p>Gra\u0161ak La Barraca<\/p>\n<p> Sastojci: Gra\u0161ak, voda, \u0161e\u0107er i sol.<\/p>\n","protected":false},"excerpt":{"rendered":"<p>Ekstra vrlo fini gra\u0161ak<\/p>\n","protected":false},"featured_media":58993,"template":"","meta":{"_et_pb_use_builder":"","_et_pb_old_content":"","_et_gb_content_width":""},"product_brand":[11011],"product_cat":[1917,11070,3732],"product_tag":[],"class_list":{"0":"post-63422","1":"product","2":"type-product","3":"status-publish","4":"has-post-thumbnail","6":"product_brand-la-barraca","7":"product_cat-konzerve","8":"product_cat-novi","9":"product_cat-povrce","11":"first","12":"instock","13":"taxable","14":"shipping-taxable","15":"purchasable","16":"product-type-variable"},"_links":{"self":[{"href":"https:\/\/myspainfood.com\/hr\/wp-json\/wp\/v2\/product\/63422","targetHints":{"allow":["GET"]}}],"collection":[{"href":"https:\/\/myspainfood.com\/hr\/wp-json\/wp\/v2\/product"}],"about":[{"href":"https:\/\/myspainfood.com\/hr\/wp-json\/wp\/v2\/types\/product"}],"wp:featuredmedia":[{"embeddable":true,"href":"https:\/\/myspainfood.com\/hr\/wp-json\/wp\/v2\/media\/58993"}],"wp:attachment":[{"href":"https:\/\/myspainfood.com\/hr\/wp-json\/wp\/v2\/media?parent=63422"}],"wp:term":[{"taxonomy":"product_brand","embeddable":true,"href":"https:\/\/myspainfood.com\/hr\/wp-json\/wp\/v2\/product_brand?post=63422"},{"taxonomy":"product_cat","embeddable":true,"href":"https:\/\/myspainfood.com\/hr\/wp-json\/wp\/v2\/product_cat?post=63422"},{"taxonomy":"product_tag","embeddable":true,"href":"https:\/\/myspainfood.com\/hr\/wp-json\/wp\/v2\/product_tag?post=63422"}],"curies":[{"name":"wp","href":"https:\/\/api.w.org\/{rel}","templated":true}]}}