{"id":16210,"date":"2025-04-08T08:43:07","date_gmt":"2025-04-08T06:43:07","guid":{"rendered":"https:\/\/myspainfood.com\/adatvedelmi-szabalyzat\/"},"modified":"2025-05-05T11:16:57","modified_gmt":"2025-05-05T09:16:57","slug":"adatvedelmi-szabalyzat","status":"publish","type":"page","link":"https:\/\/myspainfood.com\/hu\/adatvedelmi-szabalyzat\/","title":{"rendered":"Adatv\u00e9delmi szab\u00e1lyzat"},"content":{"rendered":"\n<p>\u00dcdv\u00f6z\u00f6lj\u00fck a https:\/\/myspainfood.com (a &#8222;Webhely&#8221;) weboldalon. Meg\u00e9rtj\u00fck, hogy az online adatv\u00e9delem fontos a Webhely\u00fcnk felhaszn\u00e1l\u00f3i sz\u00e1m\u00e1ra, k\u00fcl\u00f6n\u00f6sen az \u00fczleti tranzakci\u00f3k sor\u00e1n. Ez a nyilatkozat szab\u00e1lyozza adatv\u00e9delmi politik\u00e1nkat a Webhely azon felhaszn\u00e1l\u00f3i (&#8222;L\u00e1togat\u00f3k&#8221;) tekintet\u00e9ben, akik \u00fczleti tranzakci\u00f3 n\u00e9lk\u00fcl l\u00e1togatj\u00e1k a Webhelyet, valamint azon L\u00e1togat\u00f3k tekintet\u00e9ben, akik regisztr\u00e1lnak a Webhelyen t\u00f6rt\u00e9n\u0151 \u00fczleti tranzakci\u00f3ra \u00e9s ig\u00e9nybe veszik a SUMINISTROS HOSTELEROS, S. L. \u00e1ltal k\u00edn\u00e1lt k\u00fcl\u00f6nb\u00f6z\u0151 szolg\u00e1ltat\u00e1sokat (egy\u00fcttesen &#8222;Szolg\u00e1ltat\u00e1sok&#8221;) (&#8222;Jogosult \u00fcgyfelek&#8221;).  <\/p>\n\n<p><strong>&#8222;Szem\u00e9lyesen azonos\u00edthat\u00f3 inform\u00e1ci\u00f3k<\/strong><\/p>\n\n<p>b\u00e1rmely olyan inform\u00e1ci\u00f3, amely azonos\u00edtja vagy felhaszn\u00e1lhat\u00f3 annak a szem\u00e9lynek az azonos\u00edt\u00e1s\u00e1ra, felkeres\u00e9s\u00e9re vagy megtal\u00e1l\u00e1s\u00e1ra, akire az ilyen inform\u00e1ci\u00f3 vonatkozik, bele\u00e9rtve, de nem kiz\u00e1r\u00f3lagosan, a nevet, c\u00edmet, telefonsz\u00e1mot, faxsz\u00e1mot, e-mail c\u00edmet, p\u00e9nz\u00fcgyi profilokat, t\u00e1rsadalombiztos\u00edt\u00e1si sz\u00e1mot \u00e9s hitelk\u00e1rtyaadatokat. A szem\u00e9lyazonos\u00edt\u00e1sra alkalmas inform\u00e1ci\u00f3k nem tartalmazz\u00e1k az anonim m\u00f3don (azaz az egyes felhaszn\u00e1l\u00f3k azonos\u00edt\u00e1sa n\u00e9lk\u00fcl) gy\u0171jt\u00f6tt inform\u00e1ci\u00f3kat vagy az azonos\u00edtott szem\u00e9lyhez nem k\u00f6thet\u0151 demogr\u00e1fiai inform\u00e1ci\u00f3kat. <\/p>\n\n<p><strong>Milyen szem\u00e9lyes adatokat gy\u0171jtenek?<\/strong><\/p>\n\n<p>Minden l\u00e1togat\u00f3nkr\u00f3l gy\u0171jthet\u00fcnk alapvet\u0151 felhaszn\u00e1l\u00f3i profiladatokat. A k\u00f6vetkez\u0151 tov\u00e1bbi inform\u00e1ci\u00f3kat gy\u0171jtj\u00fck a Jogosult \u00dcgyfeleinkt\u0151l: a Jogosult \u00dcgyfelek neve, c\u00edme, telefonsz\u00e1ma \u00e9s e-mail c\u00edme, a v\u00e1llalkoz\u00e1s jellege \u00e9s m\u00e9rete, valamint a Jogosult \u00dcgyf\u00e9l \u00e1ltal v\u00e1s\u00e1rolni vagy \u00e9rt\u00e9kes\u00edteni k\u00edv\u00e1nt hirdet\u00e9si k\u00e9szlet jellege \u00e9s m\u00e9rete. <\/p>\n\n<p><strong>Mely szervezetek gy\u0171jtik az inform\u00e1ci\u00f3kat?<\/strong><\/p>\n\n<p>A mi k\u00f6zvetlen adatgy\u0171jt\u00e9s\u00fcnk mellett harmadik f\u00e9l szolg\u00e1ltat\u00f3ink (p\u00e9ld\u00e1ul hitelk\u00e1rtya-t\u00e1rsas\u00e1gok, elsz\u00e1mol\u00f3h\u00e1zak \u00e9s bankok), akik olyan szolg\u00e1ltat\u00e1sokat ny\u00fajthatnak, mint a hitel-, biztos\u00edt\u00e1si \u00e9s let\u00e9ti szolg\u00e1ltat\u00e1sok, gy\u0171jthetik ezeket az inform\u00e1ci\u00f3kat a L\u00e1togat\u00f3inkt\u00f3l \u00e9s a Jogosult \u00dcgyfeleinkt\u0151l. Nem ellen\u0151rizz\u00fck, hogy ezek a harmadik felek hogyan haszn\u00e1lj\u00e1k fel ezeket az inform\u00e1ci\u00f3kat, de megk\u00e9rj\u00fck \u0151ket, hogy hozz\u00e1k nyilv\u00e1noss\u00e1gra, hogyan haszn\u00e1lj\u00e1k fel a L\u00e1togat\u00f3k \u00e9s az Enged\u00e9lyezett \u00dcgyfelek \u00e1ltal rendelkez\u00e9s\u00fckre bocs\u00e1tott szem\u00e9lyes adatokat. E harmadik felek n\u00e9melyike k\u00f6zvet\u00edt\u0151 lehet, akik csak az \u00e9rt\u00e9kes\u00edt\u00e9si l\u00e1nc l\u00e1ncszemek\u00e9nt m\u0171k\u00f6dnek, \u00e9s nem t\u00e1rolj\u00e1k, nem \u0151rzik meg \u00e9s nem haszn\u00e1lj\u00e1k fel a sz\u00e1mukra megadott inform\u00e1ci\u00f3kat.  <\/p>\n\n<p><strong>Hogyan haszn\u00e1lja fel a weboldal a szem\u00e9lyazonos\u00edt\u00e1sra alkalmas inform\u00e1ci\u00f3kat?<\/strong><\/p>\n\n<p>A szem\u00e9lyes adatokat a Honlap szem\u00e9lyre szab\u00e1s\u00e1hoz, a megfelel\u0151 szolg\u00e1ltat\u00e1sok ny\u00fajt\u00e1s\u00e1hoz \u00e9s a Honlapon t\u00f6rt\u00e9n\u0151 v\u00e1s\u00e1rl\u00e1sra \u00e9s elad\u00e1sra vonatkoz\u00f3 k\u00e9relmek teljes\u00edt\u00e9s\u00e9hez haszn\u00e1ljuk fel. A L\u00e1togat\u00f3knak \u00e9s a Jogosult \u00dcgyfeleknek e-maileket k\u00fcldhet\u00fcnk a Honlapon tal\u00e1lhat\u00f3 kutat\u00e1si vagy v\u00e9teli \u00e9s elad\u00e1si lehet\u0151s\u00e9gekr\u0151l, illetve a Honlap t\u00e9m\u00e1j\u00e1val kapcsolatos inform\u00e1ci\u00f3kr\u00f3l. Szem\u00e9lyes adatokat haszn\u00e1lhatunk arra is, hogy konkr\u00e9t megkeres\u00e9sekre v\u00e1laszul vagy a k\u00e9rt inform\u00e1ci\u00f3k szolg\u00e1ltat\u00e1sa \u00e9rdek\u00e9ben kapcsolatba l\u00e9pj\u00fcnk a L\u00e1togat\u00f3kkal \u00e9s a Jogosult \u00dcgyfelekkel.  <\/p>\n\n<p><strong>Kivel oszthat\u00f3 meg az inform\u00e1ci\u00f3?<\/strong><\/p>\n\n<p>Az Enged\u00e9lyezett \u00fcgyfelek szem\u00e9lyes adatai megoszthat\u00f3k m\u00e1s Enged\u00e9lyezett \u00fcgyfelekkel, akik m\u00e1s Enged\u00e9lyezett \u00fcgyfelekkel t\u00f6rt\u00e9n\u0151 potenci\u00e1lis tranzakci\u00f3kat k\u00edv\u00e1nnak \u00e9rt\u00e9kelni. Megoszthatjuk a l\u00e1togat\u00f3inkra vonatkoz\u00f3 \u00f6sszes\u00edtett adatokat, bele\u00e9rtve a l\u00e1togat\u00f3ink \u00e9s a meghatalmazott \u00fcgyfeleink demogr\u00e1fiai adatait is, a kapcsolt \u00fcgyn\u00f6ks\u00e9geinkkel \u00e9s harmadik f\u00e9lk\u00e9nt m\u0171k\u00f6d\u0151 \u00e9rt\u00e9kes\u00edt\u0151inkkel. Lehet\u0151s\u00e9get biztos\u00edtunk arra is, hogy &#8222;lemondjon&#8221; arr\u00f3l, hogy inform\u00e1ci\u00f3kat kapjon, vagy hogy mi vagy b\u00e1rmely, a nev\u00fcnkben elj\u00e1r\u00f3 \u00fcgyn\u00f6ks\u00e9g kapcsolatba l\u00e9pjen vel\u00fcnk.  <\/p>\n\n<p><strong>Hogyan t\u00e1rolj\u00e1k a szem\u00e9lyazonos\u00edt\u00e1sra alkalmas adatokat?<\/strong><\/p>\n\n<p>A SUMINISTROS HOSTELEROS, S. L. \u00e1ltal gy\u0171jt\u00f6tt, szem\u00e9lyazonos\u00edt\u00e1sra alkalmas adatokat biztons\u00e1gosan t\u00e1roljuk, \u00e9s harmadik felek vagy a SUMINISTROS HOSTELEROS, S. L. alkalmazottai sz\u00e1m\u00e1ra nem hozz\u00e1f\u00e9rhet\u0151ek, kiv\u00e9ve a fent megjel\u00f6lt felhaszn\u00e1l\u00e1si c\u00e9lokra.<\/p>\n\n<p><strong>Milyen v\u00e1laszt\u00e1si lehet\u0151s\u00e9gei vannak a l\u00e1togat\u00f3knak az inform\u00e1ci\u00f3k gy\u0171jt\u00e9s\u00e9vel, felhaszn\u00e1l\u00e1s\u00e1val \u00e9s terjeszt\u00e9s\u00e9vel kapcsolatban?<\/strong><\/p>\n\n<p>A l\u00e1togat\u00f3k \u00e9s a meghatalmazott \u00fcgyfelek lemondhatnak arr\u00f3l, hogy k\u00e9retlen inform\u00e1ci\u00f3kat kapjanak, vagy hogy mi \u00e9s\/vagy besz\u00e1ll\u00edt\u00f3ink \u00e9s kapcsolt \u00fcgyn\u00f6ks\u00e9geink kapcsolatba l\u00e9pjenek vel\u00fcnk, ha az utas\u00edt\u00e1soknak megfelel\u0151en v\u00e1laszolnak az e-mailekre, vagy ha kapcsolatba l\u00e9pnek vel\u00fcnk az al\u00e1bbi c\u00edmen.<\/p>\n\n<p><strong>Haszn\u00e1lnak-e s\u00fctiket a weboldalon?<\/strong><\/p>\n\n<p>A s\u00fctiket sz\u00e1mos okb\u00f3l haszn\u00e1lj\u00e1k. A cookie-kat arra haszn\u00e1ljuk, hogy inform\u00e1ci\u00f3kat szerezz\u00fcnk l\u00e1togat\u00f3ink preferenci\u00e1ir\u00f3l \u00e9s az \u00e1ltaluk v\u00e1lasztott szolg\u00e1ltat\u00e1sokr\u00f3l. Biztons\u00e1gi c\u00e9lokb\u00f3l is haszn\u00e1lunk s\u00fctiket, hogy megv\u00e9dj\u00fck a Jogosult \u00dcgyfeleinket. Ha p\u00e9ld\u00e1ul egy Jogosult \u00dcgyf\u00e9l bejelentkezik, \u00e9s a webhelyet t\u00f6bb mint 10 percig nem haszn\u00e1lja, automatikusan kijelentkez\u00fcnk a Jogosult \u00dcgyf\u00e9lr\u0151l.   <\/p>\n\n<p><strong>Hogyan haszn\u00e1lja fel a SUMINISTROS HOSTELEROS, S. L. a hozz\u00e1f\u00e9r\u00e9si adatokat?<\/strong><\/p>\n\n<p>A SUMINISTROS HOSTELEROS, S. L. a hozz\u00e1f\u00e9r\u00e9si inform\u00e1ci\u00f3kat, bele\u00e9rtve t\u00f6bbek k\u00f6z\u00f6tt az IP-c\u00edmeket, az internetszolg\u00e1ltat\u00f3kat \u00e9s a b\u00f6ng\u00e9sz\u0151 t\u00edpusait, a trendek elemz\u00e9s\u00e9re, a Webhely kezel\u00e9s\u00e9re, a felhaszn\u00e1l\u00f3 mozg\u00e1s\u00e1nak \u00e9s haszn\u00e1lat\u00e1nak nyomon k\u00f6vet\u00e9s\u00e9re, valamint sz\u00e9les k\u00f6r\u0171 demogr\u00e1fiai inform\u00e1ci\u00f3k gy\u0171jt\u00e9s\u00e9re haszn\u00e1lja.<\/p>\n\n<p><strong>Mely partnerek vagy szolg\u00e1ltat\u00f3k f\u00e9rnek hozz\u00e1 a L\u00e1togat\u00f3k \u00e9s\/vagy a Jogosult \u00dcgyfelek Szem\u00e9lyes azonos\u00edt\u00e1sra alkalmas adataihoz a Honlapon?<\/strong><\/p>\n\n<p>A SUMINISTROS HOSTELEROS, S. L. egy\u00fcttm\u0171k\u00f6d\u00e9si meg\u00e1llapod\u00e1sokat \u00e9s egy\u00e9b kapcsolatokat k\u00f6t\u00f6tt \u00e9s fog k\u00f6tni sz\u00e1mos besz\u00e1ll\u00edt\u00f3val, akik hozz\u00e1f\u00e9rhetnek bizonyos Szem\u00e9lyes adatokhoz annak \u00e9rdek\u00e9ben, hogy felm\u00e9rj\u00e9k az Enged\u00e9lyezett \u00dcgyfelek alkalmass\u00e1g\u00e1t a szolg\u00e1ltat\u00e1sra. Adatv\u00e9delmi szab\u00e1lyzatunk nem terjed ki ezen adatok gy\u0171jt\u00e9s\u00e9re vagy felhaszn\u00e1l\u00e1s\u00e1ra. Szem\u00e9lyes adatok k\u00f6zz\u00e9t\u00e9tele a t\u00f6rv\u00e9nyeknek val\u00f3 megfelel\u00e9s \u00e9rdek\u00e9ben. Szem\u00e9lyesen azonos\u00edthat\u00f3 adatokat tesz\u00fcnk k\u00f6zz\u00e9, hogy eleget tegy\u00fcnk b\u00edr\u00f3s\u00e1gi v\u00e9gz\u00e9snek vagy id\u00e9z\u00e9snek, illetve b\u0171n\u00fcld\u00f6z\u0151 szerv inform\u00e1ci\u00f3k\u00f6zl\u00e9sre vonatkoz\u00f3 k\u00e9r\u00e9s\u00e9nek. Szem\u00e9lyazonos\u00edt\u00e1sra alkalmas inform\u00e1ci\u00f3kat akkor is nyilv\u00e1noss\u00e1gra hozunk, ha az \u00e9sszer\u0171en sz\u00fcks\u00e9ges l\u00e1togat\u00f3ink \u00e9s meghatalmazott \u00fcgyfeleink biztons\u00e1g\u00e1nak v\u00e9delme \u00e9rdek\u00e9ben.    <\/p>\n\n<p><strong>Hogyan v\u00e9di az oldal a szem\u00e9lyes adatokat?<\/strong><\/p>\n\n<p>Minden alkalmazottunk tiszt\u00e1ban van biztons\u00e1gi politik\u00e1nkkal \u00e9s gyakorlatunkkal. L\u00e1togat\u00f3ink \u00e9s enged\u00e9lyezett \u00fcgyfeleink szem\u00e9lyazonos\u00edt\u00e1sra alkalmas adataihoz csak korl\u00e1tozott sz\u00e1m\u00fa k\u00e9pzett alkalmazott f\u00e9rhet hozz\u00e1, akik jelsz\u00f3val rendelkeznek az inform\u00e1ci\u00f3khoz val\u00f3 hozz\u00e1f\u00e9r\u00e9shez. Rendszeresen audit\u00e1ljuk biztons\u00e1gi rendszereinket \u00e9s folyamatainkat. Az \u00e9rz\u00e9keny inform\u00e1ci\u00f3kat, p\u00e9ld\u00e1ul a hitelk\u00e1rtya- vagy t\u00e1rsadalombiztos\u00edt\u00e1si sz\u00e1mokat titkos\u00edt\u00e1si protokollok v\u00e9dik, amelyeket az interneten kereszt\u00fcl k\u00fcld\u00f6tt inform\u00e1ci\u00f3k v\u00e9delm\u00e9re hoztak l\u00e9tre. B\u00e1r kereskedelmi szempontb\u00f3l \u00e9sszer\u0171 int\u00e9zked\u00e9seket tesz\u00fcnk a biztons\u00e1gos webhely fenntart\u00e1sa \u00e9rdek\u00e9ben, az elektronikus kommunik\u00e1ci\u00f3 \u00e9s az adatb\u00e1zisok ki vannak t\u00e9ve hib\u00e1knak, manipul\u00e1ci\u00f3nak \u00e9s bet\u00f6r\u00e9seknek, \u00e9s nem tudjuk garant\u00e1lni vagy garant\u00e1lni, hogy ilyen esem\u00e9nyek nem fordulnak el\u0151, \u00e9s nem v\u00e1llalunk felel\u0151ss\u00e9get a L\u00e1togat\u00f3kkal vagy a Jogosult \u00dcgyfelekkel szemben az ilyen esem\u00e9nyek\u00e9rt.    <\/p>\n\n<p><strong>Hogyan jav\u00edthatj\u00e1k ki a l\u00e1togat\u00f3k a szem\u00e9lyazonos\u00edt\u00e1sra alkalmas adatok pontatlans\u00e1g\u00e1t?<\/strong><\/p>\n\n<p>A l\u00e1togat\u00f3k \u00e9s a meghatalmazott \u00fcgyfelek a hola@myspainfood.com e-mail c\u00edmen l\u00e9phetnek kapcsolatba vel\u00fcnk szem\u00e9lyes adataik friss\u00edt\u00e9se vagy a pontatlans\u00e1gok jav\u00edt\u00e1sa \u00e9rdek\u00e9ben.<\/p>\n\n<p><strong>A l\u00e1togat\u00f3 t\u00f6r\u00f6lheti vagy deaktiv\u00e1lhatja az oldal \u00e1ltal gy\u0171jt\u00f6tt szem\u00e9lyes adatokat?<\/strong><\/p>\n\n<p>A L\u00e1togat\u00f3knak \u00e9s a Jogosult \u00dcgyfeleknek biztos\u00edtunk egy mechanizmust, amellyel elt\u00e1vol\u00edthatj\u00e1k\/deaktiv\u00e1lhatj\u00e1k a Szem\u00e9lyesen azonos\u00edthat\u00f3 adatokat a Webhely adatb\u00e1zis\u00e1b\u00f3l, ha kapcsolatba l\u00e9pnek a k\u00f6vetkez\u0151 c\u00edmen. A biztons\u00e1gi ment\u00e9sek \u00e9s a t\u00f6rl\u00e9sek nyilv\u00e1ntart\u00e1sa miatt azonban el\u0151fordulhat, hogy lehetetlen t\u00f6r\u00f6lni egy L\u00e1togat\u00f3 bejegyz\u00e9s\u00e9t an\u00e9lk\u00fcl, hogy megmaradna n\u00e9h\u00e1ny marad\u00e9k inform\u00e1ci\u00f3. Ha egy szem\u00e9ly k\u00e9ri a szem\u00e9lyazonos\u00edt\u00e1sra alkalmas adatainak deaktiv\u00e1l\u00e1s\u00e1t, akkor azok funkcion\u00e1lisan t\u00f6rl\u00e9sre ker\u00fclnek, \u00e9s a j\u00f6v\u0151ben semmilyen m\u00f3don nem fogjuk eladni, tov\u00e1bb\u00edtani vagy felhaszn\u00e1lni az adott szem\u00e9lyre vonatkoz\u00f3 szem\u00e9lyazonos\u00edt\u00e1sra alkalmas adatokat.  <\/p>\n\n<p><strong>Mi t\u00f6rt\u00e9nik, ha az adatv\u00e9delmi ir\u00e1nyelvek megv\u00e1ltoznak?<\/strong><\/p>\n\n<p>A L\u00e1togat\u00f3inkat \u00e9s a Jogosult \u00dcgyfeleinket az adatv\u00e9delmi szab\u00e1lyzatunkban bek\u00f6vetkez\u0151 v\u00e1ltoz\u00e1sokr\u00f3l a Webhelyen t\u00f6rt\u00e9n\u0151 k\u00f6zz\u00e9t\u00e9tellel t\u00e1j\u00e9koztatjuk. Ha azonban olyan m\u00f3don v\u00e1ltoztatjuk meg adatv\u00e9delmi szab\u00e1lyzatunkat, amely olyan szem\u00e9lyazonos\u00edt\u00e1sra alkalmas adatok nyilv\u00e1noss\u00e1gra hozatal\u00e1t eredm\u00e9nyezheti, amelyek nyilv\u00e1noss\u00e1gra hozatal\u00e1t egy L\u00e1togat\u00f3 vagy Jogosult \u00dcgyf\u00e9l kor\u00e1bban k\u00e9rte, akkor felvessz\u00fck a kapcsolatot az ilyen L\u00e1togat\u00f3val vagy Jogosult \u00dcgyf\u00e9llel, hogy lehet\u0151v\u00e9 tegy\u00fck az ilyen L\u00e1togat\u00f3 vagy Jogosult \u00dcgyf\u00e9l sz\u00e1m\u00e1ra az ilyen nyilv\u00e1noss\u00e1gra hozatal megakad\u00e1lyoz\u00e1s\u00e1t. <\/p>\n\n<p><strong>Visszat\u00e9r\u00edt\u00e9si politika?<\/strong><\/p>\n\n<p>Az el\u00e1ll\u00e1si jog gyakorl\u00e1sa eset\u00e9n a term\u00e9keink visszak\u00fcld\u00e9s\u00e9nek al\u00e1bbi felt\u00e9telei nem \u00e9rv\u00e9nyesek. A term\u00e9kek visszak\u00fcld\u00e9s\u00e9t vagy cser\u00e9j\u00e9t csak gy\u00e1rt\u00e1si hiba, sz\u00e1ll\u00edt\u00e1si s\u00e9r\u00fcl\u00e9s vagy sz\u00e1ll\u00edt\u00e1si hiba eset\u00e9n fogadjuk el. A term\u00e9k \u00e1tv\u00e9tele \u00f3ta semmik\u00e9ppen sem telhet el 14 napn\u00e1l t\u00f6bb, \u00e9s a csomagol\u00e1snak \u00e9s a tartoz\u00e9koknak is meg kell lenni\u00fck. El\u0151zetesen ellen\u0151rizni kell, hogy gy\u00e1rt\u00e1si vagy csomagol\u00e1si hib\u00e1r\u00f3l vagy rendelleness\u00e9gr\u0151l van-e sz\u00f3, \u00e9s nem a nem megfelel\u0151 vagy hanyag haszn\u00e1lat, kezel\u00e9s vagy t\u00e1rol\u00e1s miatt. Mindig mell\u00e9kelni kell a megfelel\u0151 sz\u00e1ll\u00edt\u00f3levelet vagy sz\u00e1ml\u00e1t. Mind a gy\u00e1rt\u00e1si vagy csomagol\u00e1si hiba miatti visszak\u00fcld\u00e9s, mind a rendel\u00e9s hib\u00e1ja eset\u00e9n a VEV\u0150nek felaj\u00e1nljuk, hogy ha lehets\u00e9ges, a term\u00e9ket egy m\u00e1sik alternat\u00edv\u00e1val cser\u00e9lj\u00fck ki, minden tov\u00e1bbi k\u00f6lts\u00e9g n\u00e9lk\u00fcl \u00e9s an\u00e9lk\u00fcl, hogy a VEV\u0150 r\u00e9sz\u00e9r\u0151l b\u00e1rmilyen k\u00e1rt\u00e9r\u00edt\u00e9sre lenne joga. A MySpainFood viseli a megrendel\u00e9s elk\u00fcld\u00e9s\u00e9vel kapcsolatban felmer\u00fclt k\u00f6lts\u00e9geket. A visszak\u00fcld\u00e9s minden esetben a MySpainFood \u00e1ltali el\u0151zetes vizsg\u00e1lat t\u00e1rgy\u00e1t k\u00e9pezi a visszak\u00fcld\u00f6tt term\u00e9k \u00e1llapot\u00e1t, valamint annak ellen\u0151rz\u00e9s\u00e9t, hogy a jelen \u00e9rt\u00e9kes\u00edt\u00e9si felt\u00e9telek k\u00f6vetelm\u00e9nyei teljes\u00fclnek-e. A visszak\u00fcld\u00e9s be\u00e9rkez\u00e9s\u00e9t k\u00f6vet\u0151en \u00e9s adott esetben a felsz\u00e1m\u00edtott \u00f6sszeget legfeljebb 30 napon bel\u00fcl visszat\u00e9r\u00edtj\u00fck, a fizet\u00e9s felt\u00e9teleivel megegyez\u0151 felt\u00e9telek mellett. A MySpainFood fenntartja a jogot, hogy visszautas\u00edtsa a hat\u00e1rid\u0151 ut\u00e1n k\u00f6z\u00f6lt vagy elk\u00fcld\u00f6tt visszak\u00fcld\u00e9seket, illetve azokat a term\u00e9keket, amelyek nem ugyanabban az \u00e1llapotban vannak, mint ahogyan \u00e1tvett\u00e9k \u0151ket. A visszak\u00fcld\u00e9sek kezel\u00e9se a info@latiendadesami.com c\u00edmre k\u00fcld\u00f6tt e-mailben t\u00f6rt\u00e9nik, az okok le\u00edr\u00e1s\u00e1val \u00e9s a visszak\u00fcld\u00e9s indokl\u00e1s\u00e1val. Sz\u00fcks\u00e9ges tov\u00e1bb\u00e1 a n\u00e9v \u00e9s vezet\u00e9kn\u00e9v, valamint a rendel\u00e9s hivatkoz\u00e1si sz\u00e1m\u00e1nak felt\u00fcntet\u00e9se. A k\u00e9r\u00e9s be\u00e9rkez\u00e9s\u00e9t k\u00f6vet\u0151en azt id\u0151ben feldolgozzuk.            <\/p>\n\n<p><strong>Linkek:<\/strong><\/p>\n\n<p>A https:\/\/myspainfood.com m\u00e1s weboldalakra mutat\u00f3 linkeket tartalmaz. Felh\u00edvjuk figyelm\u00e9t, hogy ha r\u00e1kattint valamelyik linkre, egy m\u00e1sik weboldalra l\u00e9p. Javasoljuk, hogy olvassa el ezeknek a hivatkozott webhelyeknek az adatv\u00e9delmi nyilatkozat\u00e1t, mivel azok adatv\u00e9delmi politik\u00e1ja elt\u00e9rhet a mi\u00e9nkt\u0151l.  <\/p>\n","protected":false},"excerpt":{"rendered":"<p>\u00dcdv\u00f6z\u00f6lj\u00fck a https:\/\/myspainfood.com (a &#8222;Webhely&#8221;) weboldalon. Meg\u00e9rtj\u00fck, hogy az online adatv\u00e9delem fontos a Webhely\u00fcnk felhaszn\u00e1l\u00f3i sz\u00e1m\u00e1ra, k\u00fcl\u00f6n\u00f6sen az \u00fczleti tranzakci\u00f3k sor\u00e1n. Ez a nyilatkozat szab\u00e1lyozza adatv\u00e9delmi politik\u00e1nkat a Webhely azon felhaszn\u00e1l\u00f3i (&#8222;L\u00e1togat\u00f3k&#8221;) tekintet\u00e9ben, akik \u00fczleti tranzakci\u00f3 n\u00e9lk\u00fcl l\u00e1togatj\u00e1k a Webhelyet, valamint azon L\u00e1togat\u00f3k tekintet\u00e9ben, akik regisztr\u00e1lnak a Webhelyen t\u00f6rt\u00e9n\u0151 \u00fczleti tranzakci\u00f3ra \u00e9s ig\u00e9nybe veszik a [&hellip;]<\/p>\n","protected":false},"author":1,"featured_media":0,"parent":0,"menu_order":0,"comment_status":"closed","ping_status":"closed","template":"","meta":{"_et_pb_use_builder":"","_et_pb_old_content":"","_et_gb_content_width":"","footnotes":""},"class_list":["post-16210","page","type-page","status-publish","hentry"],"_links":{"self":[{"href":"https:\/\/myspainfood.com\/hu\/wp-json\/wp\/v2\/pages\/16210","targetHints":{"allow":["GET"]}}],"collection":[{"href":"https:\/\/myspainfood.com\/hu\/wp-json\/wp\/v2\/pages"}],"about":[{"href":"https:\/\/myspainfood.com\/hu\/wp-json\/wp\/v2\/types\/page"}],"author":[{"embeddable":true,"href":"https:\/\/myspainfood.com\/hu\/wp-json\/wp\/v2\/users\/1"}],"replies":[{"embeddable":true,"href":"https:\/\/myspainfood.com\/hu\/wp-json\/wp\/v2\/comments?post=16210"}],"version-history":[{"count":1,"href":"https:\/\/myspainfood.com\/hu\/wp-json\/wp\/v2\/pages\/16210\/revisions"}],"predecessor-version":[{"id":16211,"href":"https:\/\/myspainfood.com\/hu\/wp-json\/wp\/v2\/pages\/16210\/revisions\/16211"}],"wp:attachment":[{"href":"https:\/\/myspainfood.com\/hu\/wp-json\/wp\/v2\/media?parent=16210"}],"curies":[{"name":"wp","href":"https:\/\/api.w.org\/{rel}","templated":true}]}}