{"id":17171,"date":"2025-04-10T12:05:09","date_gmt":"2025-04-10T10:05:09","guid":{"rendered":"https:\/\/myspainfood.com\/producto\/kimbos-gordal-gordal-oliva-es-uborka-900-gr-chicon\/"},"modified":"2026-01-11T20:56:04","modified_gmt":"2026-01-11T19:56:04","slug":"kimbos-gordal-gordal-oliva-es-uborka-900-gr-chicon","status":"publish","type":"product","link":"https:\/\/myspainfood.com\/hu\/producto\/kimbos-gordal-gordal-oliva-es-uborka-900-gr-chicon\/","title":{"rendered":"Kimbos Gordal - gordal ol\u00edva \u00e9s uborka 900 gr Chic\u00f3n"},"content":{"rendered":"<h3>Mi\u00e9rt haszn\u00e1lja a Kimbos Gordal olajbogy\u00f3t ubork\u00e1val t\u00f6ltve?<\/h3>\n<p>A Kimbos Gordal az egyik legn\u00e9pszer\u0171bb t\u00f6lt\u00f6tt olajbogy\u00f3 Spanyolorsz\u00e1gban \u00e9s k\u00fclf\u00f6ld\u00f6n egyar\u00e1nt n\u00e9pszer\u0171 v\u00e1ltozata.<\/p>\n<p>Egyik saj\u00e1toss\u00e1ga a m\u00e9rete, mivel \u00e1ltal\u00e1ban nagyobb, mint a t\u00f6bbi fajta.<\/p>\n<p>Ez\u00e1ltal ide\u00e1lis olajbogy\u00f3, amelyet k\u00fcl\u00f6nb\u00f6z\u0151 \u00e9telekkel, p\u00e9ld\u00e1ul szardell\u00e1val, ubork\u00e1val vagy paprik\u00e1val t\u00f6ltve k\u00edn\u00e1lhatunk az asztalra.<\/p>\n<p>Az &#8222;Aceituna Gordal&#8221; nevet a m\u00e9rete miatt kapta.<\/p>\n<p>Mondhatni, hogy meglehet\u0151sen vonz\u00f3 \u00e9s figyelemfelkelt\u0151 megjelen\u00e9s\u00e9vel t\u0171nik ki.<\/p>\n<p>B\u00e1r eredetileg <a href=\"https:\/\/aceitunaschiconlebron.com\/catalogo\/aceituna-gordal-rellena-de-pepinillo\/\" target=\"_blank\" rel=\"noopener noreferrer nofollow\">Andal\u00fazi\u00e1b\u00f3l<\/a> sz\u00e1rmazik, az ubork\u00e1val t\u00f6lt\u00f6tt Gordal olajbogy\u00f3 fogyaszt\u00e1sa az Egyes\u00fclt \u00c1llamokban is elterjedt, ahol Spanyolorsz\u00e1gon k\u00edv\u00fcl a legelterjedtebb lett.<\/p>\n<p>Ha ol\u00edvabogy\u00f3t vagy b\u00e1rmilyen m\u00e1s t\u00edpus\u00fa <a href=\"https:\/\/latiendadesami.com\/categoria-producto\/encurtidos\/\" rel=\"noopener noreferrer nofollow\" target=\"_blank\">savany\u00fas\u00e1got<\/a> szeretne v\u00e1s\u00e1rolni, ne habozzon, n\u00e9zze meg online katal\u00f3gusunkat, hogy megn\u00e9zze <a href=\"https:\/\/latiendadesami.com\/categoria-producto\/encurtidos\/aceitunas\/\" target=\"_blank\" rel=\"noopener noreferrer nofollow\">ol\u00edvabogy\u00f3ink<\/a> sz\u00e9les v\u00e1laszt\u00e9k\u00e1t.<\/p>\n","protected":false},"excerpt":{"rendered":"<p>Mi\u00e9rt haszn\u00e1lja a Kimbos Gordal olajbogy\u00f3t ubork\u00e1val t\u00f6ltve? A Kimbos Gordal az egyik legn\u00e9pszer\u0171bb t\u00f6lt\u00f6tt olajbogy\u00f3 Spanyolorsz\u00e1gban \u00e9s k\u00fclf\u00f6ld\u00f6n egyar\u00e1nt n\u00e9pszer\u0171 v\u00e1ltozata. Egyik saj\u00e1toss\u00e1ga a m\u00e9rete, mivel \u00e1ltal\u00e1ban nagyobb, mint a t\u00f6bbi fajta. Ez\u00e1ltal ide\u00e1lis olajbogy\u00f3, amelyet k\u00fcl\u00f6nb\u00f6z\u0151 \u00e9telekkel, p\u00e9ld\u00e1ul szardell\u00e1val, ubork\u00e1val vagy paprik\u00e1val t\u00f6ltve k\u00edn\u00e1lhatunk az asztalra. Az &#8222;Aceituna Gordal&#8221; nevet a m\u00e9rete miatt [&hellip;]<\/p>\n","protected":false},"featured_media":7102,"template":"","meta":{"_et_pb_use_builder":"","_et_pb_old_content":"","_et_gb_content_width":""},"product_brand":[1036],"product_cat":[1569,1568],"product_tag":[1671,1672],"class_list":{"0":"post-17171","1":"product","2":"type-product","3":"status-publish","4":"has-post-thumbnail","6":"product_brand-chicon","7":"product_cat-olajbogyo","8":"product_cat-savanyusagok","9":"product_tag-gordal-hu","10":"product_tag-kimbo-hu","12":"first","13":"instock","14":"taxable","15":"shipping-taxable","16":"purchasable","17":"product-type-variable"},"_links":{"self":[{"href":"https:\/\/myspainfood.com\/hu\/wp-json\/wp\/v2\/product\/17171","targetHints":{"allow":["GET"]}}],"collection":[{"href":"https:\/\/myspainfood.com\/hu\/wp-json\/wp\/v2\/product"}],"about":[{"href":"https:\/\/myspainfood.com\/hu\/wp-json\/wp\/v2\/types\/product"}],"wp:featuredmedia":[{"embeddable":true,"href":"https:\/\/myspainfood.com\/hu\/wp-json\/wp\/v2\/media\/7102"}],"wp:attachment":[{"href":"https:\/\/myspainfood.com\/hu\/wp-json\/wp\/v2\/media?parent=17171"}],"wp:term":[{"taxonomy":"product_brand","embeddable":true,"href":"https:\/\/myspainfood.com\/hu\/wp-json\/wp\/v2\/product_brand?post=17171"},{"taxonomy":"product_cat","embeddable":true,"href":"https:\/\/myspainfood.com\/hu\/wp-json\/wp\/v2\/product_cat?post=17171"},{"taxonomy":"product_tag","embeddable":true,"href":"https:\/\/myspainfood.com\/hu\/wp-json\/wp\/v2\/product_tag?post=17171"}],"curies":[{"name":"wp","href":"https:\/\/api.w.org\/{rel}","templated":true}]}}