{"id":17555,"date":"2025-04-10T12:08:06","date_gmt":"2025-04-10T10:08:06","guid":{"rendered":"https:\/\/myspainfood.com\/producto\/piparras-szardellaval-a-kantabriai-tengerbol-80-egysegnyi\/"},"modified":"2026-04-24T07:46:18","modified_gmt":"2026-04-24T05:46:18","slug":"piparras-szardellaval-a-kantabriai-tengerbol-80-egysegnyi","status":"publish","type":"product","link":"https:\/\/myspainfood.com\/hu\/producto\/piparras-szardellaval-a-kantabriai-tengerbol-80-egysegnyi\/","title":{"rendered":"Piparras szardell\u00e1val a Kant\u00e1briai-tengerb\u0151l 80 egys\u00e9gnyi"},"content":{"rendered":"<p>Olaj (85% napraforg\u00f3, 15% ol\u00edva), <strong>szardell\u00e1val<\/strong> t\u00f6lt\u00f6tt olajbogy\u00f3, <strong>kantabriai szardella<\/strong> fil\u00e9 \u00e9s piparra.<\/p>\n","protected":false},"excerpt":{"rendered":"<p>Olaj (85% napraforg\u00f3, 15% ol\u00edva), szardell\u00e1val t\u00f6lt\u00f6tt olajbogy\u00f3, kantabriai szardella fil\u00e9 \u00e9s piparra.<\/p>\n","protected":false},"featured_media":10486,"template":"","meta":{"_et_pb_use_builder":"","_et_pb_old_content":"","_et_gb_content_width":""},"product_brand":[],"product_cat":[1837,1569,1841,1568,1839],"product_tag":[],"class_list":{"0":"post-17555","1":"product","2":"type-product","3":"status-publish","4":"has-post-thumbnail","6":"product_cat-hideg","7":"product_cat-olajbogyo","8":"product_cat-pintxos-hu","9":"product_cat-savanyusagok","10":"product_cat-szardella","11":"product_shipping_class-hidegszallitas","13":"first","14":"instock","15":"taxable","16":"shipping-taxable","17":"purchasable","18":"product-type-simple"},"_links":{"self":[{"href":"https:\/\/myspainfood.com\/hu\/wp-json\/wp\/v2\/product\/17555","targetHints":{"allow":["GET"]}}],"collection":[{"href":"https:\/\/myspainfood.com\/hu\/wp-json\/wp\/v2\/product"}],"about":[{"href":"https:\/\/myspainfood.com\/hu\/wp-json\/wp\/v2\/types\/product"}],"wp:featuredmedia":[{"embeddable":true,"href":"https:\/\/myspainfood.com\/hu\/wp-json\/wp\/v2\/media\/10486"}],"wp:attachment":[{"href":"https:\/\/myspainfood.com\/hu\/wp-json\/wp\/v2\/media?parent=17555"}],"wp:term":[{"taxonomy":"product_brand","embeddable":true,"href":"https:\/\/myspainfood.com\/hu\/wp-json\/wp\/v2\/product_brand?post=17555"},{"taxonomy":"product_cat","embeddable":true,"href":"https:\/\/myspainfood.com\/hu\/wp-json\/wp\/v2\/product_cat?post=17555"},{"taxonomy":"product_tag","embeddable":true,"href":"https:\/\/myspainfood.com\/hu\/wp-json\/wp\/v2\/product_tag?post=17555"}],"curies":[{"name":"wp","href":"https:\/\/api.w.org\/{rel}","templated":true}]}}