{"id":17712,"date":"2025-04-10T12:09:26","date_gmt":"2025-04-10T10:09:26","guid":{"rendered":"https:\/\/myspainfood.com\/producto\/toltott-szardella-70-egyseg\/"},"modified":"2025-06-24T13:45:51","modified_gmt":"2025-06-24T11:45:51","slug":"toltott-szardella-70-egyseg","status":"publish","type":"product","link":"https:\/\/myspainfood.com\/hu\/producto\/toltott-szardella-70-egyseg\/","title":{"rendered":"T\u00f6lt\u00f6tt szardella 70 egys\u00e9g"},"content":{"rendered":"<p>Olaj (85% napraforg\u00f3olaj, 15% ol\u00edvaolaj), szardell\u00e1val t\u00f6lt\u00f6tt olajbogy\u00f3, szardella ecetben, pirospaprika, petrezselyem \u00e9s fokhagyma.<\/p>\n","protected":false},"excerpt":{"rendered":"<p>Olaj (85% napraforg\u00f3olaj, 15% ol\u00edvaolaj), szardell\u00e1val t\u00f6lt\u00f6tt olajbogy\u00f3, szardella ecetben, pirospaprika, petrezselyem \u00e9s fokhagyma.<\/p>\n","protected":false},"featured_media":11971,"template":"","meta":{"_et_pb_use_builder":"","_et_pb_old_content":"","_et_gb_content_width":""},"product_brand":[],"product_cat":[1837,1569,1841,1568,1888],"product_tag":[],"class_list":{"0":"post-17712","1":"product","2":"type-product","3":"status-publish","4":"has-post-thumbnail","6":"product_cat-hideg","7":"product_cat-olajbogyo","8":"product_cat-pintxos-hu","9":"product_cat-savanyusagok","10":"product_cat-szardella-hu","11":"product_shipping_class-hidegszallitas","13":"first","14":"instock","15":"taxable","16":"shipping-taxable","17":"purchasable","18":"product-type-simple"},"_links":{"self":[{"href":"https:\/\/myspainfood.com\/hu\/wp-json\/wp\/v2\/product\/17712","targetHints":{"allow":["GET"]}}],"collection":[{"href":"https:\/\/myspainfood.com\/hu\/wp-json\/wp\/v2\/product"}],"about":[{"href":"https:\/\/myspainfood.com\/hu\/wp-json\/wp\/v2\/types\/product"}],"wp:featuredmedia":[{"embeddable":true,"href":"https:\/\/myspainfood.com\/hu\/wp-json\/wp\/v2\/media\/11971"}],"wp:attachment":[{"href":"https:\/\/myspainfood.com\/hu\/wp-json\/wp\/v2\/media?parent=17712"}],"wp:term":[{"taxonomy":"product_brand","embeddable":true,"href":"https:\/\/myspainfood.com\/hu\/wp-json\/wp\/v2\/product_brand?post=17712"},{"taxonomy":"product_cat","embeddable":true,"href":"https:\/\/myspainfood.com\/hu\/wp-json\/wp\/v2\/product_cat?post=17712"},{"taxonomy":"product_tag","embeddable":true,"href":"https:\/\/myspainfood.com\/hu\/wp-json\/wp\/v2\/product_tag?post=17712"}],"curies":[{"name":"wp","href":"https:\/\/api.w.org\/{rel}","templated":true}]}}