{"id":17942,"date":"2025-04-10T12:14:40","date_gmt":"2025-04-10T10:14:40","guid":{"rendered":"https:\/\/myspainfood.com\/producto\/almejon-tengeri-mandula-termeszetes-estela-do-mar-111-gr\/"},"modified":"2026-01-20T13:36:35","modified_gmt":"2026-01-20T12:36:35","slug":"almejon-tengeri-mandula-termeszetes-estela-do-mar-111-gr","status":"publish","type":"product","link":"https:\/\/myspainfood.com\/hu\/producto\/almejon-tengeri-mandula-termeszetes-estela-do-mar-111-gr\/","title":{"rendered":"Almej\u00f3n (tengeri mandula) term\u00e9szetes Estela do Mar 111 gr"},"content":{"rendered":"<p>Fedezze fel az <strong>Estela do Mar Natural Almej\u00f3nnal<\/strong> az autentikus tengeri \u00edzeket. Ez a 111 grammos tengeri mandulakonzerv a legjobb kagyl\u00f3k minden frissess\u00e9g\u00e9t \u00e9s tisztas\u00e1g\u00e1t mag\u00e1ba foglalja, adal\u00e9kanyagok \u00e9s tart\u00f3s\u00edt\u00f3szerek n\u00e9lk\u00fcl. T\u00f6k\u00e9letes azok sz\u00e1m\u00e1ra, akik term\u00e9szetes \u00e9s kiv\u00e1l\u00f3 min\u0151s\u00e9g\u0171 tenger gy\u00fcm\u00f6lcseire v\u00e1gynak, ez a kagyl\u00f3 ide\u00e1lis \u00f6nmag\u00e1ban vagy kedvenc receptjeiben, l\u00e1gy text\u00far\u00e1t \u00e9s intenz\u00edv \u00edzt biztos\u00edt.  <\/p>\n<p>A feh\u00e9rj\u00e9ben, omega-3 zs\u00edrsavakban \u00e9s alapvet\u0151 \u00e1sv\u00e1nyi anyagokban gazdag <strong>Estela do Mar term\u00e9szetes kagyl\u00f3<\/strong> t\u00e1pl\u00e1l\u00f3 v\u00e1laszt\u00e1s b\u00e1rmilyen \u00e9trendhez. Adjon \u00ednyenc \u00e9s eg\u00e9szs\u00e9ges \u00edzt \u00e9teleinek, \u00e9s fedezzen fel tov\u00e1bbi lehet\u0151s\u00e9geket <a target=\"_new\" rel=\"noopener\">tenger gy\u00fcm\u00f6lcsei r\u00e9szleg\u00fcnkben<\/a>, vagy t\u00e1j\u00e9koz\u00f3djon a friss tenger gy\u00fcm\u00f6lcseinek el\u0151nyeir\u0151l olyan referenciaoldalakon, mint p\u00e9ld\u00e1ul <a href=\"https:\/\/www.fen.org.es\" target=\"_new\" rel=\"noopener noreferrer nofollow\" target=\"_blank\">a Spanyol T\u00e1pl\u00e1lkoz\u00e1si Alap\u00edtv\u00e1ny<\/a>. <\/p>\n<p>Adjon Estela do Mar kagyl\u00f3t az \u00e9teleihez, \u00e9s \u00e9lvezze az \u00ednyencek \u00edz\u00e9t!<\/p>\n<p><span class=\"BxUVEf ILfuVd\" lang=\"es\"><span class=\"hgKElc\"> <\/span><\/span><\/p>\n","protected":false},"excerpt":{"rendered":"<p>Fedezze fel az Estela do Mar Natural Almej\u00f3nnal az autentikus tengeri \u00edzeket. Ez a 111 grammos tengeri mandulakonzerv a legjobb kagyl\u00f3k minden frissess\u00e9g\u00e9t \u00e9s tisztas\u00e1g\u00e1t mag\u00e1ba foglalja, adal\u00e9kanyagok \u00e9s tart\u00f3s\u00edt\u00f3szerek n\u00e9lk\u00fcl. T\u00f6k\u00e9letes azok sz\u00e1m\u00e1ra, akik term\u00e9szetes \u00e9s kiv\u00e1l\u00f3 min\u0151s\u00e9g\u0171 tenger gy\u00fcm\u00f6lcseire v\u00e1gynak, ez a kagyl\u00f3 ide\u00e1lis \u00f6nmag\u00e1ban vagy kedvenc receptjeiben, l\u00e1gy text\u00far\u00e1t \u00e9s intenz\u00edv \u00edzt [&hellip;]<\/p>\n","protected":false},"featured_media":14950,"template":"","meta":{"_et_pb_use_builder":"","_et_pb_old_content":"","_et_gb_content_width":""},"product_brand":[1469],"product_cat":[1956,1955],"product_tag":[],"class_list":{"0":"post-17942","1":"product","2":"type-product","3":"status-publish","4":"has-post-thumbnail","6":"product_brand-estela-do-mar","7":"product_cat-kagylo","8":"product_cat-megorzi-a","10":"first","11":"outofstock","12":"taxable","13":"shipping-taxable","14":"product-type-variable"},"_links":{"self":[{"href":"https:\/\/myspainfood.com\/hu\/wp-json\/wp\/v2\/product\/17942","targetHints":{"allow":["GET"]}}],"collection":[{"href":"https:\/\/myspainfood.com\/hu\/wp-json\/wp\/v2\/product"}],"about":[{"href":"https:\/\/myspainfood.com\/hu\/wp-json\/wp\/v2\/types\/product"}],"wp:featuredmedia":[{"embeddable":true,"href":"https:\/\/myspainfood.com\/hu\/wp-json\/wp\/v2\/media\/14950"}],"wp:attachment":[{"href":"https:\/\/myspainfood.com\/hu\/wp-json\/wp\/v2\/media?parent=17942"}],"wp:term":[{"taxonomy":"product_brand","embeddable":true,"href":"https:\/\/myspainfood.com\/hu\/wp-json\/wp\/v2\/product_brand?post=17942"},{"taxonomy":"product_cat","embeddable":true,"href":"https:\/\/myspainfood.com\/hu\/wp-json\/wp\/v2\/product_cat?post=17942"},{"taxonomy":"product_tag","embeddable":true,"href":"https:\/\/myspainfood.com\/hu\/wp-json\/wp\/v2\/product_tag?post=17942"}],"curies":[{"name":"wp","href":"https:\/\/api.w.org\/{rel}","templated":true}]}}