{"id":18014,"date":"2025-04-10T12:05:44","date_gmt":"2025-04-10T10:05:44","guid":{"rendered":"https:\/\/myspainfood.com\/producto\/uborka-toltott-kamilla-3-8kg-kimbitos\/"},"modified":"2025-08-27T18:21:45","modified_gmt":"2025-08-27T16:21:45","slug":"uborka-toltott-kamilla-3-8kg-kimbitos","status":"publish","type":"product","link":"https:\/\/myspainfood.com\/hu\/producto\/uborka-toltott-kamilla-3-8kg-kimbitos\/","title":{"rendered":"Uborka t\u00f6lt\u00f6tt kamilla 3.8kg Kimbitos"},"content":{"rendered":"<p>Manzanilla t\u00f6lt\u00f6tt uborka 3,8kg A Kimbitos egy olyan snack, amelyben a hagyom\u00e1nyos <a href=\"https:\/\/www.laencajera.es\/encurtidos-de-almagro\" target=\"_blank\" rel=\"noopener noreferrer nofollow\">manzanilla<\/a> olajbogy\u00f3t ubork\u00e1val t\u00f6ltve tal\u00e1ljuk.<\/p>\n<p>Ide\u00e1lis k\u00eds\u00e9r\u0151je a hagyom\u00e1nyos \u00e9teleknek.<\/p>\n<p>Kimbitos n\u00e9ven ismerj\u00fck Spanyolorsz\u00e1g egyes r\u00e9szein a kimagozott manzanilla olajbogy\u00f3t, savany\u00fa ubork\u00e1val.<\/p>\n<p>K\u00e9zzel k\u00e9sz\u00edtett\u00e9k, hogy ez az egyes\u00fcl\u00e9s l\u00e9trej\u00f6jj\u00f6n.<\/p>\n<h3>Az ubork\u00e1val t\u00f6lt\u00f6tt kamilla 3,8kg Kimbitos el\u0151nyei<\/h3>\n<p>Ismerte az olajbogy\u00f3 t\u00f6bbsz\u00f6r\u00f6s el\u0151nyeit? Rendk\u00edv\u00fcl hat\u00e9kony a sz\u00edv- \u00e9s kering\u00e9si betegs\u00e9gek megel\u0151z\u00e9s\u00e9ben. <\/p>\n<p>Ez a magas tel\u00edtetlen zs\u00edrtartalm\u00e1nak k\u00f6sz\u00f6nhet\u0151. Ezenk\u00edv\u00fcl sok vasat \u00e9s rostot tartalmaz, \u00e9s rendk\u00edv\u00fcl laktat\u00f3, \u00edgy t\u00f6k\u00e9letes nassolnival\u00f3. <\/p>\n<p>Ha ol\u00edvabogy\u00f3t vagy b\u00e1rmilyen m\u00e1s t\u00edpus\u00fa <a href=\"https:\/\/latiendadesami.com\/categoria-producto\/encurtidos\/\" rel=\"noopener noreferrer nofollow\" target=\"_blank\">savany\u00fas\u00e1got<\/a> szeretne v\u00e1s\u00e1rolni, ne habozzon, n\u00e9zze meg online katal\u00f3gusunkat, hogy megn\u00e9zze <a href=\"https:\/\/latiendadesami.com\/categoria-producto\/encurtidos\/aceitunas\/\" target=\"_blank\" rel=\"noopener noreferrer nofollow\">ol\u00edvabogy\u00f3ink<\/a> sz\u00e9les v\u00e1laszt\u00e9k\u00e1t.<\/p>\n<p>Sz\u00e1rmaz\u00e1si hely: Castilla la Mancha.<\/p>\n<p>\u00d6sszetev\u0151k: Savany\u00fas\u00e1g (E-330), tart\u00f3s\u00edt\u00f3szerek (E211, E-202, E-260), \u00edzfokoz\u00f3 (E-621, E-631, E-627), antioxid\u00e1nsok (E-300) \u00e9s term\u00e9szetes arom\u00e1k. Nyomokban szulfitokat tartalmazhat. <\/p>\n<h3>T\u00e1pl\u00e1lkoz\u00e1si inform\u00e1ci\u00f3k<\/h3>\n<p>Energia\u00e9rt\u00e9k 132 kcal\/ 553 kj Zs\u00edr 13,4 g ebb\u0151l tel\u00edtett 1,7 g Sz\u00e9nhidr\u00e1t 0,8 g ebb\u0151l cukor 0,09 g \u00c9lelmi rost 0,5 g Feh\u00e9rje 2,6 g S\u00f3 2,0 g<\/p>\n","protected":false},"excerpt":{"rendered":"<p>Manzanilla t\u00f6lt\u00f6tt uborka 3,8kg A Kimbitos egy olyan snack, amelyben a hagyom\u00e1nyos manzanilla olajbogy\u00f3t ubork\u00e1val t\u00f6ltve tal\u00e1ljuk. Ide\u00e1lis k\u00eds\u00e9r\u0151je a hagyom\u00e1nyos \u00e9teleknek. Kimbitos n\u00e9ven ismerj\u00fck Spanyolorsz\u00e1g egyes r\u00e9szein a kimagozott manzanilla olajbogy\u00f3t, savany\u00fa ubork\u00e1val. K\u00e9zzel k\u00e9sz\u00edtett\u00e9k, hogy ez az egyes\u00fcl\u00e9s l\u00e9trej\u00f6jj\u00f6n. Az ubork\u00e1val t\u00f6lt\u00f6tt kamilla 3,8kg Kimbitos el\u0151nyei Ismerte az olajbogy\u00f3 t\u00f6bbsz\u00f6r\u00f6s el\u0151nyeit? Rendk\u00edv\u00fcl hat\u00e9kony [&hellip;]<\/p>\n","protected":false},"featured_media":7741,"template":"","meta":{"_et_pb_use_builder":"","_et_pb_old_content":"","_et_gb_content_width":""},"product_brand":[],"product_cat":[1569,1568,2001],"product_tag":[1672],"class_list":{"0":"post-18014","1":"product","2":"type-product","3":"status-publish","4":"has-post-thumbnail","6":"product_cat-olajbogyo","7":"product_cat-savanyusagok","8":"product_cat-uborka","9":"product_tag-kimbo-hu","11":"first","12":"instock","13":"taxable","14":"shipping-taxable","15":"purchasable","16":"product-type-simple"},"_links":{"self":[{"href":"https:\/\/myspainfood.com\/hu\/wp-json\/wp\/v2\/product\/18014","targetHints":{"allow":["GET"]}}],"collection":[{"href":"https:\/\/myspainfood.com\/hu\/wp-json\/wp\/v2\/product"}],"about":[{"href":"https:\/\/myspainfood.com\/hu\/wp-json\/wp\/v2\/types\/product"}],"wp:featuredmedia":[{"embeddable":true,"href":"https:\/\/myspainfood.com\/hu\/wp-json\/wp\/v2\/media\/7741"}],"wp:attachment":[{"href":"https:\/\/myspainfood.com\/hu\/wp-json\/wp\/v2\/media?parent=18014"}],"wp:term":[{"taxonomy":"product_brand","embeddable":true,"href":"https:\/\/myspainfood.com\/hu\/wp-json\/wp\/v2\/product_brand?post=18014"},{"taxonomy":"product_cat","embeddable":true,"href":"https:\/\/myspainfood.com\/hu\/wp-json\/wp\/v2\/product_cat?post=18014"},{"taxonomy":"product_tag","embeddable":true,"href":"https:\/\/myspainfood.com\/hu\/wp-json\/wp\/v2\/product_tag?post=18014"}],"curies":[{"name":"wp","href":"https:\/\/api.w.org\/{rel}","templated":true}]}}